{"id":47,"date":"2025-06-16T08:47:48","date_gmt":"2025-06-16T11:47:48","guid":{"rendered":"https:\/\/arribaair.com\/?page_id=47"},"modified":"2025-09-18T22:13:04","modified_gmt":"2025-09-19T01:13:04","slug":"terms-of-service","status":"publish","type":"page","link":"https:\/\/arribaair.com\/pt\/terms-of-service\/","title":{"rendered":"Termos de Servi\u00e7o"},"content":{"rendered":"<div data-elementor-type=\"wp-page\" data-elementor-id=\"47\" class=\"elementor elementor-47\" data-elementor-post-type=\"page\">\n\t\t\t\t<div class=\"elementor-element elementor-element-d356111 e-flex e-con-boxed e-con e-parent\" data-id=\"d356111\" data-element_type=\"container\" data-settings=\"{&quot;background_background&quot;:&quot;classic&quot;,&quot;background_motion_fx_motion_fx_scrolling&quot;:&quot;yes&quot;,&quot;background_motion_fx_scale_effect&quot;:&quot;yes&quot;,&quot;background_motion_fx_scale_direction&quot;:&quot;out-in&quot;,&quot;background_motion_fx_scale_speed&quot;:{&quot;unit&quot;:&quot;px&quot;,&quot;size&quot;:4,&quot;sizes&quot;:[]},&quot;background_motion_fx_scale_range&quot;:{&quot;unit&quot;:&quot;%&quot;,&quot;size&quot;:&quot;&quot;,&quot;sizes&quot;:{&quot;start&quot;:20,&quot;end&quot;:80}},&quot;background_motion_fx_devices&quot;:[&quot;widescreen&quot;,&quot;desktop&quot;,&quot;laptop&quot;,&quot;tablet_extra&quot;,&quot;tablet&quot;,&quot;mobile_extra&quot;,&quot;mobile&quot;]}\">\n\t\t\t\t\t<div class=\"e-con-inner\">\n\t\t\t\t<div class=\"elementor-element elementor-element-b83d0e0 elementor-align-center elementor-widget elementor-widget-breadcrumbs\" data-id=\"b83d0e0\" data-element_type=\"widget\" data-widget_type=\"breadcrumbs.default\">\n\t\t\t\t\t<nav id=\"breadcrumbs\"><span><span><a href=\"https:\/\/arribaair.com\/pt\/\">Home<\/a><\/span><\/span><\/nav>\t\t\t\t<\/div>\n\t\t\t\t\t<\/div>\n\t\t\t\t<\/div>\n\t\t<div class=\"elementor-element elementor-element-591d4e4 e-flex e-con-boxed e-con e-parent\" data-id=\"591d4e4\" data-element_type=\"container\">\n\t\t\t\t\t<div class=\"e-con-inner\">\n\t\t\t\t<div class=\"elementor-element elementor-element-ad05422 elementor-widget elementor-widget-heading\" data-id=\"ad05422\" data-element_type=\"widget\" data-widget_type=\"heading.default\">\n\t\t\t\t\t<h2 class=\"elementor-heading-title elementor-size-default\">Termos de Servi\u00e7o<\/h2>\t\t\t\t<\/div>\n\t\t\t\t<div class=\"elementor-element elementor-element-e7f558e elementor-widget elementor-widget-heading\" data-id=\"e7f558e\" data-element_type=\"widget\" data-widget_type=\"heading.default\">\n\t\t\t\t\t<h3 class=\"elementor-heading-title elementor-size-default\">1. Termos<\/h3>\t\t\t\t<\/div>\n\t\t\t\t<div class=\"elementor-element elementor-element-9d9dcc8 elementor-widget elementor-widget-text-editor\" data-id=\"9d9dcc8\" data-element_type=\"widget\" data-widget_type=\"text-editor.default\">\n\t\t\t\t\t\t\t\t\t<p>Ao acessar o site <a href=\"https:\/\/arribaair.com\/pt\/\">Arribar Ar \u2014 Jato Particular do Especialista<\/a> voc\u00ea concorda em ficar vinculado por estes termos de servi\u00e7o, todas as leis e regulamentos aplic\u00e1veis, e concorda que voc\u00ea \u00e9 respons\u00e1vel por conformidade com quaisquer leis locais aplic\u00e1veis. Se voc\u00ea n\u00e3o concorda com qualquer um destes termos, voc\u00ea est\u00e1 proibido de usar ou acessar este site. Os materiais contidos neste website est\u00e3o protegidos por leis de direitos autorais e direito de marca.<\/p>\t\t\t\t\t\t\t\t<\/div>\n\t\t\t\t<div class=\"elementor-element elementor-element-11cf92c elementor-widget elementor-widget-heading\" data-id=\"11cf92c\" data-element_type=\"widget\" data-widget_type=\"heading.default\">\n\t\t\t\t\t<h3 class=\"elementor-heading-title elementor-size-default\">2. Licen\u00e7a De Uso<\/h3>\t\t\t\t<\/div>\n\t\t\t\t<div class=\"elementor-element elementor-element-1c24d30 elementor-widget elementor-widget-text-editor\" data-id=\"1c24d30\" data-element_type=\"widget\" data-widget_type=\"text-editor.default\">\n\t\t\t\t\t\t\t\t\t<p>A permiss\u00e3o \u00e9 concedida para descarregar temporariamente uma c\u00f3pia dos materiais (informa\u00e7\u00e3o ou software) no Arribar Ar \u2014 Jato Particular do Especialista do site para fins pessoais e n\u00e3o-comerciais de exibi\u00e7\u00e3o apenas transit\u00f3ria. Esta \u00e9 a concess\u00e3o de uma licen\u00e7a, n\u00e3o uma transfer\u00eancia de t\u00edtulo, e sob esta licen\u00e7a voc\u00ea n\u00e3o poder\u00e1:<\/p><p>\u2013 modificar ou copiar os materiais;<br \/>\u2013 utilizar os materiais para qualquer fim comercial, ou para qualquer exposi\u00e7\u00e3o p\u00fablica (comercial ou n\u00e3o-comercial);<br \/>\u2013 tentar descompilar ou fazer engenharia reversa de qualquer software contido no Arribar Ar \u2014 Jato Privado Especialista do site;<br \/>\u2013 remover quaisquer direitos autorais ou outras nota\u00e7\u00f5es propriet\u00e1rias dos materiais, ou<br \/>\u2013 transferir os materiais para outra pessoa ou \"espelho\" dos materiais em qualquer outro servidor.<\/p><p>Esta licen\u00e7a terminar\u00e1 automaticamente se voc\u00ea violar qualquer dessas restri\u00e7\u00f5es e pode ser denunciado por Arribar Ar \u2014 Jato Particular Especialista em qualquer momento. Ap\u00f3s encerrar a sua visualiza\u00e7\u00e3o destes materiais ou ap\u00f3s o t\u00e9rmino desta licen\u00e7a, voc\u00ea dever\u00e1 destruir qualquer material reproduzido em sua posse seja em formato eletr\u00f4nico ou impresso.<\/p>\t\t\t\t\t\t\t\t<\/div>\n\t\t\t\t<div class=\"elementor-element elementor-element-d736c19 elementor-widget elementor-widget-heading\" data-id=\"d736c19\" data-element_type=\"widget\" data-widget_type=\"heading.default\">\n\t\t\t\t\t<h3 class=\"elementor-heading-title elementor-size-default\">3. Isen\u00e7\u00e3o de responsabilidade\n<\/h3>\t\t\t\t<\/div>\n\t\t\t\t<div class=\"elementor-element elementor-element-5e0b89e elementor-widget elementor-widget-text-editor\" data-id=\"5e0b89e\" data-element_type=\"widget\" data-widget_type=\"text-editor.default\">\n\t\t\t\t\t\t\t\t\t<p>Os materiais Arribar Ar \u2014 Jato Particular do Especialista do site s\u00e3o fornecidos no \"como \u00e9\" a base. Arribar Ar \u2014 Jato Particular do Especialista n\u00e3o faz garantias, expressas ou impl\u00edcitas, e renuncia e nega todas as outras garantias, incluindo, sem limita\u00e7\u00e3o, garantias impl\u00edcitas ou condi\u00e7\u00f5es de comercializa\u00e7\u00e3o, adequa\u00e7\u00e3o para um prop\u00f3sito particular, ou n\u00e3o viola\u00e7\u00e3o da propriedade intelectual ou outra viola\u00e7\u00e3o de direitos.<\/p><p>Al\u00e9m disso, Arribar Ar \u2014 Jato Particular do Especialista n\u00e3o garante ou faz qualquer representa\u00e7\u00e3o relativa \u00e0 precis\u00e3o, os resultados provavelmente, ou confiabilidade do uso dos materiais em seu site ou relativas a essas mat\u00e9rias ou em sites ligados a este site.<\/p>\t\t\t\t\t\t\t\t<\/div>\n\t\t\t\t<div class=\"elementor-element elementor-element-2fcf1c9 elementor-widget elementor-widget-heading\" data-id=\"2fcf1c9\" data-element_type=\"widget\" data-widget_type=\"heading.default\">\n\t\t\t\t\t<h3 class=\"elementor-heading-title elementor-size-default\">4. Limita\u00e7\u00f5es\n<\/h3>\t\t\t\t<\/div>\n\t\t\t\t<div class=\"elementor-element elementor-element-14ff958 elementor-widget elementor-widget-text-editor\" data-id=\"14ff958\" data-element_type=\"widget\" data-widget_type=\"text-editor.default\">\n\t\t\t\t\t\t\t\t\t<p>Em nenhum evento deve a Arribar Ar \u2014 Jato Privado de Especialista ou seus fornecedores ser\u00e3o respons\u00e1veis por quaisquer danos (incluindo, sem limita\u00e7\u00e3o, danos por perda de dados ou lucros, ou devido \u00e0 interrup\u00e7\u00e3o de neg\u00f3cios) decorrentes do uso ou da incapacidade de usar os materiais em Arribar Ar \u2014 Jato Particular do Especialista do site, mesmo se Arribar Ar \u2014 Jato Privado de Especialista ou um Arribar Ar \u2014 Jato Privado Especialista representante autorizado foi notificado verbalmente ou por escrito, sobre a possibilidade de tais danos. Porque algumas jurisdi\u00e7\u00f5es n\u00e3o permitem limita\u00e7\u00f5es sobre garantias impl\u00edcitas ou limita\u00e7\u00f5es de responsabilidade por danos conseq\u00fcentes ou incidentais, as limita\u00e7\u00f5es podem n\u00e3o se aplicar a voc\u00ea.<\/p>\t\t\t\t\t\t\t\t<\/div>\n\t\t\t\t<div class=\"elementor-element elementor-element-7562523 elementor-widget elementor-widget-heading\" data-id=\"7562523\" data-element_type=\"widget\" data-widget_type=\"heading.default\">\n\t\t\t\t\t<h3 class=\"elementor-heading-title elementor-size-default\">5. A exatid\u00e3o dos materiais\n<\/h3>\t\t\t\t<\/div>\n\t\t\t\t<div class=\"elementor-element elementor-element-dfafb3b elementor-widget elementor-widget-text-editor\" data-id=\"dfafb3b\" data-element_type=\"widget\" data-widget_type=\"text-editor.default\">\n\t\t\t\t\t\t\t\t\t<p>Os materiais que aparecem no Arribar Ar \u2014 Jato Particular do Especialista do site pode conter imprecis\u00f5es, erros tipogr\u00e1ficos ou fotogr\u00e1ficos. Arribar Ar \u2014 Jato Particular do Especialista n\u00e3o garante que qualquer um dos materiais em seu site s\u00e3o precisas, completas ou atuais. Arribar Ar \u2014 Jato Privado Especialista pode fazer altera\u00e7\u00f5es nos materiais contidos em seu site a qualquer momento, sem aviso pr\u00e9vio. No entanto Arribar Ar \u2014 Jato Particular do Especialista em n\u00e3o fazer qualquer compromisso para actualizar os materiais.<\/p>\t\t\t\t\t\t\t\t<\/div>\n\t\t\t\t<div class=\"elementor-element elementor-element-c27b6c8 elementor-widget elementor-widget-heading\" data-id=\"c27b6c8\" data-element_type=\"widget\" data-widget_type=\"heading.default\">\n\t\t\t\t\t<h3 class=\"elementor-heading-title elementor-size-default\">6. Links\n<\/h3>\t\t\t\t<\/div>\n\t\t\t\t<div class=\"elementor-element elementor-element-fb142d3 elementor-widget elementor-widget-text-editor\" data-id=\"fb142d3\" data-element_type=\"widget\" data-widget_type=\"text-editor.default\">\n\t\t\t\t\t\t\t\t\tArribar Ar \u2014 Jato Particular do Especialista n\u00e3o reviu todos os sites ligados ao seu site e n\u00e3o \u00e9 respons\u00e1vel pelo conte\u00fado de qualquer site vinculado. A inclus\u00e3o de qualquer link n\u00e3o implica o endosso pelo Arribar Ar \u2014 Jato Particular do Especialista do site. O uso de qualquer site vinculado \u00e9 o pr\u00f3prio risco do usu\u00e1rio.\t\t\t\t\t\t\t\t<\/div>\n\t\t\t\t<div class=\"elementor-element elementor-element-fd790a7 elementor-widget elementor-widget-heading\" data-id=\"fd790a7\" data-element_type=\"widget\" data-widget_type=\"heading.default\">\n\t\t\t\t\t<h3 class=\"elementor-heading-title elementor-size-default\">7. Modifica\u00e7\u00f5es\n<\/h3>\t\t\t\t<\/div>\n\t\t\t\t<div class=\"elementor-element elementor-element-d2f022b elementor-widget elementor-widget-text-editor\" data-id=\"d2f022b\" data-element_type=\"widget\" data-widget_type=\"text-editor.default\">\n\t\t\t\t\t\t\t\t\tArribar Ar \u2014 Jato Privado Especialista poder\u00e1 rever estes termos de servi\u00e7o para o seu website a qualquer momento sem aviso pr\u00e9vio. Ao utilizar este site voc\u00ea est\u00e1 concordando em se comprometer com a vers\u00e3o atual destes termos de servi\u00e7o.\n\n\t\t\t\t\t\t\t\t<\/div>\n\t\t\t\t<div class=\"elementor-element elementor-element-410609d elementor-widget elementor-widget-heading\" data-id=\"410609d\" data-element_type=\"widget\" data-widget_type=\"heading.default\">\n\t\t\t\t\t<h3 class=\"elementor-heading-title elementor-size-default\">8. Legisla\u00e7\u00e3o Aplic\u00e1vel<\/h3>\t\t\t\t<\/div>\n\t\t\t\t<div class=\"elementor-element elementor-element-32d37b5 elementor-widget elementor-widget-text-editor\" data-id=\"32d37b5\" data-element_type=\"widget\" data-widget_type=\"text-editor.default\">\n\t\t\t\t\t\t\t\t\tEstes termos e condi\u00e7\u00f5es s\u00e3o regidos e interpretados de acordo com as leis de Arribar Ar \u2014 Jato Particular de Peritos e voc\u00ea submete-se irrevogavelmente \u00e0 jurisdi\u00e7\u00e3o exclusiva dos tribunais em que Estado ou cidade.\n\n\t\t\t\t\t\t\t\t<\/div>\n\t\t\t\t\t<\/div>\n\t\t\t\t<\/div>\n\t\t\t\t<\/div>","protected":false},"excerpt":{"rendered":"<p>Read Arribar Air&#8217;s Terms of Service. Learn about the rules, licenses, limitations, and conditions governing the use of our private jet charter website.<\/p>","protected":false},"author":1,"featured_media":238,"parent":0,"menu_order":0,"comment_status":"closed","ping_status":"closed","template":"","meta":{"_joinchat":[],"footnotes":""},"class_list":["post-47","page","type-page","status-publish","has-post-thumbnail","hentry"],"yoast_head":"<!-- This site is optimized with the Yoast SEO plugin v26.5 - https:\/\/yoast.com\/wordpress\/plugins\/seo\/ -->\n<title>Terms of Service | Arriba Air<\/title>\n<meta name=\"description\" content=\"Read Arribar Air&#039;s Terms of Service. Learn about the rules, licenses, limitations, and conditions governing the use of our private jet charter website.\" \/>\n<meta name=\"robots\" content=\"index, follow, max-snippet:-1, max-image-preview:large, max-video-preview:-1\" \/>\n<link rel=\"canonical\" href=\"https:\/\/arribaair.com\/pt\/terms-of-service\/\" \/>\n<meta property=\"og:locale\" content=\"pt_BR\" \/>\n<meta property=\"og:type\" content=\"article\" \/>\n<meta property=\"og:title\" content=\"Terms of Service | Arriba Air\" \/>\n<meta property=\"og:description\" content=\"Read Arribar Air&#039;s Terms of Service. Learn about the rules, licenses, limitations, and conditions governing the use of our private jet charter website.\" \/>\n<meta property=\"og:url\" content=\"https:\/\/arribaair.com\/pt\/terms-of-service\/\" \/>\n<meta property=\"og:site_name\" content=\"Arriba Air\" \/>\n<meta property=\"article:modified_time\" content=\"2025-09-19T01:13:04+00:00\" \/>\n<meta property=\"og:image\" content=\"https:\/\/arribaair.com\/wp-content\/uploads\/2025\/08\/favicon-arriba-air.png\" \/>\n\t<meta property=\"og:image:width\" content=\"512\" \/>\n\t<meta property=\"og:image:height\" content=\"512\" \/>\n\t<meta property=\"og:image:type\" content=\"image\/png\" \/>\n<meta name=\"twitter:card\" content=\"summary_large_image\" \/>\n<meta name=\"twitter:label1\" content=\"Est. tempo de leitura\" \/>\n\t<meta name=\"twitter:data1\" content=\"4 minutos\" \/>\n<script type=\"application\/ld+json\" class=\"yoast-schema-graph\">{\"@context\":\"https:\/\/schema.org\",\"@graph\":[{\"@type\":\"WebPage\",\"@id\":\"https:\/\/arribaair.com\/terms-of-service\/\",\"url\":\"https:\/\/arribaair.com\/terms-of-service\/\",\"name\":\"Terms of Service | Arriba Air\",\"isPartOf\":{\"@id\":\"https:\/\/arribaair.com\/#website\"},\"primaryImageOfPage\":{\"@id\":\"https:\/\/arribaair.com\/terms-of-service\/#primaryimage\"},\"image\":{\"@id\":\"https:\/\/arribaair.com\/terms-of-service\/#primaryimage\"},\"thumbnailUrl\":\"https:\/\/arribaair.com\/wp-content\/uploads\/2025\/08\/favicon-arriba-air.png\",\"datePublished\":\"2025-06-16T11:47:48+00:00\",\"dateModified\":\"2025-09-19T01:13:04+00:00\",\"description\":\"Read Arribar Air's Terms of Service. Learn about the rules, licenses, limitations, and conditions governing the use of our private jet charter website.\",\"breadcrumb\":{\"@id\":\"https:\/\/arribaair.com\/terms-of-service\/#breadcrumb\"},\"inLanguage\":\"pt-BR\",\"potentialAction\":[{\"@type\":\"ReadAction\",\"target\":[\"https:\/\/arribaair.com\/terms-of-service\/\"]}]},{\"@type\":\"ImageObject\",\"inLanguage\":\"pt-BR\",\"@id\":\"https:\/\/arribaair.com\/terms-of-service\/#primaryimage\",\"url\":\"https:\/\/arribaair.com\/wp-content\/uploads\/2025\/08\/favicon-arriba-air.png\",\"contentUrl\":\"https:\/\/arribaair.com\/wp-content\/uploads\/2025\/08\/favicon-arriba-air.png\",\"width\":512,\"height\":512},{\"@type\":\"BreadcrumbList\",\"@id\":\"https:\/\/arribaair.com\/terms-of-service\/#breadcrumb\",\"itemListElement\":[{\"@type\":\"ListItem\",\"position\":1,\"name\":\"Home\",\"item\":\"https:\/\/arribaair.com\/\"},{\"@type\":\"ListItem\",\"position\":2,\"name\":\"Terms of Service\"}]},{\"@type\":\"WebSite\",\"@id\":\"https:\/\/arribaair.com\/#website\",\"url\":\"https:\/\/arribaair.com\/\",\"name\":\"Arriba Air\",\"description\":\"Private Jet Expert\",\"publisher\":{\"@id\":\"https:\/\/arribaair.com\/#organization\"},\"potentialAction\":[{\"@type\":\"SearchAction\",\"target\":{\"@type\":\"EntryPoint\",\"urlTemplate\":\"https:\/\/arribaair.com\/?s={search_term_string}\"},\"query-input\":{\"@type\":\"PropertyValueSpecification\",\"valueRequired\":true,\"valueName\":\"search_term_string\"}}],\"inLanguage\":\"pt-BR\"},{\"@type\":\"Organization\",\"@id\":\"https:\/\/arribaair.com\/#organization\",\"name\":\"Arriba Air\",\"url\":\"https:\/\/arribaair.com\/\",\"logo\":{\"@type\":\"ImageObject\",\"inLanguage\":\"pt-BR\",\"@id\":\"https:\/\/arribaair.com\/#\/schema\/logo\/image\/\",\"url\":\"https:\/\/arribaair.com\/wp-content\/uploads\/2025\/08\/logo-arriba-air.png\",\"contentUrl\":\"https:\/\/arribaair.com\/wp-content\/uploads\/2025\/08\/logo-arriba-air.png\",\"width\":1279,\"height\":327,\"caption\":\"Arriba Air\"},\"image\":{\"@id\":\"https:\/\/arribaair.com\/#\/schema\/logo\/image\/\"}}]}<\/script>\n<!-- \/ Yoast SEO plugin. -->","yoast_head_json":{"title":"Terms of Service | Arriba Air","description":"Read Arribar Air's Terms of Service. Learn about the rules, licenses, limitations, and conditions governing the use of our private jet charter website.","robots":{"index":"index","follow":"follow","max-snippet":"max-snippet:-1","max-image-preview":"max-image-preview:large","max-video-preview":"max-video-preview:-1"},"canonical":"https:\/\/arribaair.com\/pt\/terms-of-service\/","og_locale":"pt_BR","og_type":"article","og_title":"Terms of Service | Arriba Air","og_description":"Read Arribar Air's Terms of Service. Learn about the rules, licenses, limitations, and conditions governing the use of our private jet charter website.","og_url":"https:\/\/arribaair.com\/pt\/terms-of-service\/","og_site_name":"Arriba Air","article_modified_time":"2025-09-19T01:13:04+00:00","og_image":[{"width":512,"height":512,"url":"https:\/\/arribaair.com\/wp-content\/uploads\/2025\/08\/favicon-arriba-air.png","type":"image\/png"}],"twitter_card":"summary_large_image","twitter_misc":{"Est. tempo de leitura":"4 minutos"},"schema":{"@context":"https:\/\/schema.org","@graph":[{"@type":"WebPage","@id":"https:\/\/arribaair.com\/terms-of-service\/","url":"https:\/\/arribaair.com\/terms-of-service\/","name":"Terms of Service | Arriba Air","isPartOf":{"@id":"https:\/\/arribaair.com\/#website"},"primaryImageOfPage":{"@id":"https:\/\/arribaair.com\/terms-of-service\/#primaryimage"},"image":{"@id":"https:\/\/arribaair.com\/terms-of-service\/#primaryimage"},"thumbnailUrl":"https:\/\/arribaair.com\/wp-content\/uploads\/2025\/08\/favicon-arriba-air.png","datePublished":"2025-06-16T11:47:48+00:00","dateModified":"2025-09-19T01:13:04+00:00","description":"Read Arribar Air's Terms of Service. Learn about the rules, licenses, limitations, and conditions governing the use of our private jet charter website.","breadcrumb":{"@id":"https:\/\/arribaair.com\/terms-of-service\/#breadcrumb"},"inLanguage":"pt-BR","potentialAction":[{"@type":"ReadAction","target":["https:\/\/arribaair.com\/terms-of-service\/"]}]},{"@type":"ImageObject","inLanguage":"pt-BR","@id":"https:\/\/arribaair.com\/terms-of-service\/#primaryimage","url":"https:\/\/arribaair.com\/wp-content\/uploads\/2025\/08\/favicon-arriba-air.png","contentUrl":"https:\/\/arribaair.com\/wp-content\/uploads\/2025\/08\/favicon-arriba-air.png","width":512,"height":512},{"@type":"BreadcrumbList","@id":"https:\/\/arribaair.com\/terms-of-service\/#breadcrumb","itemListElement":[{"@type":"ListItem","position":1,"name":"Home","item":"https:\/\/arribaair.com\/"},{"@type":"ListItem","position":2,"name":"Terms of Service"}]},{"@type":"WebSite","@id":"https:\/\/arribaair.com\/#website","url":"https:\/\/arribaair.com\/","name":"Arriba Ar","description":"Private Jet Expert","publisher":{"@id":"https:\/\/arribaair.com\/#organization"},"potentialAction":[{"@type":"SearchAction","target":{"@type":"EntryPoint","urlTemplate":"https:\/\/arribaair.com\/?s={search_term_string}"},"query-input":{"@type":"PropertyValueSpecification","valueRequired":true,"valueName":"search_term_string"}}],"inLanguage":"pt-BR"},{"@type":"Organization","@id":"https:\/\/arribaair.com\/#organization","name":"Arriba Ar","url":"https:\/\/arribaair.com\/","logo":{"@type":"ImageObject","inLanguage":"pt-BR","@id":"https:\/\/arribaair.com\/#\/schema\/logo\/image\/","url":"https:\/\/arribaair.com\/wp-content\/uploads\/2025\/08\/logo-arriba-air.png","contentUrl":"https:\/\/arribaair.com\/wp-content\/uploads\/2025\/08\/logo-arriba-air.png","width":1279,"height":327,"caption":"Arriba Air"},"image":{"@id":"https:\/\/arribaair.com\/#\/schema\/logo\/image\/"}}]}},"_links":{"self":[{"href":"https:\/\/arribaair.com\/pt\/wp-json\/wp\/v2\/pages\/47","targetHints":{"allow":["GET"]}}],"collection":[{"href":"https:\/\/arribaair.com\/pt\/wp-json\/wp\/v2\/pages"}],"about":[{"href":"https:\/\/arribaair.com\/pt\/wp-json\/wp\/v2\/types\/page"}],"author":[{"embeddable":true,"href":"https:\/\/arribaair.com\/pt\/wp-json\/wp\/v2\/users\/1"}],"replies":[{"embeddable":true,"href":"https:\/\/arribaair.com\/pt\/wp-json\/wp\/v2\/comments?post=47"}],"version-history":[{"count":24,"href":"https:\/\/arribaair.com\/pt\/wp-json\/wp\/v2\/pages\/47\/revisions"}],"predecessor-version":[{"id":1105,"href":"https:\/\/arribaair.com\/pt\/wp-json\/wp\/v2\/pages\/47\/revisions\/1105"}],"wp:featuredmedia":[{"embeddable":true,"href":"https:\/\/arribaair.com\/pt\/wp-json\/wp\/v2\/media\/238"}],"wp:attachment":[{"href":"https:\/\/arribaair.com\/pt\/wp-json\/wp\/v2\/media?parent=47"}],"curies":[{"name":"wp","href":"https:\/\/api.w.org\/{rel}","templated":true}]}}