{"id":3,"date":"2025-04-01T13:10:01","date_gmt":"2025-04-01T13:10:01","guid":{"rendered":"https:\/\/arribaair.com\/?page_id=3"},"modified":"2025-09-18T22:13:45","modified_gmt":"2025-09-19T01:13:45","slug":"privacy-policy","status":"publish","type":"page","link":"https:\/\/arribaair.com\/it\/privacy-policy\/","title":{"rendered":"Politica Sulla Privacy"},"content":{"rendered":"<div data-elementor-type=\"wp-page\" data-elementor-id=\"3\" class=\"elementor elementor-3\" data-elementor-post-type=\"page\">\n\t\t\t\t<div class=\"elementor-element elementor-element-57233c2 e-flex e-con-boxed e-con e-parent\" data-id=\"57233c2\" data-element_type=\"container\" data-settings=\"{&quot;background_background&quot;:&quot;classic&quot;,&quot;background_motion_fx_motion_fx_scrolling&quot;:&quot;yes&quot;,&quot;background_motion_fx_scale_effect&quot;:&quot;yes&quot;,&quot;background_motion_fx_scale_direction&quot;:&quot;out-in&quot;,&quot;background_motion_fx_scale_speed&quot;:{&quot;unit&quot;:&quot;px&quot;,&quot;size&quot;:4,&quot;sizes&quot;:[]},&quot;background_motion_fx_scale_range&quot;:{&quot;unit&quot;:&quot;%&quot;,&quot;size&quot;:&quot;&quot;,&quot;sizes&quot;:{&quot;start&quot;:20,&quot;end&quot;:80}},&quot;background_motion_fx_devices&quot;:[&quot;widescreen&quot;,&quot;desktop&quot;,&quot;laptop&quot;,&quot;tablet_extra&quot;,&quot;tablet&quot;,&quot;mobile_extra&quot;,&quot;mobile&quot;]}\">\n\t\t\t\t\t<div class=\"e-con-inner\">\n\t\t\t\t<div class=\"elementor-element elementor-element-8b04dcc elementor-align-center elementor-widget elementor-widget-breadcrumbs\" data-id=\"8b04dcc\" data-element_type=\"widget\" data-widget_type=\"breadcrumbs.default\">\n\t\t\t\t\t<nav id=\"breadcrumbs\"><span><span><a href=\"https:\/\/arribaair.com\/it\/\">Casa<\/a><\/span><\/span><\/nav>\t\t\t\t<\/div>\n\t\t\t\t\t<\/div>\n\t\t\t\t<\/div>\n\t\t<div class=\"elementor-element elementor-element-b21cf15 e-flex e-con-boxed e-con e-parent\" data-id=\"b21cf15\" data-element_type=\"container\">\n\t\t\t\t\t<div class=\"e-con-inner\">\n\t\t\t\t<div class=\"elementor-element elementor-element-4822fb2 elementor-widget elementor-widget-text-editor\" data-id=\"4822fb2\" data-element_type=\"widget\" data-widget_type=\"text-editor.default\">\n\t\t\t\t\t\t\t\t\t<h1>Politica Sulla Privacy<\/h1>\n<p>Ultimo Aggiornamento: 29 Agosto 2025<\/p>\n\n<p>La tua privacy \u00e8 importante per noi. \u00c8 Arriba Aria Jet Privato Esperto di politica per il rispetto della vostra privacy sulle informazioni raccolte attraverso il nostro sito web, <a href=\"https:\/\/arribaair.com\/it\/\">https:\/\/www.arribaair.com\/<\/a>e altri siti che gestiamo.<\/p>\n\n<h2>1. Informazioni Raccogliamo e Come le usiamo<\/h2>\n<p>Chiediamo solo informazioni personali quando si ha veramente bisogno per fornire un servizio. Raccogliamo equo e solidale e i mezzi leciti, con la vostra conoscenza e consenso. Vi permetter\u00e0 anche di sapere perch\u00e9 stiamo raccolta e come verr\u00e0 utilizzato.<\/p>\n\n<h2>2. Conservazione e Protezione dei dati<\/h2>\n<p>Abbiamo solo conservare le informazioni raccolte per tutto il tempo necessario per fornire il servizio richiesto. I dati in nostro negozio, noi proteggere all'interno di mezzi commercialmente accettabili per prevenire la perdita e il furto, nonch\u00e9 da accesso non autorizzato, divulgazione, copia, l'utilizzo o la modifica.<\/p>\n\n<h2>3. La condivisione di Informazioni<\/h2>\n<p>Non condividiamo le informazioni di identificazione personale pubblicamente o con terzi, ad eccezione di quanto richiesto dalla legge.<\/p>\n\n<h2>4. Siti Web Esterni<\/h2>\n<p>Il nostro sito web tramite link a siti esterni che non sono gestiti da noi. Si prega di essere consapevoli del fatto che non abbiamo alcun controllo sul contenuto e le pratiche di questi siti e non si assume alcuna responsabilit\u00e0 o responsabilit\u00e0 per le loro rispettive politiche in materia di privacy.<\/p>\n\n<h2>5. I tuoi Diritti<\/h2>\n<p>Siete liberi di rifiutare la nostra richiesta di informazioni personali, con la consapevolezza che si pu\u00f2 essere in grado di fornire con alcuni dei vostri servizi desiderati.<\/p>\n<p>L'uso continuato del nostro sito web sar\u00e0 considerato come accettazione delle nostre pratiche di privacy e le informazioni personali. Se avete domande su come trattiamo i dati utente e le informazioni personali, non esitate a contattarci.<\/p>\n\n<h2>6. Protezione dei dati e la Conformit\u00e0<\/h2>\n<p>Arriba Aria \u00e8 impegnata a rispettare la protezione globale dei dati e la normativa sulla privacy. Questo include, ma non limitato a:<\/p>\n\n<h3>GDPR (Regolamento Generale sulla Protezione dei Dati dell'Unione Europea)<\/h3>\n<p>Rispettiamo i diritti di UE gli utenti per quanto riguarda il consenso, l'accesso, la correzione, la portabilit\u00e0 e la cancellazione dei propri dati personali.<\/p>\n\n<h3>LGPD (Lei Geral de Prote\u00e7\u00e3o de Dados \u2013 Brasile)<\/h3>\n<p>Seguiamo i principi di trasparenza, la limitazione delle finalit\u00e0, necessit\u00e0, e la responsabilit\u00e0 per il trattamento dei dati personali degli utenti Brasiliani.<\/p>\n\n<h3>CCPA (California Consumatore Legge sulla Privacy \u2013 Stati Uniti)<\/h3>\n<p>Possiamo garantire ai residenti della California hanno il diritto di sapere quali dati vengono raccolti e richiederne la cancellazione, e opt-out di condivisione dei dati.<\/p>\n\n<p>Aderendo a questi quadri, Arriba Aria assicura le vostre informazioni personali sono trattati con i pi\u00f9 alti standard in materia di privacy, trasparenza e sicurezza in tutto il mondo.<\/p>\n\n<h2>7. Cookie Policy<\/h2>\n\n<h3>Che Cosa Sono I Cookies?<\/h3>\n<p>Come \u00e8 pratica comune con quasi tutti i siti web professionali questo sito utilizza cookie, che sono piccoli file che vengono scaricati sul computer, per migliorare la vostra esperienza. Questa pagina descrive quali informazioni raccogliamo, come le utilizziamo, e perch\u00e9 a volte abbiamo bisogno di memorizzare i cookie. Ci sar\u00e0 anche condividere come si possono prevenire questi i cookie vengano memorizzati tuttavia questo pu\u00f2 downgrade o \u2018break\u2019 alcuni elementi della funzionalit\u00e0 dei siti.<\/p>\n\n<h3>Come Utilizziamo I Cookie<\/h3>\n<p>Utilizziamo i cookie per una variet\u00e0 di motivi, di seguito dettagliate. Purtroppo nella maggior parte dei casi non ci sono standard di settore, le opzioni per disabilitare i cookie senza disattivare completamente la funzionalit\u00e0 e le caratteristiche che aggiungere a questo sito. Si consiglia di lasciare su tutti i cookie, se non siete sicuri se \u00e8 necessario o meno nel caso in cui essi sono utilizzati per fornire un servizio che si utilizza.<\/p>\n\n<h3>La Disattivazione Dei Cookie<\/h3>\n<p>\u00c8 possibile impedire l'impostazione dei cookies modificando le impostazioni del browser (vedere il vostro browser di Aiuto per sapere come fare questo). Essere consapevoli del fatto che disattivando i cookies verranno influenzare la funzionalit\u00e0 di questo e di molti altri siti web che visiti. La disabilitazione dei cookie di solito danno anche la disattivazione di alcune funzionalit\u00e0 di questo sito. Pertanto si consiglia di non disabilitare i cookie.<\/p>\n\n<h3>I Cookie Set &amp; Cookie Di Terze Parti<\/h3>\n<p>In alcuni casi abbiamo anche utilizzare i cookie forniti da parti terze di fiducia. La sezione seguente dettagli i cookie di terze parti che si potrebbero incontrare, attraverso questo sito.<\/p>\n\n<h2>8. Responsabilit\u00e0 dell'utilizzatore<\/h2>\n<p>L'utente si impegna a fare un uso adeguato dei contenuti e le informazioni offerti nel sito, enunciative, ma non imitativa, di comportamento:<\/p>\n<p>A) di Non impegnarsi in attivit\u00e0 illegali o contrarie alla buona fede e all'ordine pubblico;<\/p>\n<p>B) di Non diffondere la propaganda o il contenuto di un razzista, xenofobo o il gioco d'azzardo natura, qualsiasi tipo di pornografia illegale di terrorismo, reclami o contro i diritti umani;<\/p>\n<p>C) a non danneggiare i sistemi fisici (hardware) e irraggiungibile (software) di Arribar Aria Jet Privato di Esperti, i suoi fornitori o di terzi, di introdurre o diffondere virus informatici o qualsiasi altro hardware o sistemi software che sono in grado di provocare danni accennato in precedenza.<\/p>\n\n<h2>9. Ulteriori Informazioni<\/h2>\n<p>Speriamo che ha chiarito le cose per voi e come \u00e8 stato detto precedentemente, se c'\u00e8 qualcosa che non si \u00e8 sicuri se \u00e8 necessario o meno \u00e8 di solito pi\u00f9 sicuro di lasciare i cookie abilitati nel caso di non interagire con una delle funzioni che si utilizzano sul nostro sito.<\/p>\n\n<p>Per qualsiasi domanda riguardante la nostra politica di privacy, si prega di contattarci.<\/p>\t\t\t\t\t\t\t\t<\/div>\n\t\t\t\t\t<\/div>\n\t\t\t\t<\/div>\n\t\t\t\t<\/div>","protected":false},"excerpt":{"rendered":"<p>This Privacy Policy page for Arriba Air \u2014 Private Jet Expert outlines the company&#8217;s commitment to user privacy and data security. It details what information is collected, how it is used, stored, and protected. The policy explicitly states the company&#8217;s compliance with major international regulations like GDPR, LGPD, and CCPA. It also includes a comprehensive Cookie Policy explaining the use of cookies on the site and user responsibilities. The document is designed to be transparent, assuring users that their personal data is handled with the utmost care and in accordance with global legal standards.<\/p>","protected":false},"author":1,"featured_media":238,"parent":0,"menu_order":0,"comment_status":"closed","ping_status":"closed","template":"elementor_header_footer","meta":{"_joinchat":[],"footnotes":""},"class_list":["post-3","page","type-page","status-publish","has-post-thumbnail","hentry"],"yoast_head":"<!-- This site is optimized with the Yoast SEO plugin v26.5 - https:\/\/yoast.com\/wordpress\/plugins\/seo\/ -->\n<title>Privacy Policy | Arriba Air - Private Jet Expert<\/title>\n<meta name=\"description\" content=\"Read Arriba Air&#039;s Privacy Policy. Learn how we collect, use, and protect your data in compliance with GDPR, LGPD, and CCPA. Your privacy is our priority.\" \/>\n<meta name=\"robots\" content=\"index, follow, max-snippet:-1, max-image-preview:large, max-video-preview:-1\" \/>\n<link rel=\"canonical\" href=\"https:\/\/arribaair.com\/it\/privacy-policy\/\" \/>\n<meta property=\"og:locale\" content=\"it_IT\" \/>\n<meta property=\"og:type\" content=\"article\" \/>\n<meta property=\"og:title\" content=\"Privacy Policy | Arriba Air - Private Jet Expert\" \/>\n<meta property=\"og:description\" content=\"Read Arriba Air&#039;s Privacy Policy. Learn how we collect, use, and protect your data in compliance with GDPR, LGPD, and CCPA. Your privacy is our priority.\" \/>\n<meta property=\"og:url\" content=\"https:\/\/arribaair.com\/it\/privacy-policy\/\" \/>\n<meta property=\"og:site_name\" content=\"Arriba Air\" \/>\n<meta property=\"article:modified_time\" content=\"2025-09-19T01:13:45+00:00\" \/>\n<meta property=\"og:image\" content=\"https:\/\/arribaair.com\/wp-content\/uploads\/2025\/08\/favicon-arriba-air.png\" \/>\n\t<meta property=\"og:image:width\" content=\"512\" \/>\n\t<meta property=\"og:image:height\" content=\"512\" \/>\n\t<meta property=\"og:image:type\" content=\"image\/png\" \/>\n<meta name=\"twitter:card\" content=\"summary_large_image\" \/>\n<meta name=\"twitter:label1\" content=\"Tempo di lettura stimato\" \/>\n\t<meta name=\"twitter:data1\" content=\"5 minuti\" \/>\n<script type=\"application\/ld+json\" class=\"yoast-schema-graph\">{\"@context\":\"https:\/\/schema.org\",\"@graph\":[{\"@type\":\"WebPage\",\"@id\":\"https:\/\/arribaair.com\/privacy-policy\/\",\"url\":\"https:\/\/arribaair.com\/privacy-policy\/\",\"name\":\"Privacy Policy | Arriba Air - Private Jet Expert\",\"isPartOf\":{\"@id\":\"https:\/\/arribaair.com\/#website\"},\"primaryImageOfPage\":{\"@id\":\"https:\/\/arribaair.com\/privacy-policy\/#primaryimage\"},\"image\":{\"@id\":\"https:\/\/arribaair.com\/privacy-policy\/#primaryimage\"},\"thumbnailUrl\":\"https:\/\/arribaair.com\/wp-content\/uploads\/2025\/08\/favicon-arriba-air.png\",\"datePublished\":\"2025-04-01T13:10:01+00:00\",\"dateModified\":\"2025-09-19T01:13:45+00:00\",\"description\":\"Read Arriba Air's Privacy Policy. Learn how we collect, use, and protect your data in compliance with GDPR, LGPD, and CCPA. Your privacy is our priority.\",\"breadcrumb\":{\"@id\":\"https:\/\/arribaair.com\/privacy-policy\/#breadcrumb\"},\"inLanguage\":\"it-IT\",\"potentialAction\":[{\"@type\":\"ReadAction\",\"target\":[\"https:\/\/arribaair.com\/privacy-policy\/\"]}]},{\"@type\":\"ImageObject\",\"inLanguage\":\"it-IT\",\"@id\":\"https:\/\/arribaair.com\/privacy-policy\/#primaryimage\",\"url\":\"https:\/\/arribaair.com\/wp-content\/uploads\/2025\/08\/favicon-arriba-air.png\",\"contentUrl\":\"https:\/\/arribaair.com\/wp-content\/uploads\/2025\/08\/favicon-arriba-air.png\",\"width\":512,\"height\":512},{\"@type\":\"BreadcrumbList\",\"@id\":\"https:\/\/arribaair.com\/privacy-policy\/#breadcrumb\",\"itemListElement\":[{\"@type\":\"ListItem\",\"position\":1,\"name\":\"Home\",\"item\":\"https:\/\/arribaair.com\/\"},{\"@type\":\"ListItem\",\"position\":2,\"name\":\"Privacy Policy\"}]},{\"@type\":\"WebSite\",\"@id\":\"https:\/\/arribaair.com\/#website\",\"url\":\"https:\/\/arribaair.com\/\",\"name\":\"Arriba Air\",\"description\":\"Private Jet Expert\",\"publisher\":{\"@id\":\"https:\/\/arribaair.com\/#organization\"},\"potentialAction\":[{\"@type\":\"SearchAction\",\"target\":{\"@type\":\"EntryPoint\",\"urlTemplate\":\"https:\/\/arribaair.com\/?s={search_term_string}\"},\"query-input\":{\"@type\":\"PropertyValueSpecification\",\"valueRequired\":true,\"valueName\":\"search_term_string\"}}],\"inLanguage\":\"it-IT\"},{\"@type\":\"Organization\",\"@id\":\"https:\/\/arribaair.com\/#organization\",\"name\":\"Arriba Air\",\"url\":\"https:\/\/arribaair.com\/\",\"logo\":{\"@type\":\"ImageObject\",\"inLanguage\":\"it-IT\",\"@id\":\"https:\/\/arribaair.com\/#\/schema\/logo\/image\/\",\"url\":\"https:\/\/arribaair.com\/wp-content\/uploads\/2025\/08\/logo-arriba-air.png\",\"contentUrl\":\"https:\/\/arribaair.com\/wp-content\/uploads\/2025\/08\/logo-arriba-air.png\",\"width\":1279,\"height\":327,\"caption\":\"Arriba Air\"},\"image\":{\"@id\":\"https:\/\/arribaair.com\/#\/schema\/logo\/image\/\"}}]}<\/script>\n<!-- \/ Yoast SEO plugin. -->","yoast_head_json":{"title":"Privacy Policy | Arriba Air - Private Jet Expert","description":"Read Arriba Air's Privacy Policy. Learn how we collect, use, and protect your data in compliance with GDPR, LGPD, and CCPA. Your privacy is our priority.","robots":{"index":"index","follow":"follow","max-snippet":"max-snippet:-1","max-image-preview":"max-image-preview:large","max-video-preview":"max-video-preview:-1"},"canonical":"https:\/\/arribaair.com\/it\/privacy-policy\/","og_locale":"it_IT","og_type":"article","og_title":"Privacy Policy | Arriba Air - Private Jet Expert","og_description":"Read Arriba Air's Privacy Policy. Learn how we collect, use, and protect your data in compliance with GDPR, LGPD, and CCPA. Your privacy is our priority.","og_url":"https:\/\/arribaair.com\/it\/privacy-policy\/","og_site_name":"Arriba Air","article_modified_time":"2025-09-19T01:13:45+00:00","og_image":[{"width":512,"height":512,"url":"https:\/\/arribaair.com\/wp-content\/uploads\/2025\/08\/favicon-arriba-air.png","type":"image\/png"}],"twitter_card":"summary_large_image","twitter_misc":{"Tempo di lettura stimato":"5 minuti"},"schema":{"@context":"https:\/\/schema.org","@graph":[{"@type":"WebPage","@id":"https:\/\/arribaair.com\/privacy-policy\/","url":"https:\/\/arribaair.com\/privacy-policy\/","name":"Privacy Policy | Arriba Air - Private Jet Expert","isPartOf":{"@id":"https:\/\/arribaair.com\/#website"},"primaryImageOfPage":{"@id":"https:\/\/arribaair.com\/privacy-policy\/#primaryimage"},"image":{"@id":"https:\/\/arribaair.com\/privacy-policy\/#primaryimage"},"thumbnailUrl":"https:\/\/arribaair.com\/wp-content\/uploads\/2025\/08\/favicon-arriba-air.png","datePublished":"2025-04-01T13:10:01+00:00","dateModified":"2025-09-19T01:13:45+00:00","description":"Read Arriba Air's Privacy Policy. Learn how we collect, use, and protect your data in compliance with GDPR, LGPD, and CCPA. Your privacy is our priority.","breadcrumb":{"@id":"https:\/\/arribaair.com\/privacy-policy\/#breadcrumb"},"inLanguage":"it-IT","potentialAction":[{"@type":"ReadAction","target":["https:\/\/arribaair.com\/privacy-policy\/"]}]},{"@type":"ImageObject","inLanguage":"it-IT","@id":"https:\/\/arribaair.com\/privacy-policy\/#primaryimage","url":"https:\/\/arribaair.com\/wp-content\/uploads\/2025\/08\/favicon-arriba-air.png","contentUrl":"https:\/\/arribaair.com\/wp-content\/uploads\/2025\/08\/favicon-arriba-air.png","width":512,"height":512},{"@type":"BreadcrumbList","@id":"https:\/\/arribaair.com\/privacy-policy\/#breadcrumb","itemListElement":[{"@type":"ListItem","position":1,"name":"Home","item":"https:\/\/arribaair.com\/"},{"@type":"ListItem","position":2,"name":"Privacy Policy"}]},{"@type":"WebSite","@id":"https:\/\/arribaair.com\/#website","url":"https:\/\/arribaair.com\/","name":"Arriba Aria","description":"Private Jet Expert","publisher":{"@id":"https:\/\/arribaair.com\/#organization"},"potentialAction":[{"@type":"SearchAction","target":{"@type":"EntryPoint","urlTemplate":"https:\/\/arribaair.com\/?s={search_term_string}"},"query-input":{"@type":"PropertyValueSpecification","valueRequired":true,"valueName":"search_term_string"}}],"inLanguage":"it-IT"},{"@type":"Organization","@id":"https:\/\/arribaair.com\/#organization","name":"Arriba Aria","url":"https:\/\/arribaair.com\/","logo":{"@type":"ImageObject","inLanguage":"it-IT","@id":"https:\/\/arribaair.com\/#\/schema\/logo\/image\/","url":"https:\/\/arribaair.com\/wp-content\/uploads\/2025\/08\/logo-arriba-air.png","contentUrl":"https:\/\/arribaair.com\/wp-content\/uploads\/2025\/08\/logo-arriba-air.png","width":1279,"height":327,"caption":"Arriba Air"},"image":{"@id":"https:\/\/arribaair.com\/#\/schema\/logo\/image\/"}}]}},"_links":{"self":[{"href":"https:\/\/arribaair.com\/it\/wp-json\/wp\/v2\/pages\/3","targetHints":{"allow":["GET"]}}],"collection":[{"href":"https:\/\/arribaair.com\/it\/wp-json\/wp\/v2\/pages"}],"about":[{"href":"https:\/\/arribaair.com\/it\/wp-json\/wp\/v2\/types\/page"}],"author":[{"embeddable":true,"href":"https:\/\/arribaair.com\/it\/wp-json\/wp\/v2\/users\/1"}],"replies":[{"embeddable":true,"href":"https:\/\/arribaair.com\/it\/wp-json\/wp\/v2\/comments?post=3"}],"version-history":[{"count":19,"href":"https:\/\/arribaair.com\/it\/wp-json\/wp\/v2\/pages\/3\/revisions"}],"predecessor-version":[{"id":1111,"href":"https:\/\/arribaair.com\/it\/wp-json\/wp\/v2\/pages\/3\/revisions\/1111"}],"wp:featuredmedia":[{"embeddable":true,"href":"https:\/\/arribaair.com\/it\/wp-json\/wp\/v2\/media\/238"}],"wp:attachment":[{"href":"https:\/\/arribaair.com\/it\/wp-json\/wp\/v2\/media?parent=3"}],"curies":[{"name":"wp","href":"https:\/\/api.w.org\/{rel}","templated":true}]}}