{"id":47,"date":"2025-06-16T08:47:48","date_gmt":"2025-06-16T11:47:48","guid":{"rendered":"https:\/\/arribaair.com\/?page_id=47"},"modified":"2025-09-18T22:13:04","modified_gmt":"2025-09-19T01:13:04","slug":"terms-of-service","status":"publish","type":"page","link":"https:\/\/arribaair.com\/fr\/terms-of-service\/","title":{"rendered":"Conditions de Service"},"content":{"rendered":"<div data-elementor-type=\"wp-page\" data-elementor-id=\"47\" class=\"elementor elementor-47\" data-elementor-post-type=\"page\">\n\t\t\t\t<div class=\"elementor-element elementor-element-d356111 e-flex e-con-boxed e-con e-parent\" data-id=\"d356111\" data-element_type=\"container\" data-settings=\"{&quot;background_background&quot;:&quot;classic&quot;,&quot;background_motion_fx_motion_fx_scrolling&quot;:&quot;yes&quot;,&quot;background_motion_fx_scale_effect&quot;:&quot;yes&quot;,&quot;background_motion_fx_scale_direction&quot;:&quot;out-in&quot;,&quot;background_motion_fx_scale_speed&quot;:{&quot;unit&quot;:&quot;px&quot;,&quot;size&quot;:4,&quot;sizes&quot;:[]},&quot;background_motion_fx_scale_range&quot;:{&quot;unit&quot;:&quot;%&quot;,&quot;size&quot;:&quot;&quot;,&quot;sizes&quot;:{&quot;start&quot;:20,&quot;end&quot;:80}},&quot;background_motion_fx_devices&quot;:[&quot;widescreen&quot;,&quot;desktop&quot;,&quot;laptop&quot;,&quot;tablet_extra&quot;,&quot;tablet&quot;,&quot;mobile_extra&quot;,&quot;mobile&quot;]}\">\n\t\t\t\t\t<div class=\"e-con-inner\">\n\t\t\t\t<div class=\"elementor-element elementor-element-b83d0e0 elementor-align-center elementor-widget elementor-widget-breadcrumbs\" data-id=\"b83d0e0\" data-element_type=\"widget\" data-widget_type=\"breadcrumbs.default\">\n\t\t\t\t\t<nav id=\"breadcrumbs\"><span><span><a href=\"https:\/\/arribaair.com\/fr\/\">La maison<\/a><\/span><\/span><\/nav>\t\t\t\t<\/div>\n\t\t\t\t\t<\/div>\n\t\t\t\t<\/div>\n\t\t<div class=\"elementor-element elementor-element-591d4e4 e-flex e-con-boxed e-con e-parent\" data-id=\"591d4e4\" data-element_type=\"container\">\n\t\t\t\t\t<div class=\"e-con-inner\">\n\t\t\t\t<div class=\"elementor-element elementor-element-ad05422 elementor-widget elementor-widget-heading\" data-id=\"ad05422\" data-element_type=\"widget\" data-widget_type=\"heading.default\">\n\t\t\t\t\t<h2 class=\"elementor-heading-title elementor-size-default\">Conditions de Service<\/h2>\t\t\t\t<\/div>\n\t\t\t\t<div class=\"elementor-element elementor-element-e7f558e elementor-widget elementor-widget-heading\" data-id=\"e7f558e\" data-element_type=\"widget\" data-widget_type=\"heading.default\">\n\t\t\t\t\t<h3 class=\"elementor-heading-title elementor-size-default\">1. Conditions<\/h3>\t\t\t\t<\/div>\n\t\t\t\t<div class=\"elementor-element elementor-element-9d9dcc8 elementor-widget elementor-widget-text-editor\" data-id=\"9d9dcc8\" data-element_type=\"widget\" data-widget_type=\"text-editor.default\">\n\t\t\t\t\t\t\t\t\t<p>En acc\u00e9dant au site web, \u00e0 l' <a href=\"https:\/\/arribaair.com\/fr\/\">Arribar Air \u2014 Jet Priv\u00e9 de l'Expert<\/a> vous acceptez d'\u00eatre li\u00e9 par ces conditions d'utilisation, toutes les lois et r\u00e8glements applicables, et convenez que vous \u00eates responsable de la conformit\u00e9 avec toutes les lois locales applicables. Si vous n'\u00eates pas d'accord avec ces termes, il vous est interdit d'utiliser ou acc\u00e9der \u00e0 ce site. Les mat\u00e9riaux contenus dans ce site web sont prot\u00e9g\u00e9s par les lois sur le droit d'auteur et droit des marques.<\/p>\t\t\t\t\t\t\t\t<\/div>\n\t\t\t\t<div class=\"elementor-element elementor-element-11cf92c elementor-widget elementor-widget-heading\" data-id=\"11cf92c\" data-element_type=\"widget\" data-widget_type=\"heading.default\">\n\t\t\t\t\t<h3 class=\"elementor-heading-title elementor-size-default\">2. Licence D'Utilisation<\/h3>\t\t\t\t<\/div>\n\t\t\t\t<div class=\"elementor-element elementor-element-1c24d30 elementor-widget elementor-widget-text-editor\" data-id=\"1c24d30\" data-element_type=\"widget\" data-widget_type=\"text-editor.default\">\n\t\t\t\t\t\t\t\t\t<p>Il est permis de t\u00e9l\u00e9charger temporairement une copie des documents (information ou logiciel) sur le Arribar Air \u2014 Jet Priv\u00e9 de l'Expert de site internet \u00e0 des fins personnelles, non commerciales transitoire seulement. C'est l'octroi d'une licence et non un transfert de titre, et sous cette licence, vous ne pouvez pas:<\/p><p>\u2013 de modifier ou copier les mat\u00e9riaux;<br \/>\u2013 utiliser le mat\u00e9riel \u00e0 des fins commerciales, ou pour toute exposition publique (commerciale ou non-commerciale);<br \/>\u2013 tenter de d\u00e9compiler ou d\u00e9sosser tout logiciel contenu sur le Arribar Air \u2014 Jet Priv\u00e9 de l'Expert de site web;<br \/>\u2013 supprimer le copyright ou d'autres notations de propri\u00e9t\u00e9 du mat\u00e9riel; ou<br \/>\u2013 transf\u00e9rer le mat\u00e9riel \u00e0 une autre personne ou \"miroir\" du mat\u00e9riel sur un autre serveur.<\/p><p>Cette licence prend fin automatiquement si vous violez l'une de ces restrictions et peut \u00eatre r\u00e9sili\u00e9 par Arribar Air \u2014 Jet Priv\u00e9 de l'Expert \u00e0 tout moment. Lors de la r\u00e9siliation de votre acc\u00e8s au contenu ou \u00e0 l'expiration de cette licence, vous devez d\u00e9truire tout mat\u00e9riel t\u00e9l\u00e9charg\u00e9 en votre possession que ce soit en format \u00e9lectronique ou imprim\u00e9.<\/p>\t\t\t\t\t\t\t\t<\/div>\n\t\t\t\t<div class=\"elementor-element elementor-element-d736c19 elementor-widget elementor-widget-heading\" data-id=\"d736c19\" data-element_type=\"widget\" data-widget_type=\"heading.default\">\n\t\t\t\t\t<h3 class=\"elementor-heading-title elementor-size-default\">3. Avertissement\n<\/h3>\t\t\t\t<\/div>\n\t\t\t\t<div class=\"elementor-element elementor-element-5e0b89e elementor-widget elementor-widget-text-editor\" data-id=\"5e0b89e\" data-element_type=\"widget\" data-widget_type=\"text-editor.default\">\n\t\t\t\t\t\t\t\t\t<p>Les documents sur Arribar Air \u2014 Jet Priv\u00e9 de l'Expert de site web sont fournis sur une base \"tel quel\". Arribar Air \u2014 Jet Priv\u00e9 de l'Expert ne donne aucune garantie, explicite ou implicite, et d\u00e9cline et nie toute autre garantie, y compris, sans limitation, les garanties implicites ou conditions de qualit\u00e9 marchande, d'ad\u00e9quation \u00e0 un usage particulier ou de non-contrefa\u00e7on de la propri\u00e9t\u00e9 intellectuelle ou autre violation des droits.<\/p><p>De plus, Arribar Air \u2014 Jet Priv\u00e9 de l'Expert ne garantit ni ne fait aucune d\u00e9claration concernant l'exactitude, les r\u00e9sultats probables, ou la fiabilit\u00e9 de l'utilisation des mat\u00e9riaux sur son site internet ou autrement relatives \u00e0 ces mati\u00e8res ou sur tout site li\u00e9 \u00e0 ce site.<\/p>\t\t\t\t\t\t\t\t<\/div>\n\t\t\t\t<div class=\"elementor-element elementor-element-2fcf1c9 elementor-widget elementor-widget-heading\" data-id=\"2fcf1c9\" data-element_type=\"widget\" data-widget_type=\"heading.default\">\n\t\t\t\t\t<h3 class=\"elementor-heading-title elementor-size-default\">4. Limitations\n<\/h3>\t\t\t\t<\/div>\n\t\t\t\t<div class=\"elementor-element elementor-element-14ff958 elementor-widget elementor-widget-text-editor\" data-id=\"14ff958\" data-element_type=\"widget\" data-widget_type=\"text-editor.default\">\n\t\t\t\t\t\t\t\t\t<p>En aucun cas Arribar Air \u2014 Jet Priv\u00e9 de l'Expert ou ses fournisseurs ne seront responsables de tout dommage (y compris, sans limitation, les dommages pour perte de donn\u00e9es ou de profit, ou en raison de l'interruption des affaires,) d\u00e9coulant de l'utilisation ou de l'impossibilit\u00e9 d'utiliser le mat\u00e9riel sur Arribar Air \u2014 Jet Priv\u00e9 de l'Expert de site web, m\u00eame si Arribar Air \u2014 Jet Priv\u00e9 de l'Expert ou un Arribar Air \u2014 Jet Priv\u00e9 d'Experts repr\u00e9sentant autoris\u00e9 a \u00e9t\u00e9 avis\u00e9 verbalement ou par \u00e9crit de la possibilit\u00e9 de tels dommages. Parce que certaines juridictions n'autorisent pas les limitations sur les garanties implicites ou les limitations de responsabilit\u00e9 pour les dommages indirects ou accessoires, ces limitations peuvent ne pas s'appliquer \u00e0 vous.<\/p>\t\t\t\t\t\t\t\t<\/div>\n\t\t\t\t<div class=\"elementor-element elementor-element-7562523 elementor-widget elementor-widget-heading\" data-id=\"7562523\" data-element_type=\"widget\" data-widget_type=\"heading.default\">\n\t\t\t\t\t<h3 class=\"elementor-heading-title elementor-size-default\">5. L'exactitude de la documentation\n<\/h3>\t\t\t\t<\/div>\n\t\t\t\t<div class=\"elementor-element elementor-element-dfafb3b elementor-widget elementor-widget-text-editor\" data-id=\"dfafb3b\" data-element_type=\"widget\" data-widget_type=\"text-editor.default\">\n\t\t\t\t\t\t\t\t\t<p>Le mat\u00e9riel figurant sur le Arribar Air \u2014 Jet Priv\u00e9 de l'Expert du site peut inclure des techniques, typographiques ou des erreurs photographiques. Arribar Air \u2014 Jet Priv\u00e9 de l'Expert ne garantit pas que l'un des mat\u00e9riaux sur son site web sont exactes, compl\u00e8tes ou actuelles. Arribar Air \u2014 Jet Priv\u00e9 de l'Expert peut apporter des modifications aux mat\u00e9riaux contenus sur son site web \u00e0 tout moment sans pr\u00e9avis. Cependant Arribar Air \u2014 Jet Priv\u00e9 de l'Expert ne prend aucun engagement de mettre \u00e0 jour les mat\u00e9riaux.<\/p>\t\t\t\t\t\t\t\t<\/div>\n\t\t\t\t<div class=\"elementor-element elementor-element-c27b6c8 elementor-widget elementor-widget-heading\" data-id=\"c27b6c8\" data-element_type=\"widget\" data-widget_type=\"heading.default\">\n\t\t\t\t\t<h3 class=\"elementor-heading-title elementor-size-default\">6. Liens\n<\/h3>\t\t\t\t<\/div>\n\t\t\t\t<div class=\"elementor-element elementor-element-fb142d3 elementor-widget elementor-widget-text-editor\" data-id=\"fb142d3\" data-element_type=\"widget\" data-widget_type=\"text-editor.default\">\n\t\t\t\t\t\t\t\t\tArribar Air \u2014 Jet Priv\u00e9 de l'Expert n'a pas examin\u00e9 tous les sites li\u00e9s \u00e0 son site web et n'est pas responsable du contenu de ces sites li\u00e9s. L'inclusion de tout lien n'implique pas l'approbation par Arribar Air \u2014 Jet Priv\u00e9 de l'Expert du site. L'utilisation de tout site web li\u00e9 est au seul risque de l'utilisateur.\t\t\t\t\t\t\t\t<\/div>\n\t\t\t\t<div class=\"elementor-element elementor-element-fd790a7 elementor-widget elementor-widget-heading\" data-id=\"fd790a7\" data-element_type=\"widget\" data-widget_type=\"heading.default\">\n\t\t\t\t\t<h3 class=\"elementor-heading-title elementor-size-default\">7. Les Modifications\n<\/h3>\t\t\t\t<\/div>\n\t\t\t\t<div class=\"elementor-element elementor-element-d2f022b elementor-widget elementor-widget-text-editor\" data-id=\"d2f022b\" data-element_type=\"widget\" data-widget_type=\"text-editor.default\">\n\t\t\t\t\t\t\t\t\tArribar Air \u2014 Jet Priv\u00e9 de l'Expert peut r\u00e9viser ces conditions d'utilisation de son site \u00e0 tout moment et sans pr\u00e9avis. En utilisant ce site, vous acceptez d'\u00eatre li\u00e9 par la version en vigueur des pr\u00e9sentes conditions de service.\n\n\t\t\t\t\t\t\t\t<\/div>\n\t\t\t\t<div class=\"elementor-element elementor-element-410609d elementor-widget elementor-widget-heading\" data-id=\"410609d\" data-element_type=\"widget\" data-widget_type=\"heading.default\">\n\t\t\t\t\t<h3 class=\"elementor-heading-title elementor-size-default\">8. Droit Applicable<\/h3>\t\t\t\t<\/div>\n\t\t\t\t<div class=\"elementor-element elementor-element-32d37b5 elementor-widget elementor-widget-text-editor\" data-id=\"32d37b5\" data-element_type=\"widget\" data-widget_type=\"text-editor.default\">\n\t\t\t\t\t\t\t\t\tCes termes et conditions sont r\u00e9gis et interpr\u00e9t\u00e9s conform\u00e9ment aux lois de Arribar Air \u2014 Jet Priv\u00e9 de l'Expert et vous vous soumettez irr\u00e9vocablement \u00e0 la comp\u00e9tence exclusive des tribunaux de cet \u00c9tat ou de l'emplacement.\n\n\t\t\t\t\t\t\t\t<\/div>\n\t\t\t\t\t<\/div>\n\t\t\t\t<\/div>\n\t\t\t\t<\/div>","protected":false},"excerpt":{"rendered":"<p>Read Arribar Air&#8217;s Terms of Service. Learn about the rules, licenses, limitations, and conditions governing the use of our private jet charter website.<\/p>","protected":false},"author":1,"featured_media":238,"parent":0,"menu_order":0,"comment_status":"closed","ping_status":"closed","template":"","meta":{"_joinchat":[],"footnotes":""},"class_list":["post-47","page","type-page","status-publish","has-post-thumbnail","hentry"],"yoast_head":"<!-- This site is optimized with the Yoast SEO plugin v26.5 - https:\/\/yoast.com\/wordpress\/plugins\/seo\/ -->\n<title>Terms of Service | Arriba Air<\/title>\n<meta name=\"description\" content=\"Read Arribar Air&#039;s Terms of Service. Learn about the rules, licenses, limitations, and conditions governing the use of our private jet charter website.\" \/>\n<meta name=\"robots\" content=\"index, follow, max-snippet:-1, max-image-preview:large, max-video-preview:-1\" \/>\n<link rel=\"canonical\" href=\"https:\/\/arribaair.com\/fr\/terms-of-service\/\" \/>\n<meta property=\"og:locale\" content=\"fr_FR\" \/>\n<meta property=\"og:type\" content=\"article\" \/>\n<meta property=\"og:title\" content=\"Terms of Service | Arriba Air\" \/>\n<meta property=\"og:description\" content=\"Read Arribar Air&#039;s Terms of Service. Learn about the rules, licenses, limitations, and conditions governing the use of our private jet charter website.\" \/>\n<meta property=\"og:url\" content=\"https:\/\/arribaair.com\/fr\/terms-of-service\/\" \/>\n<meta property=\"og:site_name\" content=\"Arriba Air\" \/>\n<meta property=\"article:modified_time\" content=\"2025-09-19T01:13:04+00:00\" \/>\n<meta property=\"og:image\" content=\"https:\/\/arribaair.com\/wp-content\/uploads\/2025\/08\/favicon-arriba-air.png\" \/>\n\t<meta property=\"og:image:width\" content=\"512\" \/>\n\t<meta property=\"og:image:height\" content=\"512\" \/>\n\t<meta property=\"og:image:type\" content=\"image\/png\" \/>\n<meta name=\"twitter:card\" content=\"summary_large_image\" \/>\n<meta name=\"twitter:label1\" content=\"Dur\u00e9e de lecture estim\u00e9e\" \/>\n\t<meta name=\"twitter:data1\" content=\"4 minutes\" \/>\n<script type=\"application\/ld+json\" class=\"yoast-schema-graph\">{\"@context\":\"https:\/\/schema.org\",\"@graph\":[{\"@type\":\"WebPage\",\"@id\":\"https:\/\/arribaair.com\/terms-of-service\/\",\"url\":\"https:\/\/arribaair.com\/terms-of-service\/\",\"name\":\"Terms of Service | Arriba Air\",\"isPartOf\":{\"@id\":\"https:\/\/arribaair.com\/#website\"},\"primaryImageOfPage\":{\"@id\":\"https:\/\/arribaair.com\/terms-of-service\/#primaryimage\"},\"image\":{\"@id\":\"https:\/\/arribaair.com\/terms-of-service\/#primaryimage\"},\"thumbnailUrl\":\"https:\/\/arribaair.com\/wp-content\/uploads\/2025\/08\/favicon-arriba-air.png\",\"datePublished\":\"2025-06-16T11:47:48+00:00\",\"dateModified\":\"2025-09-19T01:13:04+00:00\",\"description\":\"Read Arribar Air's Terms of Service. Learn about the rules, licenses, limitations, and conditions governing the use of our private jet charter website.\",\"breadcrumb\":{\"@id\":\"https:\/\/arribaair.com\/terms-of-service\/#breadcrumb\"},\"inLanguage\":\"fr-FR\",\"potentialAction\":[{\"@type\":\"ReadAction\",\"target\":[\"https:\/\/arribaair.com\/terms-of-service\/\"]}]},{\"@type\":\"ImageObject\",\"inLanguage\":\"fr-FR\",\"@id\":\"https:\/\/arribaair.com\/terms-of-service\/#primaryimage\",\"url\":\"https:\/\/arribaair.com\/wp-content\/uploads\/2025\/08\/favicon-arriba-air.png\",\"contentUrl\":\"https:\/\/arribaair.com\/wp-content\/uploads\/2025\/08\/favicon-arriba-air.png\",\"width\":512,\"height\":512},{\"@type\":\"BreadcrumbList\",\"@id\":\"https:\/\/arribaair.com\/terms-of-service\/#breadcrumb\",\"itemListElement\":[{\"@type\":\"ListItem\",\"position\":1,\"name\":\"Home\",\"item\":\"https:\/\/arribaair.com\/\"},{\"@type\":\"ListItem\",\"position\":2,\"name\":\"Terms of Service\"}]},{\"@type\":\"WebSite\",\"@id\":\"https:\/\/arribaair.com\/#website\",\"url\":\"https:\/\/arribaair.com\/\",\"name\":\"Arriba Air\",\"description\":\"Private Jet Expert\",\"publisher\":{\"@id\":\"https:\/\/arribaair.com\/#organization\"},\"potentialAction\":[{\"@type\":\"SearchAction\",\"target\":{\"@type\":\"EntryPoint\",\"urlTemplate\":\"https:\/\/arribaair.com\/?s={search_term_string}\"},\"query-input\":{\"@type\":\"PropertyValueSpecification\",\"valueRequired\":true,\"valueName\":\"search_term_string\"}}],\"inLanguage\":\"fr-FR\"},{\"@type\":\"Organization\",\"@id\":\"https:\/\/arribaair.com\/#organization\",\"name\":\"Arriba Air\",\"url\":\"https:\/\/arribaair.com\/\",\"logo\":{\"@type\":\"ImageObject\",\"inLanguage\":\"fr-FR\",\"@id\":\"https:\/\/arribaair.com\/#\/schema\/logo\/image\/\",\"url\":\"https:\/\/arribaair.com\/wp-content\/uploads\/2025\/08\/logo-arriba-air.png\",\"contentUrl\":\"https:\/\/arribaair.com\/wp-content\/uploads\/2025\/08\/logo-arriba-air.png\",\"width\":1279,\"height\":327,\"caption\":\"Arriba Air\"},\"image\":{\"@id\":\"https:\/\/arribaair.com\/#\/schema\/logo\/image\/\"}}]}<\/script>\n<!-- \/ Yoast SEO plugin. -->","yoast_head_json":{"title":"Terms of Service | Arriba Air","description":"Read Arribar Air's Terms of Service. Learn about the rules, licenses, limitations, and conditions governing the use of our private jet charter website.","robots":{"index":"index","follow":"follow","max-snippet":"max-snippet:-1","max-image-preview":"max-image-preview:large","max-video-preview":"max-video-preview:-1"},"canonical":"https:\/\/arribaair.com\/fr\/terms-of-service\/","og_locale":"fr_FR","og_type":"article","og_title":"Terms of Service | Arriba Air","og_description":"Read Arribar Air's Terms of Service. Learn about the rules, licenses, limitations, and conditions governing the use of our private jet charter website.","og_url":"https:\/\/arribaair.com\/fr\/terms-of-service\/","og_site_name":"Arriba Air","article_modified_time":"2025-09-19T01:13:04+00:00","og_image":[{"width":512,"height":512,"url":"https:\/\/arribaair.com\/wp-content\/uploads\/2025\/08\/favicon-arriba-air.png","type":"image\/png"}],"twitter_card":"summary_large_image","twitter_misc":{"Dur\u00e9e de lecture estim\u00e9e":"4 minutes"},"schema":{"@context":"https:\/\/schema.org","@graph":[{"@type":"WebPage","@id":"https:\/\/arribaair.com\/terms-of-service\/","url":"https:\/\/arribaair.com\/terms-of-service\/","name":"Terms of Service | Arriba Air","isPartOf":{"@id":"https:\/\/arribaair.com\/#website"},"primaryImageOfPage":{"@id":"https:\/\/arribaair.com\/terms-of-service\/#primaryimage"},"image":{"@id":"https:\/\/arribaair.com\/terms-of-service\/#primaryimage"},"thumbnailUrl":"https:\/\/arribaair.com\/wp-content\/uploads\/2025\/08\/favicon-arriba-air.png","datePublished":"2025-06-16T11:47:48+00:00","dateModified":"2025-09-19T01:13:04+00:00","description":"Read Arribar Air's Terms of Service. Learn about the rules, licenses, limitations, and conditions governing the use of our private jet charter website.","breadcrumb":{"@id":"https:\/\/arribaair.com\/terms-of-service\/#breadcrumb"},"inLanguage":"fr-FR","potentialAction":[{"@type":"ReadAction","target":["https:\/\/arribaair.com\/terms-of-service\/"]}]},{"@type":"ImageObject","inLanguage":"fr-FR","@id":"https:\/\/arribaair.com\/terms-of-service\/#primaryimage","url":"https:\/\/arribaair.com\/wp-content\/uploads\/2025\/08\/favicon-arriba-air.png","contentUrl":"https:\/\/arribaair.com\/wp-content\/uploads\/2025\/08\/favicon-arriba-air.png","width":512,"height":512},{"@type":"BreadcrumbList","@id":"https:\/\/arribaair.com\/terms-of-service\/#breadcrumb","itemListElement":[{"@type":"ListItem","position":1,"name":"Home","item":"https:\/\/arribaair.com\/"},{"@type":"ListItem","position":2,"name":"Terms of Service"}]},{"@type":"WebSite","@id":"https:\/\/arribaair.com\/#website","url":"https:\/\/arribaair.com\/","name":"Arriba De L'Air","description":"Private Jet Expert","publisher":{"@id":"https:\/\/arribaair.com\/#organization"},"potentialAction":[{"@type":"SearchAction","target":{"@type":"EntryPoint","urlTemplate":"https:\/\/arribaair.com\/?s={search_term_string}"},"query-input":{"@type":"PropertyValueSpecification","valueRequired":true,"valueName":"search_term_string"}}],"inLanguage":"fr-FR"},{"@type":"Organization","@id":"https:\/\/arribaair.com\/#organization","name":"Arriba De L'Air","url":"https:\/\/arribaair.com\/","logo":{"@type":"ImageObject","inLanguage":"fr-FR","@id":"https:\/\/arribaair.com\/#\/schema\/logo\/image\/","url":"https:\/\/arribaair.com\/wp-content\/uploads\/2025\/08\/logo-arriba-air.png","contentUrl":"https:\/\/arribaair.com\/wp-content\/uploads\/2025\/08\/logo-arriba-air.png","width":1279,"height":327,"caption":"Arriba Air"},"image":{"@id":"https:\/\/arribaair.com\/#\/schema\/logo\/image\/"}}]}},"_links":{"self":[{"href":"https:\/\/arribaair.com\/fr\/wp-json\/wp\/v2\/pages\/47","targetHints":{"allow":["GET"]}}],"collection":[{"href":"https:\/\/arribaair.com\/fr\/wp-json\/wp\/v2\/pages"}],"about":[{"href":"https:\/\/arribaair.com\/fr\/wp-json\/wp\/v2\/types\/page"}],"author":[{"embeddable":true,"href":"https:\/\/arribaair.com\/fr\/wp-json\/wp\/v2\/users\/1"}],"replies":[{"embeddable":true,"href":"https:\/\/arribaair.com\/fr\/wp-json\/wp\/v2\/comments?post=47"}],"version-history":[{"count":24,"href":"https:\/\/arribaair.com\/fr\/wp-json\/wp\/v2\/pages\/47\/revisions"}],"predecessor-version":[{"id":1105,"href":"https:\/\/arribaair.com\/fr\/wp-json\/wp\/v2\/pages\/47\/revisions\/1105"}],"wp:featuredmedia":[{"embeddable":true,"href":"https:\/\/arribaair.com\/fr\/wp-json\/wp\/v2\/media\/238"}],"wp:attachment":[{"href":"https:\/\/arribaair.com\/fr\/wp-json\/wp\/v2\/media?parent=47"}],"curies":[{"name":"wp","href":"https:\/\/api.w.org\/{rel}","templated":true}]}}