{"id":3,"date":"2025-04-01T13:10:01","date_gmt":"2025-04-01T13:10:01","guid":{"rendered":"https:\/\/arribaair.com\/?page_id=3"},"modified":"2025-09-18T22:13:45","modified_gmt":"2025-09-19T01:13:45","slug":"privacy-policy","status":"publish","type":"page","link":"https:\/\/arribaair.com\/fr\/privacy-policy\/","title":{"rendered":"Politique De Confidentialit\u00e9"},"content":{"rendered":"<div data-elementor-type=\"wp-page\" data-elementor-id=\"3\" class=\"elementor elementor-3\" data-elementor-post-type=\"page\">\n\t\t\t\t<div class=\"elementor-element elementor-element-57233c2 e-flex e-con-boxed e-con e-parent\" data-id=\"57233c2\" data-element_type=\"container\" data-settings=\"{&quot;background_background&quot;:&quot;classic&quot;,&quot;background_motion_fx_motion_fx_scrolling&quot;:&quot;yes&quot;,&quot;background_motion_fx_scale_effect&quot;:&quot;yes&quot;,&quot;background_motion_fx_scale_direction&quot;:&quot;out-in&quot;,&quot;background_motion_fx_scale_speed&quot;:{&quot;unit&quot;:&quot;px&quot;,&quot;size&quot;:4,&quot;sizes&quot;:[]},&quot;background_motion_fx_scale_range&quot;:{&quot;unit&quot;:&quot;%&quot;,&quot;size&quot;:&quot;&quot;,&quot;sizes&quot;:{&quot;start&quot;:20,&quot;end&quot;:80}},&quot;background_motion_fx_devices&quot;:[&quot;widescreen&quot;,&quot;desktop&quot;,&quot;laptop&quot;,&quot;tablet_extra&quot;,&quot;tablet&quot;,&quot;mobile_extra&quot;,&quot;mobile&quot;]}\">\n\t\t\t\t\t<div class=\"e-con-inner\">\n\t\t\t\t<div class=\"elementor-element elementor-element-8b04dcc elementor-align-center elementor-widget elementor-widget-breadcrumbs\" data-id=\"8b04dcc\" data-element_type=\"widget\" data-widget_type=\"breadcrumbs.default\">\n\t\t\t\t\t<nav id=\"breadcrumbs\"><span><span><a href=\"https:\/\/arribaair.com\/fr\/\">La maison<\/a><\/span><\/span><\/nav>\t\t\t\t<\/div>\n\t\t\t\t\t<\/div>\n\t\t\t\t<\/div>\n\t\t<div class=\"elementor-element elementor-element-b21cf15 e-flex e-con-boxed e-con e-parent\" data-id=\"b21cf15\" data-element_type=\"container\">\n\t\t\t\t\t<div class=\"e-con-inner\">\n\t\t\t\t<div class=\"elementor-element elementor-element-4822fb2 elementor-widget elementor-widget-text-editor\" data-id=\"4822fb2\" data-element_type=\"widget\" data-widget_type=\"text-editor.default\">\n\t\t\t\t\t\t\t\t\t<h1>Politique De Confidentialit\u00e9<\/h1>\n<p>Derni\u00e8re Mise \u00c0 Jour: 29 Ao\u00fbt 2025<\/p>\n\n<p>Votre vie priv\u00e9e est importante pour nous. Il est Arriba Air \u2014 Jet Priv\u00e9 de l'Expert de la politique de respect de la vie priv\u00e9e concerne les renseignements que nous pouvons recueillir aupr\u00e8s de vous \u00e0 travers notre site web, <a href=\"https:\/\/arribaair.com\/fr\/\">https:\/\/www.arribaair.com\/<\/a>et d'autres sites nous poss\u00e9der et \u00e0 exploiter.<\/p>\n\n<h2>1. Les informations que Nous Recueillons et Comment Nous les Utilisons<\/h2>\n<p>Nous ne vous demandons des informations personnelles lorsque nous avons vraiment besoin de fournir un service \u00e0 vous. Nous recueillons ces renseignements par des moyens justes et l\u00e9gaux, avec votre connaissance et votre consentement. Nous vous permettent \u00e9galement de savoir pourquoi nous recueillons et comment il sera utilis\u00e9.<\/p>\n\n<h2>2. Conservation des donn\u00e9es et la Protection de l'<\/h2>\n<p>Nous ne conserverons les informations collect\u00e9es pour aussi longtemps que n\u00e9cessaire pour vous fournir avec votre demande de service. Quelles sont les donn\u00e9es que nous stockons, nous allons prot\u00e9ger l'int\u00e9rieur des moyens commercialement acceptables pour \u00e9viter la perte et le vol, ainsi que l'acc\u00e8s non autoris\u00e9, la divulgation, la copie, l'utilisation ou la modification.<\/p>\n\n<h2>3. Le partage de l'Information<\/h2>\n<p>Nous ne partageons aucune information d'identification personnelle publiquement ou \u00e0 des tiers, sauf si requis par la loi.<\/p>\n\n<h2>4. Des Sites Externes<\/h2>\n<p>Notre site web contient des liens vers des sites externes qui ne sont pas g\u00e9r\u00e9s par nous. S'il vous pla\u00eet \u00eatre conscient que nous n'avons aucun contr\u00f4le sur le contenu et les pratiques de ces sites, et ne peut accepter aucune responsabilit\u00e9 ou responsabilit\u00e9 pour leurs politiques de confidentialit\u00e9 respectives.<\/p>\n\n<h2>5. Vos Droits et vos Choix<\/h2>\n<p>Vous \u00eates libre de refuser notre demande, pour votre information personnelle, avec la compr\u00e9hension que nous avons peut-\u00eatre pas en mesure de vous fournir certains de vos services souhait\u00e9s.<\/p>\n<p>Votre utilisation continue de notre site web sera consid\u00e9r\u00e9e comme une acceptation de nos pratiques autour de la vie priv\u00e9e et des renseignements personnels. Si vous avez des questions au sujet de la fa\u00e7on dont nous traitons les donn\u00e9es de l'utilisateur et des informations personnelles, n'h\u00e9sitez pas \u00e0 nous contacter.<\/p>\n\n<h2>6. La Protection des donn\u00e9es et de la Conformit\u00e9<\/h2>\n<p>Arriba de l'Air s'est engag\u00e9e \u00e0 respecter mondial de la protection des donn\u00e9es et de la confidentialit\u00e9 des r\u00e8glements. Cela inclut, mais n'est pas limit\u00e9 \u00e0:<\/p>\n\n<h3>GDPR (Protection des Donn\u00e9es G\u00e9n\u00e9rales de la R\u00e9glementation de l'Union Europ\u00e9enne)<\/h3>\n<p>Nous respectons les droits de l'UE utilisateurs concernant le consentement, l'acc\u00e8s, la rectification, la portabilit\u00e9, et la suppression de leurs donn\u00e9es personnelles.<\/p>\n\n<h3>LGPD (Lei Geral de Prote\u00e7\u00e3o de Donn\u00e9es \u2013 le Br\u00e9sil)<\/h3>\n<p>Nous suivons les principes de transparence, de limitation de la finalit\u00e9, de la n\u00e9cessit\u00e9, et la responsabilit\u00e9 pour le traitement des donn\u00e9es personnelles le Br\u00e9silien utilisateurs.<\/p>\n\n<h3>L'ACCP (Californie des Consommateurs Loi sur la protection des \u00c9tats \u2013 unis)<\/h3>\n<p>Nous assurons les r\u00e9sidents de la Californie ont le droit de savoir quelles donn\u00e9es sont collect\u00e9es, demande de suppression, et de refuser le partage de donn\u00e9es.<\/p>\n\n<p>En adh\u00e9rant \u00e0 ces cadres, Arriba Air garantit que vos informations personnelles sont trait\u00e9es avec les plus hauts standards de confidentialit\u00e9, de transparence et de s\u00e9curit\u00e9 dans le monde entier.<\/p>\n\n<h2>7. Politique En Mati\u00e8re De Cookies<\/h2>\n\n<h3>Que Sont Les Cookies?<\/h3>\n<p>Comme il est de pratique courante avec presque tous les professionnels de sites web ce site utilise des cookies, qui sont de petits fichiers qui sont t\u00e9l\u00e9charg\u00e9s sur votre ordinateur, afin d'am\u00e9liorer votre exp\u00e9rience. Cette page d\u00e9crit quelles informations recueillons, comment nous les utilisons et pourquoi nous avons parfois besoin de stocker ces cookies. Nous allons \u00e9galement partager avec vous comment vous pouvez pr\u00e9venir ces cookies d'\u00eatre stock\u00e9s cependant cela peut diminuer ou \"casser\" certains \u00e9l\u00e9ments des sites de la fonctionnalit\u00e9.<\/p>\n\n<h3>Comment Nous Utilisons Les Cookies<\/h3>\n<p>Nous utilisons des cookies pour une vari\u00e9t\u00e9 de raisons d\u00e9taill\u00e9es ci-dessous. Malheureusement, dans la plupart des cas, il n'existe pas de standard de l'industrie des options pour d\u00e9sactiver les cookies sans d\u00e9sactiver compl\u00e8tement la fonctionnalit\u00e9 et les caract\u00e9ristiques qu'ils ajoutent \u00e0 ce site. Il est recommand\u00e9 que vous laissez sur tous les cookies si vous n'\u00eates pas s\u00fbr de savoir si vous en avez besoin ou pas dans le cas o\u00f9 ils sont utilis\u00e9s pour fournir un service que vous utilisez.<\/p>\n\n<h3>La D\u00e9sactivation Des Cookies<\/h3>\n<p>Vous pouvez emp\u00eacher l'installation des cookies en modifiant les param\u00e8tres de votre navigateur (voir l'Aide de votre navigateur pour savoir comment faire). \u00catre conscient que la d\u00e9sactivation des cookies va affecter la fonctionnalit\u00e9 de ce et de nombreux autres sites web que vous visitez. La d\u00e9sactivation des cookies ne causent habituellement \u00e9galement la d\u00e9sactivation de certaines fonctionnalit\u00e9s de ce site. Par cons\u00e9quent, il vous est recommand\u00e9 de ne pas d\u00e9sactiver les cookies.<\/p>\n\n<h3>Les Cookies Nous Avons Mis &amp; Cookies Tiers<\/h3>\n<p>Dans certains cas particuliers, nous utilisons \u00e9galement des cookies fournis par des tiers de confiance. La section suivante d\u00e9taille lesquels des tiers les cookies, vous risquez de rencontrer par le biais de ce site.<\/p>\n\n<h2>8. Responsabilit\u00e9s de l'utilisateur<\/h2>\n<p>L'utilisateur s'engage \u00e0 faire un usage appropri\u00e9 du contenu et de l'information offerte sur le site avec \u00e9nonciative, mais pas d'imitation, de comportement:<\/p>\n<p>A) de ne Pas s'engager dans des activit\u00e9s qui sont ill\u00e9gales ou contraires \u00e0 la bonne foi et l'ordre public;<\/p>\n<p>B) de ne Pas diffuser de la propagande ou de contenu \u00e0 caract\u00e8re raciste, x\u00e9nophobe ou le jeu de la nature, n'importe quel type de pornographie ill\u00e9gale, des revendications ou \u00e0 l'encontre des droits de l'homme;<\/p>\n<p>C) Ne pas causer des dommages aux syst\u00e8mes physiques (hardware) et inaccessible (logiciel) de Arribar Air \u2014 Jet Priv\u00e9 d'Experts, de ses fournisseurs ou de tierces parties, d'introduire ou diffuser des virus informatiques ou tout autre mat\u00e9riel ou logiciel les syst\u00e8mes qui sont capables de causer des dommages mentionn\u00e9s pr\u00e9c\u00e9demment.<\/p>\n\n<h2>9. Plus D'Informations<\/h2>\n<p>J'esp\u00e8re que \u00e7a a clarifi\u00e9 les choses pour vous et comme cela a \u00e9t\u00e9 pr\u00e9c\u00e9demment mentionn\u00e9, si il ya quelque chose que vous ne savez pas si vous devez ou non il est g\u00e9n\u00e9ralement plus s\u00fbr de laisser les cookies activ\u00e9s dans le cas o\u00f9 il n'interagissent les uns avec les fonctionnalit\u00e9s que vous utilisez sur notre site.<\/p>\n\n<p>Pour toute question concernant nos pratiques de confidentialit\u00e9, veuillez nous contacter.<\/p>\t\t\t\t\t\t\t\t<\/div>\n\t\t\t\t\t<\/div>\n\t\t\t\t<\/div>\n\t\t\t\t<\/div>","protected":false},"excerpt":{"rendered":"<p>This Privacy Policy page for Arriba Air \u2014 Private Jet Expert outlines the company&#8217;s commitment to user privacy and data security. It details what information is collected, how it is used, stored, and protected. The policy explicitly states the company&#8217;s compliance with major international regulations like GDPR, LGPD, and CCPA. It also includes a comprehensive Cookie Policy explaining the use of cookies on the site and user responsibilities. The document is designed to be transparent, assuring users that their personal data is handled with the utmost care and in accordance with global legal standards.<\/p>","protected":false},"author":1,"featured_media":238,"parent":0,"menu_order":0,"comment_status":"closed","ping_status":"closed","template":"elementor_header_footer","meta":{"_joinchat":[],"footnotes":""},"class_list":["post-3","page","type-page","status-publish","has-post-thumbnail","hentry"],"yoast_head":"<!-- This site is optimized with the Yoast SEO plugin v26.5 - https:\/\/yoast.com\/wordpress\/plugins\/seo\/ -->\n<title>Privacy Policy | Arriba Air - Private Jet Expert<\/title>\n<meta name=\"description\" content=\"Read Arriba Air&#039;s Privacy Policy. Learn how we collect, use, and protect your data in compliance with GDPR, LGPD, and CCPA. Your privacy is our priority.\" \/>\n<meta name=\"robots\" content=\"index, follow, max-snippet:-1, max-image-preview:large, max-video-preview:-1\" \/>\n<link rel=\"canonical\" href=\"https:\/\/arribaair.com\/fr\/privacy-policy\/\" \/>\n<meta property=\"og:locale\" content=\"fr_FR\" \/>\n<meta property=\"og:type\" content=\"article\" \/>\n<meta property=\"og:title\" content=\"Privacy Policy | Arriba Air - Private Jet Expert\" \/>\n<meta property=\"og:description\" content=\"Read Arriba Air&#039;s Privacy Policy. Learn how we collect, use, and protect your data in compliance with GDPR, LGPD, and CCPA. Your privacy is our priority.\" \/>\n<meta property=\"og:url\" content=\"https:\/\/arribaair.com\/fr\/privacy-policy\/\" \/>\n<meta property=\"og:site_name\" content=\"Arriba Air\" \/>\n<meta property=\"article:modified_time\" content=\"2025-09-19T01:13:45+00:00\" \/>\n<meta property=\"og:image\" content=\"https:\/\/arribaair.com\/wp-content\/uploads\/2025\/08\/favicon-arriba-air.png\" \/>\n\t<meta property=\"og:image:width\" content=\"512\" \/>\n\t<meta property=\"og:image:height\" content=\"512\" \/>\n\t<meta property=\"og:image:type\" content=\"image\/png\" \/>\n<meta name=\"twitter:card\" content=\"summary_large_image\" \/>\n<meta name=\"twitter:label1\" content=\"Dur\u00e9e de lecture estim\u00e9e\" \/>\n\t<meta name=\"twitter:data1\" content=\"5 minutes\" \/>\n<script type=\"application\/ld+json\" class=\"yoast-schema-graph\">{\"@context\":\"https:\/\/schema.org\",\"@graph\":[{\"@type\":\"WebPage\",\"@id\":\"https:\/\/arribaair.com\/privacy-policy\/\",\"url\":\"https:\/\/arribaair.com\/privacy-policy\/\",\"name\":\"Privacy Policy | Arriba Air - Private Jet Expert\",\"isPartOf\":{\"@id\":\"https:\/\/arribaair.com\/#website\"},\"primaryImageOfPage\":{\"@id\":\"https:\/\/arribaair.com\/privacy-policy\/#primaryimage\"},\"image\":{\"@id\":\"https:\/\/arribaair.com\/privacy-policy\/#primaryimage\"},\"thumbnailUrl\":\"https:\/\/arribaair.com\/wp-content\/uploads\/2025\/08\/favicon-arriba-air.png\",\"datePublished\":\"2025-04-01T13:10:01+00:00\",\"dateModified\":\"2025-09-19T01:13:45+00:00\",\"description\":\"Read Arriba Air's Privacy Policy. Learn how we collect, use, and protect your data in compliance with GDPR, LGPD, and CCPA. Your privacy is our priority.\",\"breadcrumb\":{\"@id\":\"https:\/\/arribaair.com\/privacy-policy\/#breadcrumb\"},\"inLanguage\":\"fr-FR\",\"potentialAction\":[{\"@type\":\"ReadAction\",\"target\":[\"https:\/\/arribaair.com\/privacy-policy\/\"]}]},{\"@type\":\"ImageObject\",\"inLanguage\":\"fr-FR\",\"@id\":\"https:\/\/arribaair.com\/privacy-policy\/#primaryimage\",\"url\":\"https:\/\/arribaair.com\/wp-content\/uploads\/2025\/08\/favicon-arriba-air.png\",\"contentUrl\":\"https:\/\/arribaair.com\/wp-content\/uploads\/2025\/08\/favicon-arriba-air.png\",\"width\":512,\"height\":512},{\"@type\":\"BreadcrumbList\",\"@id\":\"https:\/\/arribaair.com\/privacy-policy\/#breadcrumb\",\"itemListElement\":[{\"@type\":\"ListItem\",\"position\":1,\"name\":\"Home\",\"item\":\"https:\/\/arribaair.com\/\"},{\"@type\":\"ListItem\",\"position\":2,\"name\":\"Privacy Policy\"}]},{\"@type\":\"WebSite\",\"@id\":\"https:\/\/arribaair.com\/#website\",\"url\":\"https:\/\/arribaair.com\/\",\"name\":\"Arriba Air\",\"description\":\"Private Jet Expert\",\"publisher\":{\"@id\":\"https:\/\/arribaair.com\/#organization\"},\"potentialAction\":[{\"@type\":\"SearchAction\",\"target\":{\"@type\":\"EntryPoint\",\"urlTemplate\":\"https:\/\/arribaair.com\/?s={search_term_string}\"},\"query-input\":{\"@type\":\"PropertyValueSpecification\",\"valueRequired\":true,\"valueName\":\"search_term_string\"}}],\"inLanguage\":\"fr-FR\"},{\"@type\":\"Organization\",\"@id\":\"https:\/\/arribaair.com\/#organization\",\"name\":\"Arriba Air\",\"url\":\"https:\/\/arribaair.com\/\",\"logo\":{\"@type\":\"ImageObject\",\"inLanguage\":\"fr-FR\",\"@id\":\"https:\/\/arribaair.com\/#\/schema\/logo\/image\/\",\"url\":\"https:\/\/arribaair.com\/wp-content\/uploads\/2025\/08\/logo-arriba-air.png\",\"contentUrl\":\"https:\/\/arribaair.com\/wp-content\/uploads\/2025\/08\/logo-arriba-air.png\",\"width\":1279,\"height\":327,\"caption\":\"Arriba Air\"},\"image\":{\"@id\":\"https:\/\/arribaair.com\/#\/schema\/logo\/image\/\"}}]}<\/script>\n<!-- \/ Yoast SEO plugin. -->","yoast_head_json":{"title":"Privacy Policy | Arriba Air - Private Jet Expert","description":"Read Arriba Air's Privacy Policy. Learn how we collect, use, and protect your data in compliance with GDPR, LGPD, and CCPA. Your privacy is our priority.","robots":{"index":"index","follow":"follow","max-snippet":"max-snippet:-1","max-image-preview":"max-image-preview:large","max-video-preview":"max-video-preview:-1"},"canonical":"https:\/\/arribaair.com\/fr\/privacy-policy\/","og_locale":"fr_FR","og_type":"article","og_title":"Privacy Policy | Arriba Air - Private Jet Expert","og_description":"Read Arriba Air's Privacy Policy. Learn how we collect, use, and protect your data in compliance with GDPR, LGPD, and CCPA. Your privacy is our priority.","og_url":"https:\/\/arribaair.com\/fr\/privacy-policy\/","og_site_name":"Arriba Air","article_modified_time":"2025-09-19T01:13:45+00:00","og_image":[{"width":512,"height":512,"url":"https:\/\/arribaair.com\/wp-content\/uploads\/2025\/08\/favicon-arriba-air.png","type":"image\/png"}],"twitter_card":"summary_large_image","twitter_misc":{"Dur\u00e9e de lecture estim\u00e9e":"5 minutes"},"schema":{"@context":"https:\/\/schema.org","@graph":[{"@type":"WebPage","@id":"https:\/\/arribaair.com\/privacy-policy\/","url":"https:\/\/arribaair.com\/privacy-policy\/","name":"Privacy Policy | Arriba Air - Private Jet Expert","isPartOf":{"@id":"https:\/\/arribaair.com\/#website"},"primaryImageOfPage":{"@id":"https:\/\/arribaair.com\/privacy-policy\/#primaryimage"},"image":{"@id":"https:\/\/arribaair.com\/privacy-policy\/#primaryimage"},"thumbnailUrl":"https:\/\/arribaair.com\/wp-content\/uploads\/2025\/08\/favicon-arriba-air.png","datePublished":"2025-04-01T13:10:01+00:00","dateModified":"2025-09-19T01:13:45+00:00","description":"Read Arriba Air's Privacy Policy. Learn how we collect, use, and protect your data in compliance with GDPR, LGPD, and CCPA. Your privacy is our priority.","breadcrumb":{"@id":"https:\/\/arribaair.com\/privacy-policy\/#breadcrumb"},"inLanguage":"fr-FR","potentialAction":[{"@type":"ReadAction","target":["https:\/\/arribaair.com\/privacy-policy\/"]}]},{"@type":"ImageObject","inLanguage":"fr-FR","@id":"https:\/\/arribaair.com\/privacy-policy\/#primaryimage","url":"https:\/\/arribaair.com\/wp-content\/uploads\/2025\/08\/favicon-arriba-air.png","contentUrl":"https:\/\/arribaair.com\/wp-content\/uploads\/2025\/08\/favicon-arriba-air.png","width":512,"height":512},{"@type":"BreadcrumbList","@id":"https:\/\/arribaair.com\/privacy-policy\/#breadcrumb","itemListElement":[{"@type":"ListItem","position":1,"name":"Home","item":"https:\/\/arribaair.com\/"},{"@type":"ListItem","position":2,"name":"Privacy Policy"}]},{"@type":"WebSite","@id":"https:\/\/arribaair.com\/#website","url":"https:\/\/arribaair.com\/","name":"Arriba De L'Air","description":"Private Jet Expert","publisher":{"@id":"https:\/\/arribaair.com\/#organization"},"potentialAction":[{"@type":"SearchAction","target":{"@type":"EntryPoint","urlTemplate":"https:\/\/arribaair.com\/?s={search_term_string}"},"query-input":{"@type":"PropertyValueSpecification","valueRequired":true,"valueName":"search_term_string"}}],"inLanguage":"fr-FR"},{"@type":"Organization","@id":"https:\/\/arribaair.com\/#organization","name":"Arriba De L'Air","url":"https:\/\/arribaair.com\/","logo":{"@type":"ImageObject","inLanguage":"fr-FR","@id":"https:\/\/arribaair.com\/#\/schema\/logo\/image\/","url":"https:\/\/arribaair.com\/wp-content\/uploads\/2025\/08\/logo-arriba-air.png","contentUrl":"https:\/\/arribaair.com\/wp-content\/uploads\/2025\/08\/logo-arriba-air.png","width":1279,"height":327,"caption":"Arriba Air"},"image":{"@id":"https:\/\/arribaair.com\/#\/schema\/logo\/image\/"}}]}},"_links":{"self":[{"href":"https:\/\/arribaair.com\/fr\/wp-json\/wp\/v2\/pages\/3","targetHints":{"allow":["GET"]}}],"collection":[{"href":"https:\/\/arribaair.com\/fr\/wp-json\/wp\/v2\/pages"}],"about":[{"href":"https:\/\/arribaair.com\/fr\/wp-json\/wp\/v2\/types\/page"}],"author":[{"embeddable":true,"href":"https:\/\/arribaair.com\/fr\/wp-json\/wp\/v2\/users\/1"}],"replies":[{"embeddable":true,"href":"https:\/\/arribaair.com\/fr\/wp-json\/wp\/v2\/comments?post=3"}],"version-history":[{"count":19,"href":"https:\/\/arribaair.com\/fr\/wp-json\/wp\/v2\/pages\/3\/revisions"}],"predecessor-version":[{"id":1111,"href":"https:\/\/arribaair.com\/fr\/wp-json\/wp\/v2\/pages\/3\/revisions\/1111"}],"wp:featuredmedia":[{"embeddable":true,"href":"https:\/\/arribaair.com\/fr\/wp-json\/wp\/v2\/media\/238"}],"wp:attachment":[{"href":"https:\/\/arribaair.com\/fr\/wp-json\/wp\/v2\/media?parent=3"}],"curies":[{"name":"wp","href":"https:\/\/api.w.org\/{rel}","templated":true}]}}