{"id":1391,"date":"2025-09-19T08:04:15","date_gmt":"2025-09-19T11:04:15","guid":{"rendered":"https:\/\/arribaair.com\/?page_id=1391"},"modified":"2025-10-28T09:57:31","modified_gmt":"2025-10-28T12:57:31","slug":"private-jets","status":"publish","type":"page","link":"https:\/\/arribaair.com\/fr\/aircraft\/private-jets\/","title":{"rendered":"Jets Priv\u00e9s"},"content":{"rendered":"<div data-elementor-type=\"wp-page\" data-elementor-id=\"1391\" class=\"elementor elementor-1391\" data-elementor-post-type=\"page\">\n\t\t\t\t<div class=\"elementor-element elementor-element-37f4911 e-flex e-con-boxed e-con e-parent\" data-id=\"37f4911\" data-element_type=\"container\" data-settings=\"{&quot;background_background&quot;:&quot;classic&quot;,&quot;background_motion_fx_motion_fx_scrolling&quot;:&quot;yes&quot;,&quot;background_motion_fx_scale_effect&quot;:&quot;yes&quot;,&quot;background_motion_fx_scale_direction&quot;:&quot;out-in&quot;,&quot;background_motion_fx_scale_speed&quot;:{&quot;unit&quot;:&quot;px&quot;,&quot;size&quot;:4,&quot;sizes&quot;:[]},&quot;background_motion_fx_scale_range&quot;:{&quot;unit&quot;:&quot;%&quot;,&quot;size&quot;:&quot;&quot;,&quot;sizes&quot;:{&quot;start&quot;:20,&quot;end&quot;:80}},&quot;background_motion_fx_devices&quot;:[&quot;widescreen&quot;,&quot;desktop&quot;,&quot;laptop&quot;,&quot;tablet_extra&quot;,&quot;tablet&quot;,&quot;mobile_extra&quot;,&quot;mobile&quot;]}\">\n\t\t\t\t\t<div class=\"e-con-inner\">\n\t\t\t\t<div class=\"elementor-element elementor-element-e8a142a elementor-align-center elementor-widget elementor-widget-breadcrumbs\" data-id=\"e8a142a\" data-element_type=\"widget\" data-widget_type=\"breadcrumbs.default\">\n\t\t\t\t\t<nav id=\"breadcrumbs\"><span><span><a href=\"https:\/\/arribaair.com\/fr\/\">La maison<\/a><\/span><\/span><\/nav>\t\t\t\t<\/div>\n\t\t\t\t\t<\/div>\n\t\t\t\t<\/div>\n\t\t<div class=\"elementor-element elementor-element-22197a7 e-flex e-con-boxed e-con e-parent\" data-id=\"22197a7\" data-element_type=\"container\">\n\t\t\t\t\t<div class=\"e-con-inner\">\n\t\t<div class=\"elementor-element elementor-element-4034ae2 e-con-full e-flex e-con e-child\" data-id=\"4034ae2\" data-element_type=\"container\">\n\t\t\t\t<div class=\"elementor-element elementor-element-464058a elementor-widget-mobile__width-auto elementor-widget elementor-widget-heading\" data-id=\"464058a\" data-element_type=\"widget\" data-widget_type=\"heading.default\">\n\t\t\t\t\t<div class=\"elementor-heading-title elementor-size-default\">Avion<\/div>\t\t\t\t<\/div>\n\t\t\t\t<div class=\"elementor-element elementor-element-59144cd elementor-widget__width-initial elementor-widget elementor-widget-heading\" data-id=\"59144cd\" data-element_type=\"widget\" data-widget_type=\"heading.default\">\n\t\t\t\t\t<h1 class=\"elementor-heading-title elementor-size-default\">Les jets priv\u00e9s sont le symbole ultime de la libert\u00e9, de la souplesse et de l'exclusivit\u00e9 dans l'aviation.<\/h1>\t\t\t\t<\/div>\n\t\t\t\t<div class=\"elementor-element elementor-element-c2246d1 elementor-widget elementor-widget-text-editor\" data-id=\"c2246d1\" data-element_type=\"widget\" data-widget_type=\"text-editor.default\">\n\t\t\t\t\t\t\t\t\tDe la lumi\u00e8re des mod\u00e8les con\u00e7us pour les courts trajets \u00e0 ultra longue port\u00e9e avion construit pour intercontinental voyages, Arriba Air offre un acc\u00e8s \u00e0 une superbe s\u00e9lection des certifi\u00e9s jets dans le monde entier. Que ce soit pour affaires ou loisirs, notre jet priv\u00e9 chartes de combiner vie priv\u00e9e, le confort et l'efficacit\u00e9 au plus haut niveau.\t\t\t\t\t\t\t\t<\/div>\n\t\t\t\t<\/div>\n\t\t\t\t<div class=\"elementor-element elementor-element-dd44fcb elementor-widget elementor-widget-jet-listing-grid\" data-id=\"dd44fcb\" data-element_type=\"widget\" data-settings=\"{&quot;columns&quot;:3}\" data-widget_type=\"jet-listing-grid.default\">\n\t\t\t\t\t<div class=\"jet-listing-grid jet-listing-grid--lazy-load jet-listing jet-listing-grid-loading\" data-lazy-load=\"{&quot;offset&quot;:&quot;0px&quot;,&quot;post_id&quot;:1391,&quot;queried_id&quot;:&quot;1391|WP_Post&quot;}\"><div class=\"jet-listing-grid__loader\"><div class=\"jet-listing-grid__loader-spinner\"><\/div><\/div><\/div>\t\t\t\t<\/div>\n\t\t<div class=\"elementor-element elementor-element-0694425 e-con-full elementor-hidden-widescreen elementor-hidden-desktop elementor-hidden-laptop elementor-hidden-tablet_extra elementor-hidden-tablet elementor-hidden-mobile_extra elementor-hidden-mobile e-flex e-con e-child\" data-id=\"0694425\" data-element_type=\"container\">\n\t\t<div class=\"elementor-element elementor-element-21d2947 e-con-full e-flex elementor-invisible e-con e-child\" data-id=\"21d2947\" data-element_type=\"container\" data-settings=\"{&quot;background_background&quot;:&quot;gradient&quot;,&quot;animation&quot;:&quot;fadeInUp&quot;}\">\n\t\t\t\t<div class=\"elementor-element elementor-element-3361a65 elementor-widget elementor-widget-image\" data-id=\"3361a65\" data-element_type=\"widget\" data-widget_type=\"image.default\">\n\t\t\t\t\t\t\t\t\t\t\t\t\t\t\t<img fetchpriority=\"high\" decoding=\"async\" width=\"1920\" height=\"1080\" src=\"https:\/\/arribaair.com\/wp-content\/uploads\/2025\/09\/pista-executive-jets-phenom100ex-performance-embraer.webp\" class=\"attachment-full size-full wp-image-1372\" alt=\"\" srcset=\"https:\/\/arribaair.com\/wp-content\/uploads\/2025\/09\/pista-executive-jets-phenom100ex-performance-embraer.webp 1920w, https:\/\/arribaair.com\/wp-content\/uploads\/2025\/09\/pista-executive-jets-phenom100ex-performance-embraer-300x169.webp 300w, https:\/\/arribaair.com\/wp-content\/uploads\/2025\/09\/pista-executive-jets-phenom100ex-performance-embraer-1024x576.webp 1024w, https:\/\/arribaair.com\/wp-content\/uploads\/2025\/09\/pista-executive-jets-phenom100ex-performance-embraer-768x432.webp 768w, https:\/\/arribaair.com\/wp-content\/uploads\/2025\/09\/pista-executive-jets-phenom100ex-performance-embraer-1536x864.webp 1536w\" sizes=\"(max-width: 1920px) 100vw, 1920px\" \/>\t\t\t\t\t\t\t\t\t\t\t\t\t\t\t<\/div>\n\t\t\t\t<div class=\"elementor-element elementor-element-26fd7e2 elementor-widget elementor-widget-heading\" data-id=\"26fd7e2\" data-element_type=\"widget\" data-widget_type=\"heading.default\">\n\t\t\t\t\t<h3 class=\"elementor-heading-title elementor-size-default\">Phenom 100EX<\/h3>\t\t\t\t<\/div>\n\t\t\t\t<div class=\"elementor-element elementor-element-30def54 elementor-align-left elementor-widget elementor-widget-button\" data-id=\"30def54\" data-element_type=\"widget\" data-widget_type=\"button.default\">\n\t\t\t\t\t\t\t\t\t\t<a class=\"elementor-button elementor-button-link elementor-size-sm\" href=\"https:\/\/arribaair.com\/fr\/?taxonomy=aircraft-categories&#038;term=long-range-ultra-long-range-jets\">\n\t\t\t\t\t\t<span class=\"elementor-button-content-wrapper\">\n\t\t\t\t\t\t\t\t\t<span class=\"elementor-button-text\">Voir Plus<\/span>\n\t\t\t\t\t<\/span>\n\t\t\t\t\t<\/a>\n\t\t\t\t\t\t\t\t<\/div>\n\t\t\t\t<\/div>\n\t\t<div class=\"elementor-element elementor-element-b4f63eb e-con-full e-flex elementor-invisible e-con e-child\" data-id=\"b4f63eb\" data-element_type=\"container\" data-settings=\"{&quot;background_background&quot;:&quot;gradient&quot;,&quot;animation&quot;:&quot;fadeInUp&quot;}\">\n\t\t\t\t<div class=\"elementor-element elementor-element-3ff8a12 elementor-widget elementor-widget-image\" data-id=\"3ff8a12\" data-element_type=\"widget\" data-widget_type=\"image.default\">\n\t\t\t\t\t\t\t\t\t\t\t\t\t\t\t<img fetchpriority=\"high\" decoding=\"async\" width=\"1920\" height=\"1080\" src=\"https:\/\/arribaair.com\/wp-content\/uploads\/2025\/09\/pista-executive-jets-phenom100ex-performance-embraer.webp\" class=\"attachment-full size-full wp-image-1372\" alt=\"\" srcset=\"https:\/\/arribaair.com\/wp-content\/uploads\/2025\/09\/pista-executive-jets-phenom100ex-performance-embraer.webp 1920w, https:\/\/arribaair.com\/wp-content\/uploads\/2025\/09\/pista-executive-jets-phenom100ex-performance-embraer-300x169.webp 300w, https:\/\/arribaair.com\/wp-content\/uploads\/2025\/09\/pista-executive-jets-phenom100ex-performance-embraer-1024x576.webp 1024w, https:\/\/arribaair.com\/wp-content\/uploads\/2025\/09\/pista-executive-jets-phenom100ex-performance-embraer-768x432.webp 768w, https:\/\/arribaair.com\/wp-content\/uploads\/2025\/09\/pista-executive-jets-phenom100ex-performance-embraer-1536x864.webp 1536w\" sizes=\"(max-width: 1920px) 100vw, 1920px\" \/>\t\t\t\t\t\t\t\t\t\t\t\t\t\t\t<\/div>\n\t\t\t\t<div class=\"elementor-element elementor-element-d06a9ab elementor-widget elementor-widget-heading\" data-id=\"d06a9ab\" data-element_type=\"widget\" data-widget_type=\"heading.default\">\n\t\t\t\t\t<h3 class=\"elementor-heading-title elementor-size-default\">Phenom 100EX<\/h3>\t\t\t\t<\/div>\n\t\t\t\t<div class=\"elementor-element elementor-element-e634601 elementor-align-left elementor-widget elementor-widget-button\" data-id=\"e634601\" data-element_type=\"widget\" data-widget_type=\"button.default\">\n\t\t\t\t\t\t\t\t\t\t<a class=\"elementor-button elementor-button-link elementor-size-sm\" href=\"https:\/\/arribaair.com\/fr\/?taxonomy=aircraft-categories&#038;term=long-range-ultra-long-range-jets\">\n\t\t\t\t\t\t<span class=\"elementor-button-content-wrapper\">\n\t\t\t\t\t\t\t\t\t<span class=\"elementor-button-text\">Voir Plus<\/span>\n\t\t\t\t\t<\/span>\n\t\t\t\t\t<\/a>\n\t\t\t\t\t\t\t\t<\/div>\n\t\t\t\t<\/div>\n\t\t<div class=\"elementor-element elementor-element-28daf24 e-con-full e-flex elementor-invisible e-con e-child\" data-id=\"28daf24\" data-element_type=\"container\" data-settings=\"{&quot;background_background&quot;:&quot;gradient&quot;,&quot;animation&quot;:&quot;fadeInUp&quot;}\">\n\t\t\t\t<div class=\"elementor-element elementor-element-d4f7f62 elementor-widget elementor-widget-image\" data-id=\"d4f7f62\" data-element_type=\"widget\" data-widget_type=\"image.default\">\n\t\t\t\t\t\t\t\t\t\t\t\t\t\t\t<img fetchpriority=\"high\" decoding=\"async\" width=\"1920\" height=\"1080\" src=\"https:\/\/arribaair.com\/wp-content\/uploads\/2025\/09\/pista-executive-jets-phenom100ex-performance-embraer.webp\" class=\"attachment-full size-full wp-image-1372\" alt=\"\" srcset=\"https:\/\/arribaair.com\/wp-content\/uploads\/2025\/09\/pista-executive-jets-phenom100ex-performance-embraer.webp 1920w, https:\/\/arribaair.com\/wp-content\/uploads\/2025\/09\/pista-executive-jets-phenom100ex-performance-embraer-300x169.webp 300w, https:\/\/arribaair.com\/wp-content\/uploads\/2025\/09\/pista-executive-jets-phenom100ex-performance-embraer-1024x576.webp 1024w, https:\/\/arribaair.com\/wp-content\/uploads\/2025\/09\/pista-executive-jets-phenom100ex-performance-embraer-768x432.webp 768w, https:\/\/arribaair.com\/wp-content\/uploads\/2025\/09\/pista-executive-jets-phenom100ex-performance-embraer-1536x864.webp 1536w\" sizes=\"(max-width: 1920px) 100vw, 1920px\" \/>\t\t\t\t\t\t\t\t\t\t\t\t\t\t\t<\/div>\n\t\t\t\t<div class=\"elementor-element elementor-element-c754647 elementor-widget elementor-widget-heading\" data-id=\"c754647\" data-element_type=\"widget\" data-widget_type=\"heading.default\">\n\t\t\t\t\t<h3 class=\"elementor-heading-title elementor-size-default\">Phenom 100EX<\/h3>\t\t\t\t<\/div>\n\t\t\t\t<div class=\"elementor-element elementor-element-9aca2f1 elementor-align-left elementor-widget elementor-widget-button\" data-id=\"9aca2f1\" data-element_type=\"widget\" data-widget_type=\"button.default\">\n\t\t\t\t\t\t\t\t\t\t<a class=\"elementor-button elementor-button-link elementor-size-sm\" href=\"https:\/\/arribaair.com\/fr\/?taxonomy=aircraft-categories&#038;term=long-range-ultra-long-range-jets\">\n\t\t\t\t\t\t<span class=\"elementor-button-content-wrapper\">\n\t\t\t\t\t\t\t\t\t<span class=\"elementor-button-text\">Voir Plus<\/span>\n\t\t\t\t\t<\/span>\n\t\t\t\t\t<\/a>\n\t\t\t\t\t\t\t\t<\/div>\n\t\t\t\t<\/div>\n\t\t\t\t<\/div>\n\t\t\t\t<div class=\"elementor-element elementor-element-201a615 elementor-mobile-align-center elementor-align-center elementor-invisible elementor-widget elementor-widget-button\" data-id=\"201a615\" data-element_type=\"widget\" data-settings=\"{&quot;_animation&quot;:&quot;fadeInUp&quot;,&quot;_animation_delay&quot;:100}\" data-widget_type=\"button.default\">\n\t\t\t\t\t\t\t\t\t\t<a class=\"elementor-button elementor-button-link elementor-size-sm elementor-animation-shrink\" href=\"https:\/\/arribaair.com\/fr\/contact\/\">\n\t\t\t\t\t\t<span class=\"elementor-button-content-wrapper\">\n\t\t\t\t\t\t\t\t\t<span class=\"elementor-button-text\">Commencez \u00c0 Planifier<\/span>\n\t\t\t\t\t<\/span>\n\t\t\t\t\t<\/a>\n\t\t\t\t\t\t\t\t<\/div>\n\t\t\t\t\t<\/div>\n\t\t\t\t<\/div>\n\t\t\t\t<\/div>","protected":false},"excerpt":{"rendered":"<p>Private jets are the ultimate symbol of freedom, flexibility, and exclusivity in aviation. From light models designed for short trips to ultra-long-range aircraft built for intercontinental journeys, Arriba Air offers access to a curated selection of certified jets worldwide. Whether for business or leisure, our private jet charters combine privacy, comfort, and efficiency at the highest standard.<\/p>","protected":false},"author":1,"featured_media":1078,"parent":731,"menu_order":0,"comment_status":"closed","ping_status":"closed","template":"","meta":{"_joinchat":[],"footnotes":""},"class_list":["post-1391","page","type-page","status-publish","has-post-thumbnail","hentry"],"yoast_head":"<!-- This site is optimized with the Yoast SEO plugin v26.5 - https:\/\/yoast.com\/wordpress\/plugins\/seo\/ -->\n<title>Private Jets | Arriba Air Charter Experts<\/title>\n<meta name=\"description\" content=\"Arriba Air offers private jet charters worldwide. From light jets to long-range cabins, enjoy comfort, privacy, and flexibility with the guidance of aviation experts.\" \/>\n<meta name=\"robots\" content=\"index, follow, max-snippet:-1, max-image-preview:large, max-video-preview:-1\" \/>\n<link rel=\"canonical\" href=\"https:\/\/arribaair.com\/fr\/aircraft\/private-jets\/\" \/>\n<meta property=\"og:locale\" content=\"fr_FR\" \/>\n<meta property=\"og:type\" content=\"article\" \/>\n<meta property=\"og:title\" content=\"Private Jets | Arriba Air Charter Experts\" \/>\n<meta property=\"og:description\" content=\"Arriba Air offers private jet charters worldwide. From light jets to long-range cabins, enjoy comfort, privacy, and flexibility with the guidance of aviation experts.\" \/>\n<meta property=\"og:url\" content=\"https:\/\/arribaair.com\/fr\/aircraft\/private-jets\/\" \/>\n<meta property=\"og:site_name\" content=\"Arriba Air\" \/>\n<meta property=\"article:modified_time\" content=\"2025-10-28T12:57:31+00:00\" \/>\n<meta property=\"og:image\" content=\"https:\/\/arribaair.com\/wp-content\/uploads\/2025\/09\/Private-jet-plane-taking-off.jpg\" \/>\n\t<meta property=\"og:image:width\" content=\"1680\" \/>\n\t<meta property=\"og:image:height\" content=\"1120\" \/>\n\t<meta property=\"og:image:type\" content=\"image\/jpeg\" \/>\n<meta name=\"twitter:card\" content=\"summary_large_image\" \/>\n<meta name=\"twitter:label1\" content=\"Dur\u00e9e de lecture estim\u00e9e\" \/>\n\t<meta name=\"twitter:data1\" content=\"1 minute\" \/>\n<script type=\"application\/ld+json\" class=\"yoast-schema-graph\">{\"@context\":\"https:\/\/schema.org\",\"@graph\":[{\"@type\":\"WebPage\",\"@id\":\"https:\/\/arribaair.com\/aircraft\/private-jets\/\",\"url\":\"https:\/\/arribaair.com\/aircraft\/private-jets\/\",\"name\":\"Private Jets | Arriba Air Charter Experts\",\"isPartOf\":{\"@id\":\"https:\/\/arribaair.com\/#website\"},\"primaryImageOfPage\":{\"@id\":\"https:\/\/arribaair.com\/aircraft\/private-jets\/#primaryimage\"},\"image\":{\"@id\":\"https:\/\/arribaair.com\/aircraft\/private-jets\/#primaryimage\"},\"thumbnailUrl\":\"https:\/\/arribaair.com\/wp-content\/uploads\/2025\/09\/Private-jet-plane-taking-off.jpg\",\"datePublished\":\"2025-09-19T11:04:15+00:00\",\"dateModified\":\"2025-10-28T12:57:31+00:00\",\"description\":\"Arriba Air offers private jet charters worldwide. From light jets to long-range cabins, enjoy comfort, privacy, and flexibility with the guidance of aviation experts.\",\"breadcrumb\":{\"@id\":\"https:\/\/arribaair.com\/aircraft\/private-jets\/#breadcrumb\"},\"inLanguage\":\"fr-FR\",\"potentialAction\":[{\"@type\":\"ReadAction\",\"target\":[\"https:\/\/arribaair.com\/aircraft\/private-jets\/\"]}]},{\"@type\":\"ImageObject\",\"inLanguage\":\"fr-FR\",\"@id\":\"https:\/\/arribaair.com\/aircraft\/private-jets\/#primaryimage\",\"url\":\"https:\/\/arribaair.com\/wp-content\/uploads\/2025\/09\/Private-jet-plane-taking-off.jpg\",\"contentUrl\":\"https:\/\/arribaair.com\/wp-content\/uploads\/2025\/09\/Private-jet-plane-taking-off.jpg\",\"width\":1680,\"height\":1120},{\"@type\":\"BreadcrumbList\",\"@id\":\"https:\/\/arribaair.com\/aircraft\/private-jets\/#breadcrumb\",\"itemListElement\":[{\"@type\":\"ListItem\",\"position\":1,\"name\":\"Home\",\"item\":\"https:\/\/arribaair.com\/\"},{\"@type\":\"ListItem\",\"position\":2,\"name\":\"Aircraft\",\"item\":\"https:\/\/arribaair.com\/aircraft\/\"},{\"@type\":\"ListItem\",\"position\":3,\"name\":\"Private Jets\"}]},{\"@type\":\"WebSite\",\"@id\":\"https:\/\/arribaair.com\/#website\",\"url\":\"https:\/\/arribaair.com\/\",\"name\":\"Arriba Air\",\"description\":\"Private Jet Expert\",\"publisher\":{\"@id\":\"https:\/\/arribaair.com\/#organization\"},\"potentialAction\":[{\"@type\":\"SearchAction\",\"target\":{\"@type\":\"EntryPoint\",\"urlTemplate\":\"https:\/\/arribaair.com\/?s={search_term_string}\"},\"query-input\":{\"@type\":\"PropertyValueSpecification\",\"valueRequired\":true,\"valueName\":\"search_term_string\"}}],\"inLanguage\":\"fr-FR\"},{\"@type\":\"Organization\",\"@id\":\"https:\/\/arribaair.com\/#organization\",\"name\":\"Arriba Air\",\"url\":\"https:\/\/arribaair.com\/\",\"logo\":{\"@type\":\"ImageObject\",\"inLanguage\":\"fr-FR\",\"@id\":\"https:\/\/arribaair.com\/#\/schema\/logo\/image\/\",\"url\":\"https:\/\/arribaair.com\/wp-content\/uploads\/2025\/08\/logo-arriba-air.png\",\"contentUrl\":\"https:\/\/arribaair.com\/wp-content\/uploads\/2025\/08\/logo-arriba-air.png\",\"width\":1279,\"height\":327,\"caption\":\"Arriba Air\"},\"image\":{\"@id\":\"https:\/\/arribaair.com\/#\/schema\/logo\/image\/\"}}]}<\/script>\n<!-- \/ Yoast SEO plugin. -->","yoast_head_json":{"title":"Private Jets | Arriba Air Charter Experts","description":"Arriba Air offers private jet charters worldwide. From light jets to long-range cabins, enjoy comfort, privacy, and flexibility with the guidance of aviation experts.","robots":{"index":"index","follow":"follow","max-snippet":"max-snippet:-1","max-image-preview":"max-image-preview:large","max-video-preview":"max-video-preview:-1"},"canonical":"https:\/\/arribaair.com\/fr\/aircraft\/private-jets\/","og_locale":"fr_FR","og_type":"article","og_title":"Private Jets | Arriba Air Charter Experts","og_description":"Arriba Air offers private jet charters worldwide. From light jets to long-range cabins, enjoy comfort, privacy, and flexibility with the guidance of aviation experts.","og_url":"https:\/\/arribaair.com\/fr\/aircraft\/private-jets\/","og_site_name":"Arriba Air","article_modified_time":"2025-10-28T12:57:31+00:00","og_image":[{"width":1680,"height":1120,"url":"https:\/\/arribaair.com\/wp-content\/uploads\/2025\/09\/Private-jet-plane-taking-off.jpg","type":"image\/jpeg"}],"twitter_card":"summary_large_image","twitter_misc":{"Dur\u00e9e de lecture estim\u00e9e":"1 minute"},"schema":{"@context":"https:\/\/schema.org","@graph":[{"@type":"WebPage","@id":"https:\/\/arribaair.com\/aircraft\/private-jets\/","url":"https:\/\/arribaair.com\/aircraft\/private-jets\/","name":"Private Jets | Arriba Air Charter Experts","isPartOf":{"@id":"https:\/\/arribaair.com\/#website"},"primaryImageOfPage":{"@id":"https:\/\/arribaair.com\/aircraft\/private-jets\/#primaryimage"},"image":{"@id":"https:\/\/arribaair.com\/aircraft\/private-jets\/#primaryimage"},"thumbnailUrl":"https:\/\/arribaair.com\/wp-content\/uploads\/2025\/09\/Private-jet-plane-taking-off.jpg","datePublished":"2025-09-19T11:04:15+00:00","dateModified":"2025-10-28T12:57:31+00:00","description":"Arriba Air offers private jet charters worldwide. From light jets to long-range cabins, enjoy comfort, privacy, and flexibility with the guidance of aviation experts.","breadcrumb":{"@id":"https:\/\/arribaair.com\/aircraft\/private-jets\/#breadcrumb"},"inLanguage":"fr-FR","potentialAction":[{"@type":"ReadAction","target":["https:\/\/arribaair.com\/aircraft\/private-jets\/"]}]},{"@type":"ImageObject","inLanguage":"fr-FR","@id":"https:\/\/arribaair.com\/aircraft\/private-jets\/#primaryimage","url":"https:\/\/arribaair.com\/wp-content\/uploads\/2025\/09\/Private-jet-plane-taking-off.jpg","contentUrl":"https:\/\/arribaair.com\/wp-content\/uploads\/2025\/09\/Private-jet-plane-taking-off.jpg","width":1680,"height":1120},{"@type":"BreadcrumbList","@id":"https:\/\/arribaair.com\/aircraft\/private-jets\/#breadcrumb","itemListElement":[{"@type":"ListItem","position":1,"name":"Home","item":"https:\/\/arribaair.com\/"},{"@type":"ListItem","position":2,"name":"Aircraft","item":"https:\/\/arribaair.com\/aircraft\/"},{"@type":"ListItem","position":3,"name":"Private Jets"}]},{"@type":"WebSite","@id":"https:\/\/arribaair.com\/#website","url":"https:\/\/arribaair.com\/","name":"Arriba De L'Air","description":"Private Jet Expert","publisher":{"@id":"https:\/\/arribaair.com\/#organization"},"potentialAction":[{"@type":"SearchAction","target":{"@type":"EntryPoint","urlTemplate":"https:\/\/arribaair.com\/?s={search_term_string}"},"query-input":{"@type":"PropertyValueSpecification","valueRequired":true,"valueName":"search_term_string"}}],"inLanguage":"fr-FR"},{"@type":"Organization","@id":"https:\/\/arribaair.com\/#organization","name":"Arriba De L'Air","url":"https:\/\/arribaair.com\/","logo":{"@type":"ImageObject","inLanguage":"fr-FR","@id":"https:\/\/arribaair.com\/#\/schema\/logo\/image\/","url":"https:\/\/arribaair.com\/wp-content\/uploads\/2025\/08\/logo-arriba-air.png","contentUrl":"https:\/\/arribaair.com\/wp-content\/uploads\/2025\/08\/logo-arriba-air.png","width":1279,"height":327,"caption":"Arriba Air"},"image":{"@id":"https:\/\/arribaair.com\/#\/schema\/logo\/image\/"}}]}},"_links":{"self":[{"href":"https:\/\/arribaair.com\/fr\/wp-json\/wp\/v2\/pages\/1391","targetHints":{"allow":["GET"]}}],"collection":[{"href":"https:\/\/arribaair.com\/fr\/wp-json\/wp\/v2\/pages"}],"about":[{"href":"https:\/\/arribaair.com\/fr\/wp-json\/wp\/v2\/types\/page"}],"author":[{"embeddable":true,"href":"https:\/\/arribaair.com\/fr\/wp-json\/wp\/v2\/users\/1"}],"replies":[{"embeddable":true,"href":"https:\/\/arribaair.com\/fr\/wp-json\/wp\/v2\/comments?post=1391"}],"version-history":[{"count":50,"href":"https:\/\/arribaair.com\/fr\/wp-json\/wp\/v2\/pages\/1391\/revisions"}],"predecessor-version":[{"id":2195,"href":"https:\/\/arribaair.com\/fr\/wp-json\/wp\/v2\/pages\/1391\/revisions\/2195"}],"up":[{"embeddable":true,"href":"https:\/\/arribaair.com\/fr\/wp-json\/wp\/v2\/pages\/731"}],"wp:featuredmedia":[{"embeddable":true,"href":"https:\/\/arribaair.com\/fr\/wp-json\/wp\/v2\/media\/1078"}],"wp:attachment":[{"href":"https:\/\/arribaair.com\/fr\/wp-json\/wp\/v2\/media?parent=1391"}],"curies":[{"name":"wp","href":"https:\/\/api.w.org\/{rel}","templated":true}]}}