{"id":47,"date":"2025-06-16T08:47:48","date_gmt":"2025-06-16T11:47:48","guid":{"rendered":"https:\/\/arribaair.com\/?page_id=47"},"modified":"2025-09-18T22:13:04","modified_gmt":"2025-09-19T01:13:04","slug":"terms-of-service","status":"publish","type":"page","link":"https:\/\/arribaair.com\/es\/terms-of-service\/","title":{"rendered":"Voc\u00ea pode impedir a instala\u00e7\u00e3o de cookies ajustando as configura\u00e7\u00f5es no seu navegador (consulte o seu navegador de Ajuda para saber como fazer isso). Esteja ciente de que a desactiva\u00e7\u00e3o dos cookies afetar\u00e1 a funcionalidade deste e de muitos outros sites que voc\u00ea visita. Desativando os cookies geralmente ir\u00e1 resultar em tamb\u00e9m desactivar determinadas funcionalidades e recursos deste site. Portanto, \u00e9 recomendado que voc\u00ea n\u00e3o desativar os cookies."},"content":{"rendered":"<div data-elementor-type=\"wp-page\" data-elementor-id=\"47\" class=\"elementor elementor-47\" data-elementor-post-type=\"page\">\n\t\t\t\t<div class=\"elementor-element elementor-element-d356111 e-flex e-con-boxed e-con e-parent\" data-id=\"d356111\" data-element_type=\"container\" data-settings=\"{&quot;background_background&quot;:&quot;classic&quot;,&quot;background_motion_fx_motion_fx_scrolling&quot;:&quot;yes&quot;,&quot;background_motion_fx_scale_effect&quot;:&quot;yes&quot;,&quot;background_motion_fx_scale_direction&quot;:&quot;out-in&quot;,&quot;background_motion_fx_scale_speed&quot;:{&quot;unit&quot;:&quot;px&quot;,&quot;size&quot;:4,&quot;sizes&quot;:[]},&quot;background_motion_fx_scale_range&quot;:{&quot;unit&quot;:&quot;%&quot;,&quot;size&quot;:&quot;&quot;,&quot;sizes&quot;:{&quot;start&quot;:20,&quot;end&quot;:80}},&quot;background_motion_fx_devices&quot;:[&quot;widescreen&quot;,&quot;desktop&quot;,&quot;laptop&quot;,&quot;tablet_extra&quot;,&quot;tablet&quot;,&quot;mobile_extra&quot;,&quot;mobile&quot;]}\">\n\t\t\t\t\t<div class=\"e-con-inner\">\n\t\t\t\t<div class=\"elementor-element elementor-element-b83d0e0 elementor-align-center elementor-widget elementor-widget-breadcrumbs\" data-id=\"b83d0e0\" data-element_type=\"widget\" data-widget_type=\"breadcrumbs.default\">\n\t\t\t\t\t<nav id=\"breadcrumbs\"><span><span><a href=\"https:\/\/arribaair.com\/es\/\">Casa<\/a><\/span><\/span><\/nav>\t\t\t\t<\/div>\n\t\t\t\t\t<\/div>\n\t\t\t\t<\/div>\n\t\t<div class=\"elementor-element elementor-element-591d4e4 e-flex e-con-boxed e-con e-parent\" data-id=\"591d4e4\" data-element_type=\"container\">\n\t\t\t\t\t<div class=\"e-con-inner\">\n\t\t\t\t<div class=\"elementor-element elementor-element-ad05422 elementor-widget elementor-widget-heading\" data-id=\"ad05422\" data-element_type=\"widget\" data-widget_type=\"heading.default\">\n\t\t\t\t\t<h2 class=\"elementor-heading-title elementor-size-default\">Voc\u00ea pode impedir a instala\u00e7\u00e3o de cookies ajustando as configura\u00e7\u00f5es no seu navegador (consulte o seu navegador de Ajuda para saber como fazer isso). Esteja ciente de que a desactiva\u00e7\u00e3o dos cookies afetar\u00e1 a funcionalidade deste e de muitos outros sites que voc\u00ea visita. Desativando os cookies geralmente ir\u00e1 resultar em tamb\u00e9m desactivar determinadas funcionalidades e recursos deste site. Portanto, \u00e9 recomendado que voc\u00ea n\u00e3o desativar os cookies.<\/h2>\t\t\t\t<\/div>\n\t\t\t\t<div class=\"elementor-element elementor-element-e7f558e elementor-widget elementor-widget-heading\" data-id=\"e7f558e\" data-element_type=\"widget\" data-widget_type=\"heading.default\">\n\t\t\t\t\t<h3 class=\"elementor-heading-title elementor-size-default\">Os Cookies Que Defina &amp; Cookies De Terceiros<\/h3>\t\t\t\t<\/div>\n\t\t\t\t<div class=\"elementor-element elementor-element-9d9dcc8 elementor-widget elementor-widget-text-editor\" data-id=\"9d9dcc8\" data-element_type=\"widget\" data-widget_type=\"text-editor.default\">\n\t\t\t\t\t\t\t\t\t<p>Em alguns casos especiais, n\u00f3s tamb\u00e9m usamos cookies fornecidos por terceiros confi\u00e1veis. A se\u00e7\u00e3o a seguir detalha que os cookies de terceiros que voc\u00ea pode encontrar atrav\u00e9s deste site. <a href=\"https:\/\/arribaair.com\/es\/\">8. Responsabilidades do usu\u00e1rio<\/a> O utilizador compromete-se a responsabilidade de fazer um uso adequado dos conte\u00fados e informa\u00e7\u00f5es oferecidos no site com enunciativas, mas n\u00e3o imitativa, o comportamento:<\/p>\t\t\t\t\t\t\t\t<\/div>\n\t\t\t\t<div class=\"elementor-element elementor-element-11cf92c elementor-widget elementor-widget-heading\" data-id=\"11cf92c\" data-element_type=\"widget\" data-widget_type=\"heading.default\">\n\t\t\t\t\t<h3 class=\"elementor-heading-title elementor-size-default\">A) N\u00e3o se envolver em atividades ilegais ou contr\u00e1rias \u00e0 boa f\u00e9 e \u00e0 ordem p\u00fablica;<\/h3>\t\t\t\t<\/div>\n\t\t\t\t<div class=\"elementor-element elementor-element-1c24d30 elementor-widget elementor-widget-text-editor\" data-id=\"1c24d30\" data-element_type=\"widget\" data-widget_type=\"text-editor.default\">\n\t\t\t\t\t\t\t\t\t<p>B) a N\u00e3o divulgar propaganda ou conte\u00fados racistas, xen\u00f3fobos ou de jogos de azar natureza, qualquer tipo de pornografia ilegal, terrorismo, reclama\u00e7\u00f5es ou contra os direitos humanos;<\/p><p>C) n\u00e3o causar danos aos sistemas f\u00edsicos (hardware) e inating\u00edvel (software) de Arribar Ar \u2014 Jato Privado de Perito, de seus fornecedores ou de terceiros, introduzir ou difundir v\u00edrus de computador ou qualquer outro hardware ou de sistemas de software que s\u00e3o capazes de causar danos mencionados anteriormente.<br \/>9. Mais Informa\u00e7\u00f5es<br \/>Espero que tenha esclarecido as coisas para voc\u00ea, e como foi mencionado anteriormente, se h\u00e1 algo que voc\u00ea n\u00e3o tem certeza se voc\u00ea precisa ou n\u00e3o \u00e9 seguro deixar os cookies ativados em caso de n\u00e3o interagir com um dos recursos que utilizamos no nosso site.<br \/>Para d\u00favidas sobre as nossas pr\u00e1ticas de privacidade, por favor contacte-nos.<br \/>\u2013 transferir los materiales a otra persona o \"espejo\" de los materiales en cualquier otro servidor.<\/p><p>Esta licencia terminar\u00e1 autom\u00e1ticamente si usted viola cualquiera de estas restricciones y puede ser denunciado por Llegar Aire \u2014 Jet Privado de los Expertos en cualquier momento. Al terminar la visualizaci\u00f3n de estos materiales o en la terminaci\u00f3n de esta licencia, deber\u00e1 destruir cualquier material descargado en su poder ya sea en formato impreso o electr\u00f3nico.<\/p>\t\t\t\t\t\t\t\t<\/div>\n\t\t\t\t<div class=\"elementor-element elementor-element-d736c19 elementor-widget elementor-widget-heading\" data-id=\"d736c19\" data-element_type=\"widget\" data-widget_type=\"heading.default\">\n\t\t\t\t\t<h3 class=\"elementor-heading-title elementor-size-default\">3. Descargo de responsabilidad\n<\/h3>\t\t\t\t<\/div>\n\t\t\t\t<div class=\"elementor-element elementor-element-5e0b89e elementor-widget elementor-widget-text-editor\" data-id=\"5e0b89e\" data-element_type=\"widget\" data-widget_type=\"text-editor.default\">\n\t\t\t\t\t\t\t\t\t<p>Los materiales en Llegar de Aire \u2014 Jet Privado de los Expertos del sitio web se proporciona \"como est\u00e1\". Llegar Air \u2014 Jet Privado del Experto no hace ninguna garant\u00eda, expresa o impl\u00edcita, y por la presente renuncia y niega todas las otras garant\u00edas, incluyendo, sin limitaci\u00f3n, las garant\u00edas o condiciones impl\u00edcitas de comerciabilidad, idoneidad para un prop\u00f3sito particular, o no infracci\u00f3n de la propiedad intelectual o cualquier otra violaci\u00f3n de derechos.<\/p><p>Adem\u00e1s, Llegar de Aire \u2014 Jet Privado del Experto no garantiza ni hace ninguna representaci\u00f3n sobre la exactitud, los resultados probables, o la fiabilidad de la utilizaci\u00f3n de los materiales en su sitio web o de otro tipo relativa a los materiales o en cualquier sitio ligado a este sitio.<\/p>\t\t\t\t\t\t\t\t<\/div>\n\t\t\t\t<div class=\"elementor-element elementor-element-2fcf1c9 elementor-widget elementor-widget-heading\" data-id=\"2fcf1c9\" data-element_type=\"widget\" data-widget_type=\"heading.default\">\n\t\t\t\t\t<h3 class=\"elementor-heading-title elementor-size-default\">4. Limitaciones\n<\/h3>\t\t\t\t<\/div>\n\t\t\t\t<div class=\"elementor-element elementor-element-14ff958 elementor-widget elementor-widget-text-editor\" data-id=\"14ff958\" data-element_type=\"widget\" data-widget_type=\"text-editor.default\">\n\t\t\t\t\t\t\t\t\t<p>En ning\u00fan caso Llegar Aire \u2014 Jet Privado del Experto o sus proveedores ser\u00e1n responsables por cualquier da\u00f1o (incluyendo, sin limitaci\u00f3n, da\u00f1os por p\u00e9rdida de datos o beneficios, o debido a la interrupci\u00f3n del negocio) que surjan del uso o la imposibilidad de usar los materiales en Llegar de Aire \u2014 Jet Privado de los Expertos del sitio web, incluso si Llegar Aire \u2014 Jet Privado del Experto o de Llegar de Aire \u2014 Jet Privado de Expertos del representante autorizado ha sido notificado en forma oral o por escrito de la posibilidad de tales da\u00f1os. Debido a que algunas jurisdicciones no permiten limitaciones sobre garant\u00edas impl\u00edcitas o limitaciones de responsabilidad por da\u00f1os consecuentes o incidentales, estas limitaciones pueden no aplicarse a usted.<\/p>\t\t\t\t\t\t\t\t<\/div>\n\t\t\t\t<div class=\"elementor-element elementor-element-7562523 elementor-widget elementor-widget-heading\" data-id=\"7562523\" data-element_type=\"widget\" data-widget_type=\"heading.default\">\n\t\t\t\t\t<h3 class=\"elementor-heading-title elementor-size-default\">5. La exactitud de los materiales\n<\/h3>\t\t\t\t<\/div>\n\t\t\t\t<div class=\"elementor-element elementor-element-dfafb3b elementor-widget elementor-widget-text-editor\" data-id=\"dfafb3b\" data-element_type=\"widget\" data-widget_type=\"text-editor.default\">\n\t\t\t\t\t\t\t\t\t<p>Los materiales que aparecen en Llegar de Aire \u2014 Jet Privado de los Expertos del sitio web podr\u00eda incluir errores t\u00e9cnicos, tipogr\u00e1ficos o fotogr\u00e1ficos errores. Llegar Air \u2014 Jet Privado del Experto no garantiza que cualquiera de los materiales en su sitio web sea precisa, completa o actual. Llegar Air \u2014 Jet Privado del Experto puede hacer cambios a los materiales contenidos en su sitio web en cualquier momento sin previo aviso. Sin embargo Llegar Aire \u2014 Jet Privado del Experto no se compromete a actualizar los materiales.<\/p>\t\t\t\t\t\t\t\t<\/div>\n\t\t\t\t<div class=\"elementor-element elementor-element-c27b6c8 elementor-widget elementor-widget-heading\" data-id=\"c27b6c8\" data-element_type=\"widget\" data-widget_type=\"heading.default\">\n\t\t\t\t\t<h3 class=\"elementor-heading-title elementor-size-default\">6. Enlaces\n<\/h3>\t\t\t\t<\/div>\n\t\t\t\t<div class=\"elementor-element elementor-element-fb142d3 elementor-widget elementor-widget-text-editor\" data-id=\"fb142d3\" data-element_type=\"widget\" data-widget_type=\"text-editor.default\">\n\t\t\t\t\t\t\t\t\tLlegar Air \u2014 Jet Privado del Experto no ha revisado todos los sitios vinculados a su sitio web y no es responsable por el contenido de cualquier sitio vinculado. La inclusi\u00f3n de cualquier enlace no implica la aprobaci\u00f3n por Llegar Aire \u2014 Jet Privado de los Expertos del sitio. El uso de cualquier sitio web vinculado est\u00e1 en el propio riesgo del usuario.\t\t\t\t\t\t\t\t<\/div>\n\t\t\t\t<div class=\"elementor-element elementor-element-fd790a7 elementor-widget elementor-widget-heading\" data-id=\"fd790a7\" data-element_type=\"widget\" data-widget_type=\"heading.default\">\n\t\t\t\t\t<h3 class=\"elementor-heading-title elementor-size-default\">7. Modificaciones\n<\/h3>\t\t\t\t<\/div>\n\t\t\t\t<div class=\"elementor-element elementor-element-d2f022b elementor-widget elementor-widget-text-editor\" data-id=\"d2f022b\" data-element_type=\"widget\" data-widget_type=\"text-editor.default\">\n\t\t\t\t\t\t\t\t\tLlegar Air \u2014 Jet Privado del Experto puede revisar estos t\u00e9rminos de servicio para su sitio web en cualquier momento sin previo aviso. Mediante el uso de este sitio web, usted acepta estar obligado por la versi\u00f3n actual de estos t\u00e9rminos de servicio.\n\n\t\t\t\t\t\t\t\t<\/div>\n\t\t\t\t<div class=\"elementor-element elementor-element-410609d elementor-widget elementor-widget-heading\" data-id=\"410609d\" data-element_type=\"widget\" data-widget_type=\"heading.default\">\n\t\t\t\t\t<h3 class=\"elementor-heading-title elementor-size-default\">8. Ley Aplicable<\/h3>\t\t\t\t<\/div>\n\t\t\t\t<div class=\"elementor-element elementor-element-32d37b5 elementor-widget elementor-widget-text-editor\" data-id=\"32d37b5\" data-element_type=\"widget\" data-widget_type=\"text-editor.default\">\n\t\t\t\t\t\t\t\t\tEstos t\u00e9rminos y condiciones se regir\u00e1n e interpretar\u00e1n de conformidad con las leyes de Llegar de Aire \u2014 Jet Privado del Experto y usted se somete irrevocablemente a la jurisdicci\u00f3n exclusiva de los tribunales de ese Estado o ubicaci\u00f3n.\n\n\t\t\t\t\t\t\t\t<\/div>\n\t\t\t\t\t<\/div>\n\t\t\t\t<\/div>\n\t\t\t\t<\/div>","protected":false},"excerpt":{"rendered":"<p>Read Arribar Air&#8217;s Terms of Service. Learn about the rules, licenses, limitations, and conditions governing the use of our private jet charter website.<\/p>","protected":false},"author":1,"featured_media":238,"parent":0,"menu_order":0,"comment_status":"closed","ping_status":"closed","template":"","meta":{"_joinchat":[],"footnotes":""},"class_list":["post-47","page","type-page","status-publish","has-post-thumbnail","hentry"],"yoast_head":"<!-- This site is optimized with the Yoast SEO plugin v26.5 - https:\/\/yoast.com\/wordpress\/plugins\/seo\/ -->\n<title>Terms of Service | Arriba Air<\/title>\n<meta name=\"description\" content=\"Read Arribar Air&#039;s Terms of Service. Learn about the rules, licenses, limitations, and conditions governing the use of our private jet charter website.\" \/>\n<meta name=\"robots\" content=\"index, follow, max-snippet:-1, max-image-preview:large, max-video-preview:-1\" \/>\n<link rel=\"canonical\" href=\"https:\/\/arribaair.com\/es\/terms-of-service\/\" \/>\n<meta property=\"og:locale\" content=\"es_ES\" \/>\n<meta property=\"og:type\" content=\"article\" \/>\n<meta property=\"og:title\" content=\"Terms of Service | Arriba Air\" \/>\n<meta property=\"og:description\" content=\"Read Arribar Air&#039;s Terms of Service. Learn about the rules, licenses, limitations, and conditions governing the use of our private jet charter website.\" \/>\n<meta property=\"og:url\" content=\"https:\/\/arribaair.com\/es\/terms-of-service\/\" \/>\n<meta property=\"og:site_name\" content=\"Arriba Air\" \/>\n<meta property=\"article:modified_time\" content=\"2025-09-19T01:13:04+00:00\" \/>\n<meta property=\"og:image\" content=\"https:\/\/arribaair.com\/wp-content\/uploads\/2025\/08\/favicon-arriba-air.png\" \/>\n\t<meta property=\"og:image:width\" content=\"512\" \/>\n\t<meta property=\"og:image:height\" content=\"512\" \/>\n\t<meta property=\"og:image:type\" content=\"image\/png\" \/>\n<meta name=\"twitter:card\" content=\"summary_large_image\" \/>\n<meta name=\"twitter:label1\" content=\"Tiempo de lectura\" \/>\n\t<meta name=\"twitter:data1\" content=\"4 minutos\" \/>\n<script type=\"application\/ld+json\" class=\"yoast-schema-graph\">{\"@context\":\"https:\/\/schema.org\",\"@graph\":[{\"@type\":\"WebPage\",\"@id\":\"https:\/\/arribaair.com\/terms-of-service\/\",\"url\":\"https:\/\/arribaair.com\/terms-of-service\/\",\"name\":\"Terms of Service | Arriba Air\",\"isPartOf\":{\"@id\":\"https:\/\/arribaair.com\/#website\"},\"primaryImageOfPage\":{\"@id\":\"https:\/\/arribaair.com\/terms-of-service\/#primaryimage\"},\"image\":{\"@id\":\"https:\/\/arribaair.com\/terms-of-service\/#primaryimage\"},\"thumbnailUrl\":\"https:\/\/arribaair.com\/wp-content\/uploads\/2025\/08\/favicon-arriba-air.png\",\"datePublished\":\"2025-06-16T11:47:48+00:00\",\"dateModified\":\"2025-09-19T01:13:04+00:00\",\"description\":\"Read Arribar Air's Terms of Service. Learn about the rules, licenses, limitations, and conditions governing the use of our private jet charter website.\",\"breadcrumb\":{\"@id\":\"https:\/\/arribaair.com\/terms-of-service\/#breadcrumb\"},\"inLanguage\":\"es\",\"potentialAction\":[{\"@type\":\"ReadAction\",\"target\":[\"https:\/\/arribaair.com\/terms-of-service\/\"]}]},{\"@type\":\"ImageObject\",\"inLanguage\":\"es\",\"@id\":\"https:\/\/arribaair.com\/terms-of-service\/#primaryimage\",\"url\":\"https:\/\/arribaair.com\/wp-content\/uploads\/2025\/08\/favicon-arriba-air.png\",\"contentUrl\":\"https:\/\/arribaair.com\/wp-content\/uploads\/2025\/08\/favicon-arriba-air.png\",\"width\":512,\"height\":512},{\"@type\":\"BreadcrumbList\",\"@id\":\"https:\/\/arribaair.com\/terms-of-service\/#breadcrumb\",\"itemListElement\":[{\"@type\":\"ListItem\",\"position\":1,\"name\":\"Home\",\"item\":\"https:\/\/arribaair.com\/\"},{\"@type\":\"ListItem\",\"position\":2,\"name\":\"Terms of Service\"}]},{\"@type\":\"WebSite\",\"@id\":\"https:\/\/arribaair.com\/#website\",\"url\":\"https:\/\/arribaair.com\/\",\"name\":\"Arriba Air\",\"description\":\"Private Jet Expert\",\"publisher\":{\"@id\":\"https:\/\/arribaair.com\/#organization\"},\"potentialAction\":[{\"@type\":\"SearchAction\",\"target\":{\"@type\":\"EntryPoint\",\"urlTemplate\":\"https:\/\/arribaair.com\/?s={search_term_string}\"},\"query-input\":{\"@type\":\"PropertyValueSpecification\",\"valueRequired\":true,\"valueName\":\"search_term_string\"}}],\"inLanguage\":\"es\"},{\"@type\":\"Organization\",\"@id\":\"https:\/\/arribaair.com\/#organization\",\"name\":\"Arriba Air\",\"url\":\"https:\/\/arribaair.com\/\",\"logo\":{\"@type\":\"ImageObject\",\"inLanguage\":\"es\",\"@id\":\"https:\/\/arribaair.com\/#\/schema\/logo\/image\/\",\"url\":\"https:\/\/arribaair.com\/wp-content\/uploads\/2025\/08\/logo-arriba-air.png\",\"contentUrl\":\"https:\/\/arribaair.com\/wp-content\/uploads\/2025\/08\/logo-arriba-air.png\",\"width\":1279,\"height\":327,\"caption\":\"Arriba Air\"},\"image\":{\"@id\":\"https:\/\/arribaair.com\/#\/schema\/logo\/image\/\"}}]}<\/script>\n<!-- \/ Yoast SEO plugin. -->","yoast_head_json":{"title":"Terms of Service | Arriba Air","description":"Read Arribar Air's Terms of Service. Learn about the rules, licenses, limitations, and conditions governing the use of our private jet charter website.","robots":{"index":"index","follow":"follow","max-snippet":"max-snippet:-1","max-image-preview":"max-image-preview:large","max-video-preview":"max-video-preview:-1"},"canonical":"https:\/\/arribaair.com\/es\/terms-of-service\/","og_locale":"es_ES","og_type":"article","og_title":"Terms of Service | Arriba Air","og_description":"Read Arribar Air's Terms of Service. Learn about the rules, licenses, limitations, and conditions governing the use of our private jet charter website.","og_url":"https:\/\/arribaair.com\/es\/terms-of-service\/","og_site_name":"Arriba Air","article_modified_time":"2025-09-19T01:13:04+00:00","og_image":[{"width":512,"height":512,"url":"https:\/\/arribaair.com\/wp-content\/uploads\/2025\/08\/favicon-arriba-air.png","type":"image\/png"}],"twitter_card":"summary_large_image","twitter_misc":{"Tiempo de lectura":"4 minutos"},"schema":{"@context":"https:\/\/schema.org","@graph":[{"@type":"WebPage","@id":"https:\/\/arribaair.com\/terms-of-service\/","url":"https:\/\/arribaair.com\/terms-of-service\/","name":"Terms of Service | Arriba Air","isPartOf":{"@id":"https:\/\/arribaair.com\/#website"},"primaryImageOfPage":{"@id":"https:\/\/arribaair.com\/terms-of-service\/#primaryimage"},"image":{"@id":"https:\/\/arribaair.com\/terms-of-service\/#primaryimage"},"thumbnailUrl":"https:\/\/arribaair.com\/wp-content\/uploads\/2025\/08\/favicon-arriba-air.png","datePublished":"2025-06-16T11:47:48+00:00","dateModified":"2025-09-19T01:13:04+00:00","description":"Read Arribar Air's Terms of Service. Learn about the rules, licenses, limitations, and conditions governing the use of our private jet charter website.","breadcrumb":{"@id":"https:\/\/arribaair.com\/terms-of-service\/#breadcrumb"},"inLanguage":"es","potentialAction":[{"@type":"ReadAction","target":["https:\/\/arribaair.com\/terms-of-service\/"]}]},{"@type":"ImageObject","inLanguage":"es","@id":"https:\/\/arribaair.com\/terms-of-service\/#primaryimage","url":"https:\/\/arribaair.com\/wp-content\/uploads\/2025\/08\/favicon-arriba-air.png","contentUrl":"https:\/\/arribaair.com\/wp-content\/uploads\/2025\/08\/favicon-arriba-air.png","width":512,"height":512},{"@type":"BreadcrumbList","@id":"https:\/\/arribaair.com\/terms-of-service\/#breadcrumb","itemListElement":[{"@type":"ListItem","position":1,"name":"Home","item":"https:\/\/arribaair.com\/"},{"@type":"ListItem","position":2,"name":"Terms of Service"}]},{"@type":"WebSite","@id":"https:\/\/arribaair.com\/#website","url":"https:\/\/arribaair.com\/","name":"Arriba De Aire","description":"Private Jet Expert","publisher":{"@id":"https:\/\/arribaair.com\/#organization"},"potentialAction":[{"@type":"SearchAction","target":{"@type":"EntryPoint","urlTemplate":"https:\/\/arribaair.com\/?s={search_term_string}"},"query-input":{"@type":"PropertyValueSpecification","valueRequired":true,"valueName":"search_term_string"}}],"inLanguage":"es"},{"@type":"Organization","@id":"https:\/\/arribaair.com\/#organization","name":"Arriba De Aire","url":"https:\/\/arribaair.com\/","logo":{"@type":"ImageObject","inLanguage":"es","@id":"https:\/\/arribaair.com\/#\/schema\/logo\/image\/","url":"https:\/\/arribaair.com\/wp-content\/uploads\/2025\/08\/logo-arriba-air.png","contentUrl":"https:\/\/arribaair.com\/wp-content\/uploads\/2025\/08\/logo-arriba-air.png","width":1279,"height":327,"caption":"Arriba Air"},"image":{"@id":"https:\/\/arribaair.com\/#\/schema\/logo\/image\/"}}]}},"_links":{"self":[{"href":"https:\/\/arribaair.com\/es\/wp-json\/wp\/v2\/pages\/47","targetHints":{"allow":["GET"]}}],"collection":[{"href":"https:\/\/arribaair.com\/es\/wp-json\/wp\/v2\/pages"}],"about":[{"href":"https:\/\/arribaair.com\/es\/wp-json\/wp\/v2\/types\/page"}],"author":[{"embeddable":true,"href":"https:\/\/arribaair.com\/es\/wp-json\/wp\/v2\/users\/1"}],"replies":[{"embeddable":true,"href":"https:\/\/arribaair.com\/es\/wp-json\/wp\/v2\/comments?post=47"}],"version-history":[{"count":24,"href":"https:\/\/arribaair.com\/es\/wp-json\/wp\/v2\/pages\/47\/revisions"}],"predecessor-version":[{"id":1105,"href":"https:\/\/arribaair.com\/es\/wp-json\/wp\/v2\/pages\/47\/revisions\/1105"}],"wp:featuredmedia":[{"embeddable":true,"href":"https:\/\/arribaair.com\/es\/wp-json\/wp\/v2\/media\/238"}],"wp:attachment":[{"href":"https:\/\/arribaair.com\/es\/wp-json\/wp\/v2\/media?parent=47"}],"curies":[{"name":"wp","href":"https:\/\/api.w.org\/{rel}","templated":true}]}}