{"id":3,"date":"2025-04-01T13:10:01","date_gmt":"2025-04-01T13:10:01","guid":{"rendered":"https:\/\/arribaair.com\/?page_id=3"},"modified":"2025-09-18T22:13:45","modified_gmt":"2025-09-19T01:13:45","slug":"privacy-policy","status":"publish","type":"page","link":"https:\/\/arribaair.com\/es\/privacy-policy\/","title":{"rendered":"Pol\u00edtica De Privacidad"},"content":{"rendered":"<div data-elementor-type=\"wp-page\" data-elementor-id=\"3\" class=\"elementor elementor-3\" data-elementor-post-type=\"page\">\n\t\t\t\t<div class=\"elementor-element elementor-element-57233c2 e-flex e-con-boxed e-con e-parent\" data-id=\"57233c2\" data-element_type=\"container\" data-settings=\"{&quot;background_background&quot;:&quot;classic&quot;,&quot;background_motion_fx_motion_fx_scrolling&quot;:&quot;yes&quot;,&quot;background_motion_fx_scale_effect&quot;:&quot;yes&quot;,&quot;background_motion_fx_scale_direction&quot;:&quot;out-in&quot;,&quot;background_motion_fx_scale_speed&quot;:{&quot;unit&quot;:&quot;px&quot;,&quot;size&quot;:4,&quot;sizes&quot;:[]},&quot;background_motion_fx_scale_range&quot;:{&quot;unit&quot;:&quot;%&quot;,&quot;size&quot;:&quot;&quot;,&quot;sizes&quot;:{&quot;start&quot;:20,&quot;end&quot;:80}},&quot;background_motion_fx_devices&quot;:[&quot;widescreen&quot;,&quot;desktop&quot;,&quot;laptop&quot;,&quot;tablet_extra&quot;,&quot;tablet&quot;,&quot;mobile_extra&quot;,&quot;mobile&quot;]}\">\n\t\t\t\t\t<div class=\"e-con-inner\">\n\t\t\t\t<div class=\"elementor-element elementor-element-8b04dcc elementor-align-center elementor-widget elementor-widget-breadcrumbs\" data-id=\"8b04dcc\" data-element_type=\"widget\" data-widget_type=\"breadcrumbs.default\">\n\t\t\t\t\t<nav id=\"breadcrumbs\"><span><span><a href=\"https:\/\/arribaair.com\/es\/\">Casa<\/a><\/span><\/span><\/nav>\t\t\t\t<\/div>\n\t\t\t\t\t<\/div>\n\t\t\t\t<\/div>\n\t\t<div class=\"elementor-element elementor-element-b21cf15 e-flex e-con-boxed e-con e-parent\" data-id=\"b21cf15\" data-element_type=\"container\">\n\t\t\t\t\t<div class=\"e-con-inner\">\n\t\t\t\t<div class=\"elementor-element elementor-element-4822fb2 elementor-widget elementor-widget-text-editor\" data-id=\"4822fb2\" data-element_type=\"widget\" data-widget_type=\"text-editor.default\">\n\t\t\t\t\t\t\t\t\t<h1>Pol\u00edtica De Privacidad<\/h1>\n<p>\u00daltima Actualizaci\u00f3n: 29 De Agosto De 2025<\/p>\n\n<p>Su privacidad es importante para nosotros. Es Arriba de Aire \u2014 Jet Privado del Experto en pol\u00edtica para respetar su privacidad con respecto a cualquier informaci\u00f3n que podemos recopilar de usted a trav\u00e9s de nuestro sitio web, <a href=\"https:\/\/arribaair.com\/es\/\">https:\/\/www.arribaair.com\/<\/a>y otros sitios que poseen y operan.<\/p>\n\n<h2>1. La informaci\u00f3n que Recopilamos y C\u00f3mo la usamos<\/h2>\n<p>S\u00f3lo pedimos informaci\u00f3n personal cuando verdaderamente la necesidad de dar un servicio a usted. Recabamos de forma l\u00edcita y leal, con su conocimiento y consentimiento. Tambi\u00e9n permitir\u00e1 saber por qu\u00e9 estamos recolectando es y c\u00f3mo ser\u00e1 utilizada.<\/p>\n\n<h2>2. Retenci\u00f3n de datos y la Protecci\u00f3n<\/h2>\n<p>S\u00f3lo retenemos la informaci\u00f3n recopilada durante el tiempo necesario para proveer de usted con el servicio solicitado. Qu\u00e9 datos debemos tienda, vamos a proteger dentro de los medios comercialmente aceptables para evitar la p\u00e9rdida y robo, as\u00ed como el acceso no autorizado, divulgaci\u00f3n, copia, uso o modificaci\u00f3n.<\/p>\n\n<h2>3. El intercambio de Informaci\u00f3n<\/h2>\n<p>No compartimos ninguna informaci\u00f3n que lo identifique p\u00fablicamente o con terceros, excepto cuando sea requerido por la ley.<\/p>\n\n<h2>4. Sitios Web Externos<\/h2>\n<p>\u00daltima Atualiza\u00e7\u00e3o: 29 De Agosto, 2025<\/p>\n\n<h2>A sua privacidade \u00e9 importante para n\u00f3s. \u00c9 Arriba Ar \u2014 Jato Particular do Especialista em pol\u00edtica respeitar a sua privacidade em rela\u00e7\u00e3o a qualquer informa\u00e7\u00e3o que coletamos de voc\u00ea em nosso site,<\/h2>\n<p>Usted es libre de rechazar nuestra solicitud de su informaci\u00f3n personal, con el entendimiento de que podemos ser incapaces de proporcionar usted con algunos de sus servicios deseados.<\/p>\n<p>e outros sites que possuem e operam.<\/p>\n\n<h2>1. Informa\u00e7\u00f5es que Coletamos e Como iremos utiliz\u00e1-Lo<\/h2>\n<p>S\u00f3 pedimos informa\u00e7\u00f5es pessoais quando realmente necess\u00e1rio para fornecer um servi\u00e7o para voc\u00ea. N\u00f3s coletamos por meios justos e legais, com o seu conhecimento e consentimento. Temos tamb\u00e9m que voc\u00ea sabe porque estamos a recolher e como esta pode ser utilizada.<\/p>\n\n<h3>2. Reten\u00e7\u00e3o de dados e a Prote\u00e7\u00e3o<\/h3>\n<p>N\u00f3s apenas reter informa\u00e7\u00f5es coletadas pelo tempo que for necess\u00e1rio para fornecer o servi\u00e7o solicitado. Os dados que armazenamos, n\u00f3s vamos proteger dentro de meios comercialmente aceit\u00e1veis para prevenir roubo e perda, bem como o acesso n\u00e3o autorizado, divulga\u00e7\u00e3o, c\u00f3pia, uso ou modifica\u00e7\u00e3o.<\/p>\n\n<h3>3. Compartilhamento de Informa\u00e7\u00f5es<\/h3>\n<p>N\u00f3s n\u00e3o compartilhamos qualquer informa\u00e7\u00e3o de identifica\u00e7\u00e3o pessoal publicamente, ou com terceiros, exceto quando exigido por lei.<\/p>\n\n<h3>4. Sites Externos<\/h3>\n<p>Os nossos websites podem conter links para sites externos que n\u00e3o s\u00e3o operados por n\u00f3s. Por favor, esteja ciente de que n\u00f3s n\u00e3o temos nenhum controle sobre o conte\u00fado e pr\u00e1ticas de tais sites e n\u00e3o pode aceitar a responsabilidade por suas respectivas pol\u00edticas de privacidade.<\/p>\n\n<p>5. Seus Direitos e Escolhas<\/p>\n\n<h2>Voc\u00ea \u00e9 livre para recusar o nosso pedido para que as suas informa\u00e7\u00f5es pessoais, com o entendimento de que podemos n\u00e3o ser capazes de fornecer-lhe alguns dos seus servi\u00e7os desejados.<\/h2>\n\n<h3>Seu uso continuado do site ser\u00e1 considerado como aceita\u00e7\u00e3o de nossas pr\u00e1ticas em torno de privacidade e informa\u00e7\u00f5es pessoais. Se voc\u00ea tiver qualquer d\u00favida sobre como lidamos com os dados do usu\u00e1rio e informa\u00e7\u00f5es pessoais, sinta-se livre para contactar-nos.<\/h3>\n<p>6. Prote\u00e7\u00e3o e Conformidade de dados<\/p>\n\n<h3>Arriba Ar compromete-se a cumprir com a prote\u00e7\u00e3o de dados global e os regulamentos de privacidade. Isso inclui, mas n\u00e3o est\u00e1 limitado a:<\/h3>\n<p>GDPR (Geral de Prote\u00e7\u00e3o de Dados Regulamento \u2013 Uni\u00e3o Europeia)<\/p>\n\n<h3>N\u00f3s respeitamos os direitos de UE os usu\u00e1rios a respeito de consentimento, de acesso, de rectifica\u00e7\u00e3o, a portabilidade e a elimina\u00e7\u00e3o dos seus dados pessoais.<\/h3>\n<p>LGPD (Lei Geral de Prote\u00e7\u00e3o de Dados \u2013 Brasil)<\/p>\n\n<h3>Seguimos os princ\u00edpios de transpar\u00eancia, a limita\u00e7\u00e3o da finalidade, necessidade, e a presta\u00e7\u00e3o de contas para o processamento de dados pessoais de usu\u00e1rios Brasileiros.<\/h3>\n<p>CCPA (Calif\u00f3rnia Consumidor Lei de Privacidade dos Estados Unidos)<\/p>\n\n<h2>N\u00f3s garantir os residentes da Calif\u00f3rnia t\u00eam o direito de saber o que os dados s\u00e3o coletados, o pedido de exclus\u00e3o e de opt-out de compartilhar dados.<\/h2>\n<p>Ao aderir a estas estruturas, Arriba Ar garante a sua informa\u00e7\u00e3o pessoal \u00e9 tratada com os mais altos padr\u00f5es de privacidade, transpar\u00eancia e seguran\u00e7a em todo o mundo.<\/p>\n<p>7. Pol\u00edtica De Cookies<\/p>\n<p>O Que S\u00e3o Cookies?<\/p>\n<p>Como \u00e9 uma pr\u00e1tica comum com quase todos os websites profissionais este site usa cookies, que s\u00e3o pequenos arquivos que s\u00e3o baixados para o computador, para melhorar a sua experi\u00eancia. Esta p\u00e1gina descreve qual a informa\u00e7\u00e3o que recolhemos, como a utilizamos e por que \u00e0s vezes \u00e9 preciso armazenar esses cookies. Vamos tamb\u00e9m compartilhar como voc\u00ea pode evitar esses cookies sejam armazenados no entanto, este pode reduzir ou 'quebra' de determinados elementos dos sites funcionalidade.<\/p>\n\n<h2>Como N\u00f3s Usamos Cookies<\/h2>\n<p>N\u00f3s usamos cookies para uma variedade de raz\u00f5es detalhadas abaixo. Infelizmente, na maioria dos casos, n\u00e3o h\u00e1 padr\u00e3o da ind\u00fastria op\u00e7\u00f5es para desactivar os cookies, sem desabilitar completamente a funcionalidade e os recursos que eles adicionar a este site. \u00c9 recomend\u00e1vel que voc\u00ea deixe todos os cookies, se voc\u00ea n\u00e3o tiver certeza se precisa deles, ou n\u00e3o, no caso, eles s\u00e3o usados para fornecer um servi\u00e7o que voc\u00ea usa.<\/p>\n\n<p>Desativando Os Cookies<\/p>\t\t\t\t\t\t\t\t<\/div>\n\t\t\t\t\t<\/div>\n\t\t\t\t<\/div>\n\t\t\t\t<\/div>","protected":false},"excerpt":{"rendered":"<p>This Privacy Policy page for Arriba Air \u2014 Private Jet Expert outlines the company&#8217;s commitment to user privacy and data security. It details what information is collected, how it is used, stored, and protected. The policy explicitly states the company&#8217;s compliance with major international regulations like GDPR, LGPD, and CCPA. It also includes a comprehensive Cookie Policy explaining the use of cookies on the site and user responsibilities. The document is designed to be transparent, assuring users that their personal data is handled with the utmost care and in accordance with global legal standards.<\/p>","protected":false},"author":1,"featured_media":238,"parent":0,"menu_order":0,"comment_status":"closed","ping_status":"closed","template":"elementor_header_footer","meta":{"_joinchat":[],"footnotes":""},"class_list":["post-3","page","type-page","status-publish","has-post-thumbnail","hentry"],"yoast_head":"<!-- This site is optimized with the Yoast SEO plugin v26.5 - https:\/\/yoast.com\/wordpress\/plugins\/seo\/ -->\n<title>Privacy Policy | Arriba Air - Private Jet Expert<\/title>\n<meta name=\"description\" content=\"Read Arriba Air&#039;s Privacy Policy. Learn how we collect, use, and protect your data in compliance with GDPR, LGPD, and CCPA. Your privacy is our priority.\" \/>\n<meta name=\"robots\" content=\"index, follow, max-snippet:-1, max-image-preview:large, max-video-preview:-1\" \/>\n<link rel=\"canonical\" href=\"https:\/\/arribaair.com\/es\/privacy-policy\/\" \/>\n<meta property=\"og:locale\" content=\"es_ES\" \/>\n<meta property=\"og:type\" content=\"article\" \/>\n<meta property=\"og:title\" content=\"Privacy Policy | Arriba Air - Private Jet Expert\" \/>\n<meta property=\"og:description\" content=\"Read Arriba Air&#039;s Privacy Policy. Learn how we collect, use, and protect your data in compliance with GDPR, LGPD, and CCPA. Your privacy is our priority.\" \/>\n<meta property=\"og:url\" content=\"https:\/\/arribaair.com\/es\/privacy-policy\/\" \/>\n<meta property=\"og:site_name\" content=\"Arriba Air\" \/>\n<meta property=\"article:modified_time\" content=\"2025-09-19T01:13:45+00:00\" \/>\n<meta property=\"og:image\" content=\"https:\/\/arribaair.com\/wp-content\/uploads\/2025\/08\/favicon-arriba-air.png\" \/>\n\t<meta property=\"og:image:width\" content=\"512\" \/>\n\t<meta property=\"og:image:height\" content=\"512\" \/>\n\t<meta property=\"og:image:type\" content=\"image\/png\" \/>\n<meta name=\"twitter:card\" content=\"summary_large_image\" \/>\n<meta name=\"twitter:label1\" content=\"Tiempo de lectura\" \/>\n\t<meta name=\"twitter:data1\" content=\"5 minutos\" \/>\n<script type=\"application\/ld+json\" class=\"yoast-schema-graph\">{\"@context\":\"https:\/\/schema.org\",\"@graph\":[{\"@type\":\"WebPage\",\"@id\":\"https:\/\/arribaair.com\/privacy-policy\/\",\"url\":\"https:\/\/arribaair.com\/privacy-policy\/\",\"name\":\"Privacy Policy | Arriba Air - Private Jet Expert\",\"isPartOf\":{\"@id\":\"https:\/\/arribaair.com\/#website\"},\"primaryImageOfPage\":{\"@id\":\"https:\/\/arribaair.com\/privacy-policy\/#primaryimage\"},\"image\":{\"@id\":\"https:\/\/arribaair.com\/privacy-policy\/#primaryimage\"},\"thumbnailUrl\":\"https:\/\/arribaair.com\/wp-content\/uploads\/2025\/08\/favicon-arriba-air.png\",\"datePublished\":\"2025-04-01T13:10:01+00:00\",\"dateModified\":\"2025-09-19T01:13:45+00:00\",\"description\":\"Read Arriba Air's Privacy Policy. Learn how we collect, use, and protect your data in compliance with GDPR, LGPD, and CCPA. Your privacy is our priority.\",\"breadcrumb\":{\"@id\":\"https:\/\/arribaair.com\/privacy-policy\/#breadcrumb\"},\"inLanguage\":\"es\",\"potentialAction\":[{\"@type\":\"ReadAction\",\"target\":[\"https:\/\/arribaair.com\/privacy-policy\/\"]}]},{\"@type\":\"ImageObject\",\"inLanguage\":\"es\",\"@id\":\"https:\/\/arribaair.com\/privacy-policy\/#primaryimage\",\"url\":\"https:\/\/arribaair.com\/wp-content\/uploads\/2025\/08\/favicon-arriba-air.png\",\"contentUrl\":\"https:\/\/arribaair.com\/wp-content\/uploads\/2025\/08\/favicon-arriba-air.png\",\"width\":512,\"height\":512},{\"@type\":\"BreadcrumbList\",\"@id\":\"https:\/\/arribaair.com\/privacy-policy\/#breadcrumb\",\"itemListElement\":[{\"@type\":\"ListItem\",\"position\":1,\"name\":\"Home\",\"item\":\"https:\/\/arribaair.com\/\"},{\"@type\":\"ListItem\",\"position\":2,\"name\":\"Privacy Policy\"}]},{\"@type\":\"WebSite\",\"@id\":\"https:\/\/arribaair.com\/#website\",\"url\":\"https:\/\/arribaair.com\/\",\"name\":\"Arriba Air\",\"description\":\"Private Jet Expert\",\"publisher\":{\"@id\":\"https:\/\/arribaair.com\/#organization\"},\"potentialAction\":[{\"@type\":\"SearchAction\",\"target\":{\"@type\":\"EntryPoint\",\"urlTemplate\":\"https:\/\/arribaair.com\/?s={search_term_string}\"},\"query-input\":{\"@type\":\"PropertyValueSpecification\",\"valueRequired\":true,\"valueName\":\"search_term_string\"}}],\"inLanguage\":\"es\"},{\"@type\":\"Organization\",\"@id\":\"https:\/\/arribaair.com\/#organization\",\"name\":\"Arriba Air\",\"url\":\"https:\/\/arribaair.com\/\",\"logo\":{\"@type\":\"ImageObject\",\"inLanguage\":\"es\",\"@id\":\"https:\/\/arribaair.com\/#\/schema\/logo\/image\/\",\"url\":\"https:\/\/arribaair.com\/wp-content\/uploads\/2025\/08\/logo-arriba-air.png\",\"contentUrl\":\"https:\/\/arribaair.com\/wp-content\/uploads\/2025\/08\/logo-arriba-air.png\",\"width\":1279,\"height\":327,\"caption\":\"Arriba Air\"},\"image\":{\"@id\":\"https:\/\/arribaair.com\/#\/schema\/logo\/image\/\"}}]}<\/script>\n<!-- \/ Yoast SEO plugin. -->","yoast_head_json":{"title":"Privacy Policy | Arriba Air - Private Jet Expert","description":"Read Arriba Air's Privacy Policy. Learn how we collect, use, and protect your data in compliance with GDPR, LGPD, and CCPA. Your privacy is our priority.","robots":{"index":"index","follow":"follow","max-snippet":"max-snippet:-1","max-image-preview":"max-image-preview:large","max-video-preview":"max-video-preview:-1"},"canonical":"https:\/\/arribaair.com\/es\/privacy-policy\/","og_locale":"es_ES","og_type":"article","og_title":"Privacy Policy | Arriba Air - Private Jet Expert","og_description":"Read Arriba Air's Privacy Policy. Learn how we collect, use, and protect your data in compliance with GDPR, LGPD, and CCPA. Your privacy is our priority.","og_url":"https:\/\/arribaair.com\/es\/privacy-policy\/","og_site_name":"Arriba Air","article_modified_time":"2025-09-19T01:13:45+00:00","og_image":[{"width":512,"height":512,"url":"https:\/\/arribaair.com\/wp-content\/uploads\/2025\/08\/favicon-arriba-air.png","type":"image\/png"}],"twitter_card":"summary_large_image","twitter_misc":{"Tiempo de lectura":"5 minutos"},"schema":{"@context":"https:\/\/schema.org","@graph":[{"@type":"WebPage","@id":"https:\/\/arribaair.com\/privacy-policy\/","url":"https:\/\/arribaair.com\/privacy-policy\/","name":"Privacy Policy | Arriba Air - Private Jet Expert","isPartOf":{"@id":"https:\/\/arribaair.com\/#website"},"primaryImageOfPage":{"@id":"https:\/\/arribaair.com\/privacy-policy\/#primaryimage"},"image":{"@id":"https:\/\/arribaair.com\/privacy-policy\/#primaryimage"},"thumbnailUrl":"https:\/\/arribaair.com\/wp-content\/uploads\/2025\/08\/favicon-arriba-air.png","datePublished":"2025-04-01T13:10:01+00:00","dateModified":"2025-09-19T01:13:45+00:00","description":"Read Arriba Air's Privacy Policy. Learn how we collect, use, and protect your data in compliance with GDPR, LGPD, and CCPA. Your privacy is our priority.","breadcrumb":{"@id":"https:\/\/arribaair.com\/privacy-policy\/#breadcrumb"},"inLanguage":"es","potentialAction":[{"@type":"ReadAction","target":["https:\/\/arribaair.com\/privacy-policy\/"]}]},{"@type":"ImageObject","inLanguage":"es","@id":"https:\/\/arribaair.com\/privacy-policy\/#primaryimage","url":"https:\/\/arribaair.com\/wp-content\/uploads\/2025\/08\/favicon-arriba-air.png","contentUrl":"https:\/\/arribaair.com\/wp-content\/uploads\/2025\/08\/favicon-arriba-air.png","width":512,"height":512},{"@type":"BreadcrumbList","@id":"https:\/\/arribaair.com\/privacy-policy\/#breadcrumb","itemListElement":[{"@type":"ListItem","position":1,"name":"Home","item":"https:\/\/arribaair.com\/"},{"@type":"ListItem","position":2,"name":"Privacy Policy"}]},{"@type":"WebSite","@id":"https:\/\/arribaair.com\/#website","url":"https:\/\/arribaair.com\/","name":"Arriba De Aire","description":"Private Jet Expert","publisher":{"@id":"https:\/\/arribaair.com\/#organization"},"potentialAction":[{"@type":"SearchAction","target":{"@type":"EntryPoint","urlTemplate":"https:\/\/arribaair.com\/?s={search_term_string}"},"query-input":{"@type":"PropertyValueSpecification","valueRequired":true,"valueName":"search_term_string"}}],"inLanguage":"es"},{"@type":"Organization","@id":"https:\/\/arribaair.com\/#organization","name":"Arriba De Aire","url":"https:\/\/arribaair.com\/","logo":{"@type":"ImageObject","inLanguage":"es","@id":"https:\/\/arribaair.com\/#\/schema\/logo\/image\/","url":"https:\/\/arribaair.com\/wp-content\/uploads\/2025\/08\/logo-arriba-air.png","contentUrl":"https:\/\/arribaair.com\/wp-content\/uploads\/2025\/08\/logo-arriba-air.png","width":1279,"height":327,"caption":"Arriba Air"},"image":{"@id":"https:\/\/arribaair.com\/#\/schema\/logo\/image\/"}}]}},"_links":{"self":[{"href":"https:\/\/arribaair.com\/es\/wp-json\/wp\/v2\/pages\/3","targetHints":{"allow":["GET"]}}],"collection":[{"href":"https:\/\/arribaair.com\/es\/wp-json\/wp\/v2\/pages"}],"about":[{"href":"https:\/\/arribaair.com\/es\/wp-json\/wp\/v2\/types\/page"}],"author":[{"embeddable":true,"href":"https:\/\/arribaair.com\/es\/wp-json\/wp\/v2\/users\/1"}],"replies":[{"embeddable":true,"href":"https:\/\/arribaair.com\/es\/wp-json\/wp\/v2\/comments?post=3"}],"version-history":[{"count":19,"href":"https:\/\/arribaair.com\/es\/wp-json\/wp\/v2\/pages\/3\/revisions"}],"predecessor-version":[{"id":1111,"href":"https:\/\/arribaair.com\/es\/wp-json\/wp\/v2\/pages\/3\/revisions\/1111"}],"wp:featuredmedia":[{"embeddable":true,"href":"https:\/\/arribaair.com\/es\/wp-json\/wp\/v2\/media\/238"}],"wp:attachment":[{"href":"https:\/\/arribaair.com\/es\/wp-json\/wp\/v2\/media?parent=3"}],"curies":[{"name":"wp","href":"https:\/\/api.w.org\/{rel}","templated":true}]}}