{"id":47,"date":"2025-06-16T08:47:48","date_gmt":"2025-06-16T11:47:48","guid":{"rendered":"https:\/\/arribaair.com\/?page_id=47"},"modified":"2025-09-18T22:13:04","modified_gmt":"2025-09-19T01:13:04","slug":"terms-of-service","status":"publish","type":"page","link":"https:\/\/arribaair.com\/de\/terms-of-service\/","title":{"rendered":"Terms of Service"},"content":{"rendered":"<div data-elementor-type=\"wp-page\" data-elementor-id=\"47\" class=\"elementor elementor-47\" data-elementor-post-type=\"page\">\n\t\t\t\t<div class=\"elementor-element elementor-element-d356111 e-flex e-con-boxed e-con e-parent\" data-id=\"d356111\" data-element_type=\"container\" data-settings=\"{&quot;background_background&quot;:&quot;classic&quot;,&quot;background_motion_fx_motion_fx_scrolling&quot;:&quot;yes&quot;,&quot;background_motion_fx_scale_effect&quot;:&quot;yes&quot;,&quot;background_motion_fx_scale_direction&quot;:&quot;out-in&quot;,&quot;background_motion_fx_scale_speed&quot;:{&quot;unit&quot;:&quot;px&quot;,&quot;size&quot;:4,&quot;sizes&quot;:[]},&quot;background_motion_fx_scale_range&quot;:{&quot;unit&quot;:&quot;%&quot;,&quot;size&quot;:&quot;&quot;,&quot;sizes&quot;:{&quot;start&quot;:20,&quot;end&quot;:80}},&quot;background_motion_fx_devices&quot;:[&quot;widescreen&quot;,&quot;desktop&quot;,&quot;laptop&quot;,&quot;tablet_extra&quot;,&quot;tablet&quot;,&quot;mobile_extra&quot;,&quot;mobile&quot;]}\">\n\t\t\t\t\t<div class=\"e-con-inner\">\n\t\t\t\t<div class=\"elementor-element elementor-element-b83d0e0 elementor-align-center elementor-widget elementor-widget-breadcrumbs\" data-id=\"b83d0e0\" data-element_type=\"widget\" data-widget_type=\"breadcrumbs.default\">\n\t\t\t\t\t<nav id=\"breadcrumbs\"><span><span><a href=\"https:\/\/arribaair.com\/de\/\">Home<\/a><\/span><\/span><\/nav>\t\t\t\t<\/div>\n\t\t\t\t\t<\/div>\n\t\t\t\t<\/div>\n\t\t<div class=\"elementor-element elementor-element-591d4e4 e-flex e-con-boxed e-con e-parent\" data-id=\"591d4e4\" data-element_type=\"container\">\n\t\t\t\t\t<div class=\"e-con-inner\">\n\t\t\t\t<div class=\"elementor-element elementor-element-ad05422 elementor-widget elementor-widget-heading\" data-id=\"ad05422\" data-element_type=\"widget\" data-widget_type=\"heading.default\">\n\t\t\t\t\t<h2 class=\"elementor-heading-title elementor-size-default\">Terms of Service<\/h2>\t\t\t\t<\/div>\n\t\t\t\t<div class=\"elementor-element elementor-element-e7f558e elementor-widget elementor-widget-heading\" data-id=\"e7f558e\" data-element_type=\"widget\" data-widget_type=\"heading.default\">\n\t\t\t\t\t<h3 class=\"elementor-heading-title elementor-size-default\">1. Bedingungen<\/h3>\t\t\t\t<\/div>\n\t\t\t\t<div class=\"elementor-element elementor-element-9d9dcc8 elementor-widget elementor-widget-text-editor\" data-id=\"9d9dcc8\" data-element_type=\"widget\" data-widget_type=\"text-editor.default\">\n\t\t\t\t\t\t\t\t\t<p>Durch die Nutzung der Webseite an <a href=\"https:\/\/arribaair.com\/de\/\">Arribar Luft \u2014 Private-Jet-Experten<\/a> Sie Stimmen zu werden gebunden durch diese Nutzungsbedingungen, alle anwendbaren Gesetze und Vorschriften, und Stimmen zu, dass Sie die Verantwortung f\u00fcr die Einhaltung aller geltenden lokalen Gesetze sind. Wenn Sie nicht einverstanden mit diesen Nutzungsbedingungen, ist es Ihnen untersagt, die aus der Nutzung oder dem Zugriff auf diese Website. Die Materialien auf dieser website enthalten sind, sind durch geltende Urheber-und Markenrecht.<\/p>\t\t\t\t\t\t\t\t<\/div>\n\t\t\t\t<div class=\"elementor-element elementor-element-11cf92c elementor-widget elementor-widget-heading\" data-id=\"11cf92c\" data-element_type=\"widget\" data-widget_type=\"heading.default\">\n\t\t\t\t\t<h3 class=\"elementor-heading-title elementor-size-default\">2. Lizenz<\/h3>\t\t\t\t<\/div>\n\t\t\t\t<div class=\"elementor-element elementor-element-1c24d30 elementor-widget elementor-widget-text-editor\" data-id=\"1c24d30\" data-element_type=\"widget\" data-widget_type=\"text-editor.default\">\n\t\t\t\t\t\t\t\t\t<p>Es ist erlaubt, vor\u00fcbergehend downloaden eine Kopie der Materialien (Informationen oder software) auf Arribar Luft \u2014 Private-Jet-Experte der website f\u00fcr pers\u00f6nliche, non-commercial transitory viewing only. Dies ist die Erteilung einer Lizenz, nicht eine \u00fcbertragung von Titel, und unter dieser Lizenz d\u00fcrfen Sie nicht:<\/p><p>\u00e4ndern oder kopieren Sie die Materialien;<br \/>\u2013 verwenden Sie die Materialien f\u00fcr kommerzielle Zwecke oder f\u00fcr \u00f6ffentliche Anzeige (kommerzielle oder nicht-kommerzielle);<br \/>\u2013 Versuch zu dekompilieren oder reverse engineer jede software, die sich auf Arribar Luft \u2014 Private-Jet-Experte Webseite;<br \/>\u2013 entfernen Sie alle Urheberrechts-oder andere gesch\u00fctzte Bezeichnungen aus den Materialien; oder<br \/>\u2013 \u00fcbertragen Sie die Materialien an eine andere person oder \"Spiegel\" die Materialien auf einem anderen server.<\/p><p>Diese Lizenz endet automatisch, wenn Sie gegen diese Einschr\u00e4nkungen und kann beendet werden, indem Arribar Luft \u2014 Private-Jet-Experten zu jeder Zeit. Nach Beendigung Ihrer Betrachtung dieser Materialien oder nach Beendigung dieser Lizenz m\u00fcssen Sie alle heruntergeladenen Materialien in Ihrem Besitz, ob in elektronischer oder gedruckter Form.<\/p>\t\t\t\t\t\t\t\t<\/div>\n\t\t\t\t<div class=\"elementor-element elementor-element-d736c19 elementor-widget elementor-widget-heading\" data-id=\"d736c19\" data-element_type=\"widget\" data-widget_type=\"heading.default\">\n\t\t\t\t\t<h3 class=\"elementor-heading-title elementor-size-default\">3. Haftungsausschluss\n<\/h3>\t\t\t\t<\/div>\n\t\t\t\t<div class=\"elementor-element elementor-element-5e0b89e elementor-widget elementor-widget-text-editor\" data-id=\"5e0b89e\" data-element_type=\"widget\" data-widget_type=\"text-editor.default\">\n\t\t\t\t\t\t\t\t\t<p>Die Materialien auf Arribar Luft \u2014 Private-Jet-Experte der website sind auf einer \"wie es ist\" - basis. Arribar Luft \u2014 Private-Jet-Experten macht keine Garantien, ausdr\u00fccklich oder stillschweigend, und lehnt hiermit und negiert alle anderen Garantien, einschlie\u00dflich, ohne Einschr\u00e4nkung, STILLSCHWEIGENDE Garantien oder Bedingungen der MARKTG\u00c4NGIGKEIT, der EIGNUNG f\u00fcr einen bestimmten Zweck, oder Nichtverletzung von geistigem Eigentum oder sonstige Verletzung der Rechte.<\/p><p>Weitere, Arribar Luft \u2014 Private Jet Expert ' s \u00fcbernimmt keine Garantie oder Zusicherungen hinsichtlich der Genauigkeit, zu erwartenden Ergebnisse oder der Zuverl\u00e4ssigkeit der Verwendung der Materialien auf Ihrer website oder anderweitig in Bezug auf solche Materialien oder auf Websites, die mit dieser Website verlinkt.<\/p>\t\t\t\t\t\t\t\t<\/div>\n\t\t\t\t<div class=\"elementor-element elementor-element-2fcf1c9 elementor-widget elementor-widget-heading\" data-id=\"2fcf1c9\" data-element_type=\"widget\" data-widget_type=\"heading.default\">\n\t\t\t\t\t<h3 class=\"elementor-heading-title elementor-size-default\">4. Einschr\u00e4nkungen\n<\/h3>\t\t\t\t<\/div>\n\t\t\t\t<div class=\"elementor-element elementor-element-14ff958 elementor-widget elementor-widget-text-editor\" data-id=\"14ff958\" data-element_type=\"widget\" data-widget_type=\"text-editor.default\">\n\t\t\t\t\t\t\t\t\t<p>In no event shall Arribar Luft \u2014 Private-Jet-Experte oder seine Lieferanten haftbar f\u00fcr irgendwelche Sch\u00e4den (einschlie\u00dflich, ohne Einschr\u00e4nkung, Sch\u00e4den f\u00fcr den Verlust von Daten oder Gewinn, oder wegen Betriebsunterbrechung), die aus der Nutzung oder Unm\u00f6glichkeit der Nutzung der Materialien auf Arribar Luft \u2014 Private-Jet-Experte der website, auch wenn Arribar Luft \u2014 Private-Jet-Experten oder ein Arribar Luft \u2014 Private-Jet-Experte von seinem bevollm\u00e4chtigten mitgeteilt wurde m\u00fcndlich oder schriftlich auf die M\u00f6glichkeit solcher Sch\u00e4den. Da einige GERICHTSBARKEITEN erlauben keine Einschr\u00e4nkungen stillschweigender Garantien oder Beschr\u00e4nkungen der Haftung f\u00fcr Folgesch\u00e4den oder MITTELBARE Sch\u00e4den, diese Einschr\u00e4nkungen gelten m\u00f6glicherweise nicht f\u00fcr Sie.<\/p>\t\t\t\t\t\t\t\t<\/div>\n\t\t\t\t<div class=\"elementor-element elementor-element-7562523 elementor-widget elementor-widget-heading\" data-id=\"7562523\" data-element_type=\"widget\" data-widget_type=\"heading.default\">\n\t\t\t\t\t<h3 class=\"elementor-heading-title elementor-size-default\">5. Genauigkeit der Materialien\n<\/h3>\t\t\t\t<\/div>\n\t\t\t\t<div class=\"elementor-element elementor-element-dfafb3b elementor-widget elementor-widget-text-editor\" data-id=\"dfafb3b\" data-element_type=\"widget\" data-widget_type=\"text-editor.default\">\n\t\t\t\t\t\t\t\t\t<p>Die Materialien, die auf Arribar Luft \u2014 Private-Jet-Experte der website k\u00f6nnten technische, typographische oder photographische Fehler. Arribar Luft \u2014 Private-Jet-Experten garantiert nicht, dass einer der Materialien auf Ihrer website richtig, vollst\u00e4ndig oder aktuell sind. Arribar Luft \u2014 Private-Jet-Experte ist, kann \u00e4nderungen an den Materialien auf der website jederzeit und ohne Vorherige Ank\u00fcndigung. Allerdings Arribar Luft \u2014 Private Jet Expert ' s \u00fcbernimmt keine Verpflichtung zur Aktualisierung der Materialien.<\/p>\t\t\t\t\t\t\t\t<\/div>\n\t\t\t\t<div class=\"elementor-element elementor-element-c27b6c8 elementor-widget elementor-widget-heading\" data-id=\"c27b6c8\" data-element_type=\"widget\" data-widget_type=\"heading.default\">\n\t\t\t\t\t<h3 class=\"elementor-heading-title elementor-size-default\">6. Links\n<\/h3>\t\t\t\t<\/div>\n\t\t\t\t<div class=\"elementor-element elementor-element-fb142d3 elementor-widget elementor-widget-text-editor\" data-id=\"fb142d3\" data-element_type=\"widget\" data-widget_type=\"text-editor.default\">\n\t\t\t\t\t\t\t\t\tArribar Luft \u2014 Private-Jet-Experte hat nicht alle Seiten \u00fcberpr\u00fcft, die mit Ihrer Webseite und ist nicht verantwortlich f\u00fcr den Inhalt der verlinkten Seite. Die Aufnahme eines Links bedeutet nicht die Billigung durch Arribar Luft \u2014 Private-Jet-Experten von der Website. Die Verwendung eines solchen verlinkten website erfolgt auf eigene Gefahr des Nutzers.\t\t\t\t\t\t\t\t<\/div>\n\t\t\t\t<div class=\"elementor-element elementor-element-fd790a7 elementor-widget elementor-widget-heading\" data-id=\"fd790a7\" data-element_type=\"widget\" data-widget_type=\"heading.default\">\n\t\t\t\t\t<h3 class=\"elementor-heading-title elementor-size-default\">7. \u00c4nderungen\n<\/h3>\t\t\t\t<\/div>\n\t\t\t\t<div class=\"elementor-element elementor-element-d2f022b elementor-widget elementor-widget-text-editor\" data-id=\"d2f022b\" data-element_type=\"widget\" data-widget_type=\"text-editor.default\">\n\t\t\t\t\t\t\t\t\tArribar Luft \u2014 Private-Jet-Experten korrigieren kann diese Nutzungsbedingungen f\u00fcr seine website jederzeit und ohne Vorherige Ank\u00fcndigung. Durch die Nutzung dieser website erkl\u00e4ren Sie gebunden zu sein, durch die dann aktuelle version dieser Nutzungsbedingungen.\n\n\t\t\t\t\t\t\t\t<\/div>\n\t\t\t\t<div class=\"elementor-element elementor-element-410609d elementor-widget elementor-widget-heading\" data-id=\"410609d\" data-element_type=\"widget\" data-widget_type=\"heading.default\">\n\t\t\t\t\t<h3 class=\"elementor-heading-title elementor-size-default\">8. Anwendbares Recht<\/h3>\t\t\t\t<\/div>\n\t\t\t\t<div class=\"elementor-element elementor-element-32d37b5 elementor-widget elementor-widget-text-editor\" data-id=\"32d37b5\" data-element_type=\"widget\" data-widget_type=\"text-editor.default\">\n\t\t\t\t\t\t\t\t\tDiese Allgemeinen Gesch\u00e4ftsbedingungen werden geregelt und ausgelegt in \u00fcbereinstimmung mit den Gesetzen von Arribar Luft \u2014 Private-Jet-Expert und Sie Unterwerfen sich unwiderruflich der ausschlie\u00dflichen Rechtsprechung der Gerichte in diesem Staat oder Ort.\n\n\t\t\t\t\t\t\t\t<\/div>\n\t\t\t\t\t<\/div>\n\t\t\t\t<\/div>\n\t\t\t\t<\/div>","protected":false},"excerpt":{"rendered":"<p>Read Arribar Air&#8217;s Terms of Service. Learn about the rules, licenses, limitations, and conditions governing the use of our private jet charter website.<\/p>","protected":false},"author":1,"featured_media":238,"parent":0,"menu_order":0,"comment_status":"closed","ping_status":"closed","template":"","meta":{"_joinchat":[],"footnotes":""},"class_list":["post-47","page","type-page","status-publish","has-post-thumbnail","hentry"],"yoast_head":"<!-- This site is optimized with the Yoast SEO plugin v26.5 - https:\/\/yoast.com\/wordpress\/plugins\/seo\/ -->\n<title>Terms of Service | Arriba Air<\/title>\n<meta name=\"description\" content=\"Read Arribar Air&#039;s Terms of Service. Learn about the rules, licenses, limitations, and conditions governing the use of our private jet charter website.\" \/>\n<meta name=\"robots\" content=\"index, follow, max-snippet:-1, max-image-preview:large, max-video-preview:-1\" \/>\n<link rel=\"canonical\" href=\"https:\/\/arribaair.com\/de\/terms-of-service\/\" \/>\n<meta property=\"og:locale\" content=\"de_DE\" \/>\n<meta property=\"og:type\" content=\"article\" \/>\n<meta property=\"og:title\" content=\"Terms of Service | Arriba Air\" \/>\n<meta property=\"og:description\" content=\"Read Arribar Air&#039;s Terms of Service. Learn about the rules, licenses, limitations, and conditions governing the use of our private jet charter website.\" \/>\n<meta property=\"og:url\" content=\"https:\/\/arribaair.com\/de\/terms-of-service\/\" \/>\n<meta property=\"og:site_name\" content=\"Arriba Air\" \/>\n<meta property=\"article:modified_time\" content=\"2025-09-19T01:13:04+00:00\" \/>\n<meta property=\"og:image\" content=\"https:\/\/arribaair.com\/wp-content\/uploads\/2025\/08\/favicon-arriba-air.png\" \/>\n\t<meta property=\"og:image:width\" content=\"512\" \/>\n\t<meta property=\"og:image:height\" content=\"512\" \/>\n\t<meta property=\"og:image:type\" content=\"image\/png\" \/>\n<meta name=\"twitter:card\" content=\"summary_large_image\" \/>\n<meta name=\"twitter:label1\" content=\"Gesch\u00e4tzte Lesezeit\" \/>\n\t<meta name=\"twitter:data1\" content=\"4\u00a0Minuten\" \/>\n<script type=\"application\/ld+json\" class=\"yoast-schema-graph\">{\"@context\":\"https:\/\/schema.org\",\"@graph\":[{\"@type\":\"WebPage\",\"@id\":\"https:\/\/arribaair.com\/terms-of-service\/\",\"url\":\"https:\/\/arribaair.com\/terms-of-service\/\",\"name\":\"Terms of Service | Arriba Air\",\"isPartOf\":{\"@id\":\"https:\/\/arribaair.com\/#website\"},\"primaryImageOfPage\":{\"@id\":\"https:\/\/arribaair.com\/terms-of-service\/#primaryimage\"},\"image\":{\"@id\":\"https:\/\/arribaair.com\/terms-of-service\/#primaryimage\"},\"thumbnailUrl\":\"https:\/\/arribaair.com\/wp-content\/uploads\/2025\/08\/favicon-arriba-air.png\",\"datePublished\":\"2025-06-16T11:47:48+00:00\",\"dateModified\":\"2025-09-19T01:13:04+00:00\",\"description\":\"Read Arribar Air's Terms of Service. Learn about the rules, licenses, limitations, and conditions governing the use of our private jet charter website.\",\"breadcrumb\":{\"@id\":\"https:\/\/arribaair.com\/terms-of-service\/#breadcrumb\"},\"inLanguage\":\"de\",\"potentialAction\":[{\"@type\":\"ReadAction\",\"target\":[\"https:\/\/arribaair.com\/terms-of-service\/\"]}]},{\"@type\":\"ImageObject\",\"inLanguage\":\"de\",\"@id\":\"https:\/\/arribaair.com\/terms-of-service\/#primaryimage\",\"url\":\"https:\/\/arribaair.com\/wp-content\/uploads\/2025\/08\/favicon-arriba-air.png\",\"contentUrl\":\"https:\/\/arribaair.com\/wp-content\/uploads\/2025\/08\/favicon-arriba-air.png\",\"width\":512,\"height\":512},{\"@type\":\"BreadcrumbList\",\"@id\":\"https:\/\/arribaair.com\/terms-of-service\/#breadcrumb\",\"itemListElement\":[{\"@type\":\"ListItem\",\"position\":1,\"name\":\"Home\",\"item\":\"https:\/\/arribaair.com\/\"},{\"@type\":\"ListItem\",\"position\":2,\"name\":\"Terms of Service\"}]},{\"@type\":\"WebSite\",\"@id\":\"https:\/\/arribaair.com\/#website\",\"url\":\"https:\/\/arribaair.com\/\",\"name\":\"Arriba Air\",\"description\":\"Private Jet Expert\",\"publisher\":{\"@id\":\"https:\/\/arribaair.com\/#organization\"},\"potentialAction\":[{\"@type\":\"SearchAction\",\"target\":{\"@type\":\"EntryPoint\",\"urlTemplate\":\"https:\/\/arribaair.com\/?s={search_term_string}\"},\"query-input\":{\"@type\":\"PropertyValueSpecification\",\"valueRequired\":true,\"valueName\":\"search_term_string\"}}],\"inLanguage\":\"de\"},{\"@type\":\"Organization\",\"@id\":\"https:\/\/arribaair.com\/#organization\",\"name\":\"Arriba Air\",\"url\":\"https:\/\/arribaair.com\/\",\"logo\":{\"@type\":\"ImageObject\",\"inLanguage\":\"de\",\"@id\":\"https:\/\/arribaair.com\/#\/schema\/logo\/image\/\",\"url\":\"https:\/\/arribaair.com\/wp-content\/uploads\/2025\/08\/logo-arriba-air.png\",\"contentUrl\":\"https:\/\/arribaair.com\/wp-content\/uploads\/2025\/08\/logo-arriba-air.png\",\"width\":1279,\"height\":327,\"caption\":\"Arriba Air\"},\"image\":{\"@id\":\"https:\/\/arribaair.com\/#\/schema\/logo\/image\/\"}}]}<\/script>\n<!-- \/ Yoast SEO plugin. -->","yoast_head_json":{"title":"Terms of Service | Arriba Air","description":"Read Arribar Air's Terms of Service. Learn about the rules, licenses, limitations, and conditions governing the use of our private jet charter website.","robots":{"index":"index","follow":"follow","max-snippet":"max-snippet:-1","max-image-preview":"max-image-preview:large","max-video-preview":"max-video-preview:-1"},"canonical":"https:\/\/arribaair.com\/de\/terms-of-service\/","og_locale":"de_DE","og_type":"article","og_title":"Terms of Service | Arriba Air","og_description":"Read Arribar Air's Terms of Service. Learn about the rules, licenses, limitations, and conditions governing the use of our private jet charter website.","og_url":"https:\/\/arribaair.com\/de\/terms-of-service\/","og_site_name":"Arriba Air","article_modified_time":"2025-09-19T01:13:04+00:00","og_image":[{"width":512,"height":512,"url":"https:\/\/arribaair.com\/wp-content\/uploads\/2025\/08\/favicon-arriba-air.png","type":"image\/png"}],"twitter_card":"summary_large_image","twitter_misc":{"Gesch\u00e4tzte Lesezeit":"4\u00a0Minuten"},"schema":{"@context":"https:\/\/schema.org","@graph":[{"@type":"WebPage","@id":"https:\/\/arribaair.com\/terms-of-service\/","url":"https:\/\/arribaair.com\/terms-of-service\/","name":"Terms of Service | Arriba Air","isPartOf":{"@id":"https:\/\/arribaair.com\/#website"},"primaryImageOfPage":{"@id":"https:\/\/arribaair.com\/terms-of-service\/#primaryimage"},"image":{"@id":"https:\/\/arribaair.com\/terms-of-service\/#primaryimage"},"thumbnailUrl":"https:\/\/arribaair.com\/wp-content\/uploads\/2025\/08\/favicon-arriba-air.png","datePublished":"2025-06-16T11:47:48+00:00","dateModified":"2025-09-19T01:13:04+00:00","description":"Read Arribar Air's Terms of Service. Learn about the rules, licenses, limitations, and conditions governing the use of our private jet charter website.","breadcrumb":{"@id":"https:\/\/arribaair.com\/terms-of-service\/#breadcrumb"},"inLanguage":"de","potentialAction":[{"@type":"ReadAction","target":["https:\/\/arribaair.com\/terms-of-service\/"]}]},{"@type":"ImageObject","inLanguage":"de","@id":"https:\/\/arribaair.com\/terms-of-service\/#primaryimage","url":"https:\/\/arribaair.com\/wp-content\/uploads\/2025\/08\/favicon-arriba-air.png","contentUrl":"https:\/\/arribaair.com\/wp-content\/uploads\/2025\/08\/favicon-arriba-air.png","width":512,"height":512},{"@type":"BreadcrumbList","@id":"https:\/\/arribaair.com\/terms-of-service\/#breadcrumb","itemListElement":[{"@type":"ListItem","position":1,"name":"Home","item":"https:\/\/arribaair.com\/"},{"@type":"ListItem","position":2,"name":"Terms of Service"}]},{"@type":"WebSite","@id":"https:\/\/arribaair.com\/#website","url":"https:\/\/arribaair.com\/","name":"Arriba Luft","description":"Private Jet Expert","publisher":{"@id":"https:\/\/arribaair.com\/#organization"},"potentialAction":[{"@type":"SearchAction","target":{"@type":"EntryPoint","urlTemplate":"https:\/\/arribaair.com\/?s={search_term_string}"},"query-input":{"@type":"PropertyValueSpecification","valueRequired":true,"valueName":"search_term_string"}}],"inLanguage":"de"},{"@type":"Organization","@id":"https:\/\/arribaair.com\/#organization","name":"Arriba Luft","url":"https:\/\/arribaair.com\/","logo":{"@type":"ImageObject","inLanguage":"de","@id":"https:\/\/arribaair.com\/#\/schema\/logo\/image\/","url":"https:\/\/arribaair.com\/wp-content\/uploads\/2025\/08\/logo-arriba-air.png","contentUrl":"https:\/\/arribaair.com\/wp-content\/uploads\/2025\/08\/logo-arriba-air.png","width":1279,"height":327,"caption":"Arriba Air"},"image":{"@id":"https:\/\/arribaair.com\/#\/schema\/logo\/image\/"}}]}},"_links":{"self":[{"href":"https:\/\/arribaair.com\/de\/wp-json\/wp\/v2\/pages\/47","targetHints":{"allow":["GET"]}}],"collection":[{"href":"https:\/\/arribaair.com\/de\/wp-json\/wp\/v2\/pages"}],"about":[{"href":"https:\/\/arribaair.com\/de\/wp-json\/wp\/v2\/types\/page"}],"author":[{"embeddable":true,"href":"https:\/\/arribaair.com\/de\/wp-json\/wp\/v2\/users\/1"}],"replies":[{"embeddable":true,"href":"https:\/\/arribaair.com\/de\/wp-json\/wp\/v2\/comments?post=47"}],"version-history":[{"count":24,"href":"https:\/\/arribaair.com\/de\/wp-json\/wp\/v2\/pages\/47\/revisions"}],"predecessor-version":[{"id":1105,"href":"https:\/\/arribaair.com\/de\/wp-json\/wp\/v2\/pages\/47\/revisions\/1105"}],"wp:featuredmedia":[{"embeddable":true,"href":"https:\/\/arribaair.com\/de\/wp-json\/wp\/v2\/media\/238"}],"wp:attachment":[{"href":"https:\/\/arribaair.com\/de\/wp-json\/wp\/v2\/media?parent=47"}],"curies":[{"name":"wp","href":"https:\/\/api.w.org\/{rel}","templated":true}]}}