{"id":3,"date":"2025-04-01T13:10:01","date_gmt":"2025-04-01T13:10:01","guid":{"rendered":"https:\/\/arribaair.com\/?page_id=3"},"modified":"2025-09-18T22:13:45","modified_gmt":"2025-09-19T01:13:45","slug":"privacy-policy","status":"publish","type":"page","link":"https:\/\/arribaair.com\/de\/privacy-policy\/","title":{"rendered":"Datenschutzerkl\u00e4rung"},"content":{"rendered":"<div data-elementor-type=\"wp-page\" data-elementor-id=\"3\" class=\"elementor elementor-3\" data-elementor-post-type=\"page\">\n\t\t\t\t<div class=\"elementor-element elementor-element-57233c2 e-flex e-con-boxed e-con e-parent\" data-id=\"57233c2\" data-element_type=\"container\" data-settings=\"{&quot;background_background&quot;:&quot;classic&quot;,&quot;background_motion_fx_motion_fx_scrolling&quot;:&quot;yes&quot;,&quot;background_motion_fx_scale_effect&quot;:&quot;yes&quot;,&quot;background_motion_fx_scale_direction&quot;:&quot;out-in&quot;,&quot;background_motion_fx_scale_speed&quot;:{&quot;unit&quot;:&quot;px&quot;,&quot;size&quot;:4,&quot;sizes&quot;:[]},&quot;background_motion_fx_scale_range&quot;:{&quot;unit&quot;:&quot;%&quot;,&quot;size&quot;:&quot;&quot;,&quot;sizes&quot;:{&quot;start&quot;:20,&quot;end&quot;:80}},&quot;background_motion_fx_devices&quot;:[&quot;widescreen&quot;,&quot;desktop&quot;,&quot;laptop&quot;,&quot;tablet_extra&quot;,&quot;tablet&quot;,&quot;mobile_extra&quot;,&quot;mobile&quot;]}\">\n\t\t\t\t\t<div class=\"e-con-inner\">\n\t\t\t\t<div class=\"elementor-element elementor-element-8b04dcc elementor-align-center elementor-widget elementor-widget-breadcrumbs\" data-id=\"8b04dcc\" data-element_type=\"widget\" data-widget_type=\"breadcrumbs.default\">\n\t\t\t\t\t<nav id=\"breadcrumbs\"><span><span><a href=\"https:\/\/arribaair.com\/de\/\">Home<\/a><\/span><\/span><\/nav>\t\t\t\t<\/div>\n\t\t\t\t\t<\/div>\n\t\t\t\t<\/div>\n\t\t<div class=\"elementor-element elementor-element-b21cf15 e-flex e-con-boxed e-con e-parent\" data-id=\"b21cf15\" data-element_type=\"container\">\n\t\t\t\t\t<div class=\"e-con-inner\">\n\t\t\t\t<div class=\"elementor-element elementor-element-4822fb2 elementor-widget elementor-widget-text-editor\" data-id=\"4822fb2\" data-element_type=\"widget\" data-widget_type=\"text-editor.default\">\n\t\t\t\t\t\t\t\t\t<h1>Datenschutzerkl\u00e4rung<\/h1>\n<p>Letzte Aktualisierung: August 29, 2025<\/p>\n\n<p>Ihre Privatsph\u00e4re ist uns wichtig. Es ist Arriba Luft \u2014 Private-Jet-Experten, Ihre Privatsph\u00e4re zu respektieren Bezug auf alle Informationen, die wir von Ihnen \u00fcber unsere website, <a href=\"https:\/\/arribaair.com\/de\/\">https:\/\/www.arribaair.com\/<\/a>und anderen Websites, die wir besitzen und betreiben.<\/p>\n\n<h2>1. Informationen, die Wir Sammeln und Wie Wir Sie Verwenden<\/h2>\n<p>Wir Fragen nur nach pers\u00f6nlichen Informationen, wenn wir es wirklich brauchen, um eine service zu Sie. Wir sammeln Sie auf faire und Legale Art und Weise, mit Ihrem wissen und Ihrer Zustimmung. Wir lassen Sie wissen, warum wir sammeln und wie Sie verwendet werden.<\/p>\n\n<h2>2. Datenspeicherung und-Schutz<\/h2>\n<p>Wir speichern lediglich gesammelten Informationen so lange wie n\u00f6tig, um Sie mit den angeforderten service. Welche Daten wir speichern, wir werden sch\u00fctzen in wirtschaftlich vertretbaren Mitteln zu verhindern Verlust und Diebstahl sowie unbefugten Zugriff, Offenlegung, kopieren, Verwendung oder \u00e4nderung.<\/p>\n\n<h2>3. Austausch von Informationen<\/h2>\n<p>Wir teilen nicht alle personenbezogenen Daten \u00f6ffentlich oder mit Dritten, au\u00dfer wenn gesetzlich vorgeschrieben.<\/p>\n\n<h2>4. Externe Websites<\/h2>\n<p>Unsere website kann Links auf externe Websites, die nicht von uns betrieben werden. Bitte beachten Sie, dass wir haben keine Kontrolle \u00fcber den Inhalt und die Praktiken dieser Websites und \u00fcbernehmen keine Verantwortung oder Haftung f\u00fcr Ihre jeweiligen Datenschutzrichtlinien.<\/p>\n\n<h2>5. Ihre Rechte und Wahlm\u00f6glichkeiten<\/h2>\n<p>Sie sind frei, zu verweigern, den Antrag f\u00fcr Ihre pers\u00f6nliche Informationen, mit dem Verst\u00e4ndnis, dass wir m\u00f6glicherweise nicht in der Lage, Ihnen einige Ihrer gew\u00fcnschten Dienstleistungen.<\/p>\n<p>Ihre fortgesetzte Nutzung unserer website gilt als Akzeptanz unserer Praktiken rund um Privatsph\u00e4re und der pers\u00f6nlichen Daten. Wenn Sie irgendwelche Fragen haben \u00fcber wie wir mit Benutzerdaten und pers\u00f6nlichen Informationen, f\u00fchlen sich frei, uns zu Kontaktieren.<\/p>\n\n<h2>6. Datenschutz und Compliance<\/h2>\n<p>Arriba Air verpflichtet sich zur Einhaltung der weltweiten Schutz der Daten und die Datenschutzbestimmungen. Dies beinhaltet, ist jedoch nicht beschr\u00e4nkt auf:<\/p>\n\n<h3>GDPR (General Data Protection Regulation \u2013 European Union)<\/h3>\n<p>Wir respektieren die Rechte von EU-Nutzern in Bezug auf Genehmigung, Zugriff, Berichtigung, \u00fcbertragbarkeit und L\u00f6schung Ihrer personenbezogenen Daten.<\/p>\n\n<h3>LGPD (Lei Geral de Prote\u00e7\u00e3o de Dados \u2013 Brasilien)<\/h3>\n<p>Wir Folgen den Prinzipien der Transparenz, der Zweckbindung, Erforderlichkeit und Rechenschaftspflicht f\u00fcr den Umgang mit personenbezogenen Daten der Brasilianische Benutzer.<\/p>\n\n<h3>CCPA (California Consumer Privacy Act \u2013 USA)<\/h3>\n<p>Wir gew\u00e4hrleisten Einwohner von Kalifornien haben das Recht zu erfahren, welche Daten gesammelt werden, die L\u00f6schung und opt-out-Daten zu teilen.<\/p>\n\n<p>Bei Einhaltung dieser Rahmenbedingungen, Arriba Luft gew\u00e4hrleistet, dass Ihre pers\u00f6nlichen Daten umgegangen wird, mit den h\u00f6chsten standards der Privatsph\u00e4re, Transparenz, und Sicherheit weltweit.<\/p>\n\n<h2>7. Cookie-Richtlinie<\/h2>\n\n<h3>Was Sind Cookies?<\/h3>\n<p>Wie \u00fcblich bei fast allen professionellen websites diese Seite benutzt cookies, das sind kleine Dateien, die auf Ihren computer heruntergeladen werden, um Ihre Erfahrung zu verbessern. Diese Seite beschreibt, welche Informationen Sie sammeln, wie wir Sie nutzen und warum wir Sie manchmal brauchen, um zu speichern diese cookies. Wir teilen auch, wie Sie verhindern k\u00f6nnen, dass diese cookies gespeichert werden, jedoch kann dies ein downgrade oder 'brechen' bestimmte Elemente der Websites Funktionalit\u00e4t.<\/p>\n\n<h3>Wie Verwenden Wir Die Cookies<\/h3>\n<p>Wir verwenden cookies f\u00fcr eine Vielzahl von Gr\u00fcnden unten detailliert beschrieben. Leider ist dies in den meisten F\u00e4llen keine Industriestandard-Optionen zum deaktivieren von cookies, ohne Sie komplett zu deaktivieren, die Funktionalit\u00e4t und Funktionen, die Sie hinzuf\u00fcgen zu dieser Website. Es wird empfohlen, dass Sie auf alle cookies abgelehnt werden, wenn Sie nicht sicher sind, ob Sie Sie ben\u00f6tigen oder nicht, falls Sie verwendet werden, um einen Dienst bereitzustellen, den Sie verwenden.<\/p>\n\n<h3>Deaktivieren Von Cookies<\/h3>\n<p>Sie k\u00f6nnen verhindern, dass die Einstellung der cookies durch eine entsprechende Einstellung Ihrer browser Software verhindern (siehe Ihren browser Help for how to do this). Beachten Sie, dass das deaktivieren von cookies beeintr\u00e4chtigt die Funktionalit\u00e4t dieser und vieler anderer websites, die Sie besuchen. Deaktivieren von cookies f\u00fchrt in der Regel auch deaktivieren bestimmter Funktionen und Merkmale dieser Website. Es wird daher empfohlen, Sie nicht, deaktivieren Sie cookies.<\/p>\n\n<h3>Die Cookies, Die Wir Setzen &amp; Third Party-Cookies<\/h3>\n<p>In einigen speziellen F\u00e4llen verwenden wir auch cookies, die zur Verf\u00fcgung gestellt von vertrauensw\u00fcrdigen Dritten. Im folgenden Abschnitt werden die cookies von Drittanbietern, die Sie sto\u00dfen, \u00fcber diese Website.<\/p>\n\n<h2>8. Verantwortlichkeiten des Benutzers<\/h2>\n<p>Der Benutzer verpflichtet sich, die Verantwortung f\u00fcr eine angemessene Verwendung der Inhalte und Informationen auf der Website angeboten mit ausdr\u00fcckende, aber nicht imitierendes Verhalten:<\/p>\n<p>A) Nicht zu engagieren in Aktivit\u00e4ten, die illegal sind oder gegen den guten glauben und die \u00f6ffentliche Ordnung;<\/p>\n<p>B) Nicht zu verbreiten propaganda oder Inhalte, die rassistisch, fremdenfeindlich oder Gl\u00fccksspiel Art, jegliche Art von illegaler Pornographie, terroristischer Forderungen oder die gegen die Menschenrechte versto\u00dfen;<\/p>\n<p>C) nicht zu Sch\u00e4den an physischen Systemen (hardware) und unerreichbar (software) von Arribar Luft \u2014 Private-Jet-Experten, deren Lieferanten oder Dritten, zur Einf\u00fchrung oder Verbreitung von Computerviren oder anderen hardware-oder software-Systeme, die f\u00e4hig sind, Schaden verursacht, die zuvor erw\u00e4hnt.<\/p>\n\n<h2>9. Weitere Informationen<\/h2>\n<p>Hoffentlich hat klargestellt, dass die Dinge f\u00fcr Sie und wie zuvor erw\u00e4hnt, wenn es etwas gibt, das Sie nicht sicher sind, ob Sie brauchen oder nicht, ist es normalerweise sicherer, cookies aktiviert lassen, wenn er noch interagieren Sie mit einer der Funktionen, die Sie verwenden auf unsere Website.<\/p>\n\n<p>F\u00fcr Fragen zu unseren Datenschutzrichtlinien haben, Kontaktieren Sie uns bitte.<\/p>\t\t\t\t\t\t\t\t<\/div>\n\t\t\t\t\t<\/div>\n\t\t\t\t<\/div>\n\t\t\t\t<\/div>","protected":false},"excerpt":{"rendered":"<p>This Privacy Policy page for Arriba Air \u2014 Private Jet Expert outlines the company&#8217;s commitment to user privacy and data security. It details what information is collected, how it is used, stored, and protected. The policy explicitly states the company&#8217;s compliance with major international regulations like GDPR, LGPD, and CCPA. It also includes a comprehensive Cookie Policy explaining the use of cookies on the site and user responsibilities. The document is designed to be transparent, assuring users that their personal data is handled with the utmost care and in accordance with global legal standards.<\/p>","protected":false},"author":1,"featured_media":238,"parent":0,"menu_order":0,"comment_status":"closed","ping_status":"closed","template":"elementor_header_footer","meta":{"_joinchat":[],"footnotes":""},"class_list":["post-3","page","type-page","status-publish","has-post-thumbnail","hentry"],"yoast_head":"<!-- This site is optimized with the Yoast SEO plugin v26.5 - https:\/\/yoast.com\/wordpress\/plugins\/seo\/ -->\n<title>Privacy Policy | Arriba Air - Private Jet Expert<\/title>\n<meta name=\"description\" content=\"Read Arriba Air&#039;s Privacy Policy. Learn how we collect, use, and protect your data in compliance with GDPR, LGPD, and CCPA. Your privacy is our priority.\" \/>\n<meta name=\"robots\" content=\"index, follow, max-snippet:-1, max-image-preview:large, max-video-preview:-1\" \/>\n<link rel=\"canonical\" href=\"https:\/\/arribaair.com\/de\/privacy-policy\/\" \/>\n<meta property=\"og:locale\" content=\"de_DE\" \/>\n<meta property=\"og:type\" content=\"article\" \/>\n<meta property=\"og:title\" content=\"Privacy Policy | Arriba Air - Private Jet Expert\" \/>\n<meta property=\"og:description\" content=\"Read Arriba Air&#039;s Privacy Policy. Learn how we collect, use, and protect your data in compliance with GDPR, LGPD, and CCPA. Your privacy is our priority.\" \/>\n<meta property=\"og:url\" content=\"https:\/\/arribaair.com\/de\/privacy-policy\/\" \/>\n<meta property=\"og:site_name\" content=\"Arriba Air\" \/>\n<meta property=\"article:modified_time\" content=\"2025-09-19T01:13:45+00:00\" \/>\n<meta property=\"og:image\" content=\"https:\/\/arribaair.com\/wp-content\/uploads\/2025\/08\/favicon-arriba-air.png\" \/>\n\t<meta property=\"og:image:width\" content=\"512\" \/>\n\t<meta property=\"og:image:height\" content=\"512\" \/>\n\t<meta property=\"og:image:type\" content=\"image\/png\" \/>\n<meta name=\"twitter:card\" content=\"summary_large_image\" \/>\n<meta name=\"twitter:label1\" content=\"Gesch\u00e4tzte Lesezeit\" \/>\n\t<meta name=\"twitter:data1\" content=\"5\u00a0Minuten\" \/>\n<script type=\"application\/ld+json\" class=\"yoast-schema-graph\">{\"@context\":\"https:\/\/schema.org\",\"@graph\":[{\"@type\":\"WebPage\",\"@id\":\"https:\/\/arribaair.com\/privacy-policy\/\",\"url\":\"https:\/\/arribaair.com\/privacy-policy\/\",\"name\":\"Privacy Policy | Arriba Air - Private Jet Expert\",\"isPartOf\":{\"@id\":\"https:\/\/arribaair.com\/#website\"},\"primaryImageOfPage\":{\"@id\":\"https:\/\/arribaair.com\/privacy-policy\/#primaryimage\"},\"image\":{\"@id\":\"https:\/\/arribaair.com\/privacy-policy\/#primaryimage\"},\"thumbnailUrl\":\"https:\/\/arribaair.com\/wp-content\/uploads\/2025\/08\/favicon-arriba-air.png\",\"datePublished\":\"2025-04-01T13:10:01+00:00\",\"dateModified\":\"2025-09-19T01:13:45+00:00\",\"description\":\"Read Arriba Air's Privacy Policy. Learn how we collect, use, and protect your data in compliance with GDPR, LGPD, and CCPA. Your privacy is our priority.\",\"breadcrumb\":{\"@id\":\"https:\/\/arribaair.com\/privacy-policy\/#breadcrumb\"},\"inLanguage\":\"de\",\"potentialAction\":[{\"@type\":\"ReadAction\",\"target\":[\"https:\/\/arribaair.com\/privacy-policy\/\"]}]},{\"@type\":\"ImageObject\",\"inLanguage\":\"de\",\"@id\":\"https:\/\/arribaair.com\/privacy-policy\/#primaryimage\",\"url\":\"https:\/\/arribaair.com\/wp-content\/uploads\/2025\/08\/favicon-arriba-air.png\",\"contentUrl\":\"https:\/\/arribaair.com\/wp-content\/uploads\/2025\/08\/favicon-arriba-air.png\",\"width\":512,\"height\":512},{\"@type\":\"BreadcrumbList\",\"@id\":\"https:\/\/arribaair.com\/privacy-policy\/#breadcrumb\",\"itemListElement\":[{\"@type\":\"ListItem\",\"position\":1,\"name\":\"Home\",\"item\":\"https:\/\/arribaair.com\/\"},{\"@type\":\"ListItem\",\"position\":2,\"name\":\"Privacy Policy\"}]},{\"@type\":\"WebSite\",\"@id\":\"https:\/\/arribaair.com\/#website\",\"url\":\"https:\/\/arribaair.com\/\",\"name\":\"Arriba Air\",\"description\":\"Private Jet Expert\",\"publisher\":{\"@id\":\"https:\/\/arribaair.com\/#organization\"},\"potentialAction\":[{\"@type\":\"SearchAction\",\"target\":{\"@type\":\"EntryPoint\",\"urlTemplate\":\"https:\/\/arribaair.com\/?s={search_term_string}\"},\"query-input\":{\"@type\":\"PropertyValueSpecification\",\"valueRequired\":true,\"valueName\":\"search_term_string\"}}],\"inLanguage\":\"de\"},{\"@type\":\"Organization\",\"@id\":\"https:\/\/arribaair.com\/#organization\",\"name\":\"Arriba Air\",\"url\":\"https:\/\/arribaair.com\/\",\"logo\":{\"@type\":\"ImageObject\",\"inLanguage\":\"de\",\"@id\":\"https:\/\/arribaair.com\/#\/schema\/logo\/image\/\",\"url\":\"https:\/\/arribaair.com\/wp-content\/uploads\/2025\/08\/logo-arriba-air.png\",\"contentUrl\":\"https:\/\/arribaair.com\/wp-content\/uploads\/2025\/08\/logo-arriba-air.png\",\"width\":1279,\"height\":327,\"caption\":\"Arriba Air\"},\"image\":{\"@id\":\"https:\/\/arribaair.com\/#\/schema\/logo\/image\/\"}}]}<\/script>\n<!-- \/ Yoast SEO plugin. -->","yoast_head_json":{"title":"Privacy Policy | Arriba Air - Private Jet Expert","description":"Read Arriba Air's Privacy Policy. Learn how we collect, use, and protect your data in compliance with GDPR, LGPD, and CCPA. Your privacy is our priority.","robots":{"index":"index","follow":"follow","max-snippet":"max-snippet:-1","max-image-preview":"max-image-preview:large","max-video-preview":"max-video-preview:-1"},"canonical":"https:\/\/arribaair.com\/de\/privacy-policy\/","og_locale":"de_DE","og_type":"article","og_title":"Privacy Policy | Arriba Air - Private Jet Expert","og_description":"Read Arriba Air's Privacy Policy. Learn how we collect, use, and protect your data in compliance with GDPR, LGPD, and CCPA. Your privacy is our priority.","og_url":"https:\/\/arribaair.com\/de\/privacy-policy\/","og_site_name":"Arriba Air","article_modified_time":"2025-09-19T01:13:45+00:00","og_image":[{"width":512,"height":512,"url":"https:\/\/arribaair.com\/wp-content\/uploads\/2025\/08\/favicon-arriba-air.png","type":"image\/png"}],"twitter_card":"summary_large_image","twitter_misc":{"Gesch\u00e4tzte Lesezeit":"5\u00a0Minuten"},"schema":{"@context":"https:\/\/schema.org","@graph":[{"@type":"WebPage","@id":"https:\/\/arribaair.com\/privacy-policy\/","url":"https:\/\/arribaair.com\/privacy-policy\/","name":"Privacy Policy | Arriba Air - Private Jet Expert","isPartOf":{"@id":"https:\/\/arribaair.com\/#website"},"primaryImageOfPage":{"@id":"https:\/\/arribaair.com\/privacy-policy\/#primaryimage"},"image":{"@id":"https:\/\/arribaair.com\/privacy-policy\/#primaryimage"},"thumbnailUrl":"https:\/\/arribaair.com\/wp-content\/uploads\/2025\/08\/favicon-arriba-air.png","datePublished":"2025-04-01T13:10:01+00:00","dateModified":"2025-09-19T01:13:45+00:00","description":"Read Arriba Air's Privacy Policy. Learn how we collect, use, and protect your data in compliance with GDPR, LGPD, and CCPA. Your privacy is our priority.","breadcrumb":{"@id":"https:\/\/arribaair.com\/privacy-policy\/#breadcrumb"},"inLanguage":"de","potentialAction":[{"@type":"ReadAction","target":["https:\/\/arribaair.com\/privacy-policy\/"]}]},{"@type":"ImageObject","inLanguage":"de","@id":"https:\/\/arribaair.com\/privacy-policy\/#primaryimage","url":"https:\/\/arribaair.com\/wp-content\/uploads\/2025\/08\/favicon-arriba-air.png","contentUrl":"https:\/\/arribaair.com\/wp-content\/uploads\/2025\/08\/favicon-arriba-air.png","width":512,"height":512},{"@type":"BreadcrumbList","@id":"https:\/\/arribaair.com\/privacy-policy\/#breadcrumb","itemListElement":[{"@type":"ListItem","position":1,"name":"Home","item":"https:\/\/arribaair.com\/"},{"@type":"ListItem","position":2,"name":"Privacy Policy"}]},{"@type":"WebSite","@id":"https:\/\/arribaair.com\/#website","url":"https:\/\/arribaair.com\/","name":"Arriba Luft","description":"Private Jet Expert","publisher":{"@id":"https:\/\/arribaair.com\/#organization"},"potentialAction":[{"@type":"SearchAction","target":{"@type":"EntryPoint","urlTemplate":"https:\/\/arribaair.com\/?s={search_term_string}"},"query-input":{"@type":"PropertyValueSpecification","valueRequired":true,"valueName":"search_term_string"}}],"inLanguage":"de"},{"@type":"Organization","@id":"https:\/\/arribaair.com\/#organization","name":"Arriba Luft","url":"https:\/\/arribaair.com\/","logo":{"@type":"ImageObject","inLanguage":"de","@id":"https:\/\/arribaair.com\/#\/schema\/logo\/image\/","url":"https:\/\/arribaair.com\/wp-content\/uploads\/2025\/08\/logo-arriba-air.png","contentUrl":"https:\/\/arribaair.com\/wp-content\/uploads\/2025\/08\/logo-arriba-air.png","width":1279,"height":327,"caption":"Arriba Air"},"image":{"@id":"https:\/\/arribaair.com\/#\/schema\/logo\/image\/"}}]}},"_links":{"self":[{"href":"https:\/\/arribaair.com\/de\/wp-json\/wp\/v2\/pages\/3","targetHints":{"allow":["GET"]}}],"collection":[{"href":"https:\/\/arribaair.com\/de\/wp-json\/wp\/v2\/pages"}],"about":[{"href":"https:\/\/arribaair.com\/de\/wp-json\/wp\/v2\/types\/page"}],"author":[{"embeddable":true,"href":"https:\/\/arribaair.com\/de\/wp-json\/wp\/v2\/users\/1"}],"replies":[{"embeddable":true,"href":"https:\/\/arribaair.com\/de\/wp-json\/wp\/v2\/comments?post=3"}],"version-history":[{"count":19,"href":"https:\/\/arribaair.com\/de\/wp-json\/wp\/v2\/pages\/3\/revisions"}],"predecessor-version":[{"id":1111,"href":"https:\/\/arribaair.com\/de\/wp-json\/wp\/v2\/pages\/3\/revisions\/1111"}],"wp:featuredmedia":[{"embeddable":true,"href":"https:\/\/arribaair.com\/de\/wp-json\/wp\/v2\/media\/238"}],"wp:attachment":[{"href":"https:\/\/arribaair.com\/de\/wp-json\/wp\/v2\/media?parent=3"}],"curies":[{"name":"wp","href":"https:\/\/api.w.org\/{rel}","templated":true}]}}